{"id":210,"date":"2018-12-19T11:10:46","date_gmt":"2018-12-19T11:10:46","guid":{"rendered":"https:\/\/www.interforce.dk\/?page_id=210"},"modified":"2026-04-07T13:16:54","modified_gmt":"2026-04-07T13:16:54","slug":"baggrund","status":"publish","type":"page","link":"https:\/\/www.interforce.dk\/kl\/baggrund\/","title":{"rendered":"Taaguutit"},"content":{"rendered":"<div class=\"block core-block core-block--paragraph\">\n      <div class=\"inner inner--small\">\n      \n<p>\u201cSakkutuut Piareersimasut\u201d, \u201cpiareersimasut\u201d, \u201cHjemmev\u00e6rnip piareersimasui\u201d, \u201cillersuisut\u201d i mikisoq,\n\u201cIllersuisut I angisooq\u201d il.il. \u2013 InterForcesip soqutigisaqarfiani taaguuterpassuit atorpavut. Uani Sakkutuut\nPiareersimasut pillugit taaguutit nassuiarluarneqarnerisigut ilisimasaqarfigilersinnaavatit \u2013 Danmarkip mattussusaanut\nqularnaveeqqusiisut.<\/p>\n\n      <\/div>\n  <\/div>\n<div class=\"block stheme-block stheme-block--accordion\">\n      <div class=\"inner inner--small\">\n      \n<div class=\"accordion spacing--default\"><button class=\"accordion__header collapsed\" id=\"heading_1551871095227\" data-bs-toggle=\"collapse\" data-bs-target=\"#collapse_1551871095227\" aria-expanded=\"true\" aria-controls=\"collapse_1551871095227\"><h5 class=\"accordion__title\">Sakkutuut piareersimasut<\/h5><span class=\"accordion__close\">+<\/span><\/button><div class=\"collapse\" id=\"collapse_1551871095227\" aria-labelledby=\"heading_1551871095227\" data-bs-parent=\"#heading_1551871095227\"><div class=\"accordion__body\"><div class=\"block core-block core-block--paragraph\">\n      \n<p>Sakkutuut Piareersimasut naqinnermik angisuumik aallaqqaaserlugu tassaapput piareersimasut Forsvarimi\nilinniarsimasut kiisalu Hjemmev\u00e6rnip nammineq kajummissusertik aallavigalugu peqataasui.<\/p>\n\n  <\/div>\n<\/div><\/div><\/div>\n\n      <\/div>\n  <\/div>\n<div class=\"block stheme-block stheme-block--accordion\">\n      <div class=\"inner inner--small\">\n      \n<div class=\"accordion spacing--default\"><button class=\"accordion__header collapsed\" id=\"heading_1551871227375\" data-bs-toggle=\"collapse\" data-bs-target=\"#collapse_1551871227375\" aria-expanded=\"true\" aria-controls=\"collapse_1551871227375\"><h5 class=\"accordion__title\">illersornissaq i-mik mikisumik aallartittoq<\/h5><span class=\"accordion__close\">+<\/span><\/button><div class=\"collapse\" id=\"collapse_1551871227375\" aria-labelledby=\"heading_1551871227375\" data-bs-parent=\"#heading_1551871227375\"><div class=\"accordion__body\"><div class=\"block core-block core-block--paragraph\">\n      \n<p>InterForce Newsip tunuani iluanilu \u201dforsvaret\u201d allakkaagatsigu, aqutsisoqarfiit Illersornissamut\nMinistereqarfiup naalakkersuisoqarfianiittut tamarmik pineqartarput. Tassa imaappoq, Illersornissamut\nMinistereqarfiup Sulisoqarnermut Aqutsisoqarfia, Illersornissamut Ministereqarfiup Atortunut\nPisiniartarnermullu Aqutsisoqarfia, Hjemmev\u00e6rni, Upalungaarsimanermut Aqutsisoqarfik,\nminnerunngitsumillu Forsvaret F-imik angisuumik aallartittoq (ataaniittoq takuuk. Forsvarip aaqqissugaanera\npillugu ministereqarfiup internetikkut nittartagaani uani (attavik) paasisaqarsinnaavutit. <a href=\"https:\/\/www.fmn.dk\/omos\/ministeromraade\/Pages\/forsvarsministeriet-ministeromraadet.aspx\">(attaveqaat)<\/a>.<\/p>\n\n  <\/div>\n<\/div><\/div><\/div>\n\n      <\/div>\n  <\/div>\n<div class=\"block stheme-block stheme-block--accordion\">\n      <div class=\"inner inner--small\">\n      \n<div class=\"accordion spacing--default\"><button class=\"accordion__header collapsed\" id=\"heading_1551871331125\" data-bs-toggle=\"collapse\" data-bs-target=\"#collapse_1551871331125\" aria-expanded=\"true\" aria-controls=\"collapse_1551871331125\"><h5 class=\"accordion__title\">Illersornissaqarfik I-mik angisuumik aallartittoq<\/h5><span class=\"accordion__close\">+<\/span><\/button><div class=\"collapse\" id=\"collapse_1551871331125\" aria-labelledby=\"heading_1551871331125\" data-bs-parent=\"#heading_1551871331125\"><div class=\"accordion__body\"><div class=\"block core-block core-block--paragraph\">\n      \n<p>N\u00e5r vi skriver Forsvaret med stort F omtaler vi alt det, der ligger under Forsvarschef, general Michael Hyldgaards omr\u00e5de. Det vil sige blandt andet H\u00e6rkommandoen, S\u00f8v\u00e6rnskommandoen, Flyverkommandoen og andre operative kommandoer &#8211; men ikke diverse styrelser og fx Hjemmev\u00e6rnet.<\/p>\n\n  <\/div>\n\n\n<div class=\"block core-block core-block--paragraph\">\n      \n<p>Forsvarimi atorfillit 14.700-t missaanniittut amerlanerpaartat ulluinnarni sakkutuutut uniformeqartarput.\nSakkutuuni sulisut akornanni suliat inissisimanerillu assigiinngitsorpassuupput, soorlu assersuutigalugu\nofficer, sergent aamma konstabel. Sakkutuut Nunamiittut, Sakkutuut Imarsiortut aamma Sakkutuut\nTimmisartortartut tamarmik Forsvarimut qitiusut assigiissuteqarlutillu assigiingissuteqaqaat. Forsvarimi\nsulisut 19.500-usunit 4.800 missaanniitut uniformeqanngillat. Forsvaret pillugu uani sukumiinerusumik\natuarsinnaavutit. <a href=\"https:\/\/www2.forsvaret.dk\/omos\/Pages\/om-os.aspx\">(attaveqaat)<\/a>.<\/p>\n\n  <\/div>\n<\/div><\/div><\/div>\n\n      <\/div>\n  <\/div>\n<div class=\"block stheme-block stheme-block--accordion\">\n      <div class=\"inner inner--small\">\n      \n<div class=\"accordion spacing--default\"><button class=\"accordion__header collapsed\" id=\"heading_1551879358932\" data-bs-toggle=\"collapse\" data-bs-target=\"#collapse_1551879358932\" aria-expanded=\"true\" aria-controls=\"collapse_1551879358932\"><h5 class=\"accordion__title\">Tamakkiisumik Illersuisut<\/h5><span class=\"accordion__close\">+<\/span><\/button><div class=\"collapse\" id=\"collapse_1551879358932\" aria-labelledby=\"heading_1551879358932\" data-bs-parent=\"#heading_1551879358932\"><div class=\"accordion__body\"><div class=\"block core-block core-block--paragraph\">\n      \n<p>Forsvarimi sakkutuujusussaatitaasut angerlartinneqannginnerminni qaammatini sisamaniit arfineq-\npingasunut sakkutuujusarput. Angerlartinneqareernerisa kingorna pinartoqarujussuarnerani\nsorsuttoqarneraniluunni ukiuni tallimani sakkutuujusussaatitaasut aggersarneqarsinnaapput.\n\nHjemmev\u00e6rnimi naalakkiisartut taakkuninnga aqutsisuupput, taakkulu Tamakkiisumik Illersuisunik\ntaaneqartarput. Ukiut tallimat qaangiukkaangata siusinnerusukkut sakkutuujusussaatitaasut Forsvarimut\nattaveqarnertik annaasarput, Hjemmev\u00e6rnimut nalunaanngikkunik imaluunniit sillimmatitut\nisumaqatigiissuteqanngikkaangamik. 2018-ip naalernerani Tamakkiisumik Illersuisut 6.000-it missaanniipput.<\/p>\n\n  <\/div>\n<\/div><\/div><\/div>\n\n      <\/div>\n  <\/div>\n<div class=\"block stheme-block stheme-block--accordion\">\n      <div class=\"inner inner--small\">\n      \n<div class=\"accordion spacing--default\"><button class=\"accordion__header collapsed\" id=\"heading_1551879689772\" data-bs-toggle=\"collapse\" data-bs-target=\"#collapse_1551879689772\" aria-expanded=\"true\" aria-controls=\"collapse_1551879689772\"><h5 class=\"accordion__title\">Hjemmev\u00e6rnimi nammineq kajumissusertik tunngavigalugu peqataasut<\/h5><span class=\"accordion__close\">+<\/span><\/button><div class=\"collapse\" id=\"collapse_1551879689772\" aria-labelledby=\"heading_1551879689772\" data-bs-parent=\"#heading_1551879689772\"><div class=\"accordion__body\"><div class=\"block core-block core-block--paragraph\">\n      \n<p>18-inik ukioqaraanni, timikkut nukittulluni pineqaatinneqarsimananilu, Hjemmev\u00e6rnimi nammineq\nkajumissuseq tunngavigalugu ilannguttoqarsinnaavoq. Ukiuni pingasuni siullerni ilinniagaq inatsisitigut\npiumasaqaataasoq ingerlanneqassaaq, tassani tunngavisumik sakkutuutut piginnaasat isummallu\ntunngaviusut ilinniarneqartarput. Kajumissuseq tunngavigalugu peqataasut 15.000-it missaanniittut\nakornanniittutut naatsorsuussaaniaraanni, ukiumut sivikinnerpaamik 24 tiimit sulisimassaaq. Piffissamik\npiumasaqaat tamanna naammassisinnaanngikkaanni, kisiannili suli Hjemmev\u00e6rnimut ilaarusulluni \u2013\nilaasortatut peqataaginnartutupajaaq \u2013 \u201dHjemmev\u00e6rnip sillimasui\u201d-nut ilanngunneqassaaq. Tamanna\n\u201dsillimasunut\u201d Forsvarimi ilinniarsimasunut sillimasunut kakkersuunneqassanngilaq.<\/p>\n\n  <\/div>\n<\/div><\/div><\/div>\n\n      <\/div>\n  <\/div>\n<div class=\"block stheme-block stheme-block--accordion\">\n      <div class=\"inner inner--small\">\n      \n<div class=\"accordion spacing--default\"><button class=\"accordion__header collapsed\" id=\"heading_1551883202382\" data-bs-toggle=\"collapse\" data-bs-target=\"#collapse_1551883202382\" aria-expanded=\"true\" aria-controls=\"collapse_1551883202382\"><h5 class=\"accordion__title\">Hjemmev\u00e6rnip sillimasui<\/h5><span class=\"accordion__close\">+<\/span><\/button><div class=\"collapse\" id=\"collapse_1551883202382\" aria-labelledby=\"heading_1551883202382\" data-bs-parent=\"#heading_1551883202382\"><div class=\"accordion__body\"><div class=\"block core-block core-block--paragraph\">\n      \n<p>Namminneq kajumissusertik tunngavigalugu Hjemmev\u00e6rnimi peqataasut arlaannik peqquteqartumik\nukiumut 24 tiimit atuunnissaminnut attuumassuteqartumik piumasaqaat naammassisinnaangikkunikku,\npeqataasutut inissisimanertik annaassavaat Hjemmev\u00e6rnillu piareersimasuinut nuullutik.\nKingusinnerusukkut Hjemmev\u00e6rnimi sakkutuutut inuuneq aallutissallugu piffissanngoqqippat, pineqartoq\npeqataaqqilersutut inissinneqarsinnaavoq. Hjemmev\u00e6rnimi piareersimasut 30.000-it missaanniipput.<\/p>\n\n  <\/div>\n<\/div><\/div><\/div>\n\n      <\/div>\n  <\/div>\n<div class=\"block stheme-block stheme-block--accordion\">\n      <div class=\"inner inner--small\">\n      \n<div class=\"accordion spacing--default\"><button class=\"accordion__header collapsed\" id=\"heading_1551883234319\" data-bs-toggle=\"collapse\" data-bs-target=\"#collapse_1551883234319\" aria-expanded=\"true\" aria-controls=\"collapse_1551883234319\"><h5 class=\"accordion__title\">Piareersimasut<\/h5><span class=\"accordion__close\">+<\/span><\/button><div class=\"collapse\" id=\"collapse_1551883234319\" aria-labelledby=\"heading_1551883234319\" data-bs-parent=\"#heading_1551883234319\"><div class=\"accordion__body\"><div class=\"block core-block core-block--paragraph\">\n      \n<p>Reserven er betegnelsen for personel af reserven, s\u00e5som officerer af reserven, sergenter af reserven og konstabler af reserven. F\u00e6llesn\u00e6vneren ved reservisterne er, at de 1) har en fuld milit\u00e6r uddannelse, 2) har en kontrakt og afl\u00f8nnes, n\u00e5r de er i uniform og 3) er tilknyttet en milit\u00e6r enhed, som de alt efter egen tid til r\u00e5dighed og enhedens behov st\u00f8tter ved at lade sig indkommandere (&#8220;indkommandering&#8221; er en milit\u00e6r betegnelse for en kortere periode som ansat). Det meste personel af reserven er tilknyttet enheder i Forsvaret, men cirka 400 officerer af reserven er tilknyttet Hjemmev\u00e6rnet, hvor de afl\u00f8nnes for deres arbejde, i mods\u00e6tning til de frivillige. Der er i alt cirka 2.900 reservister i Kongeriget pr. ultimo 2018.<\/p>\n\n  <\/div>\n<\/div><\/div><\/div>\n\n      <\/div>\n  <\/div>\n<div class=\"block stheme-block stheme-block--accordion\">\n      <div class=\"inner inner--small\">\n      \n<div class=\"accordion spacing--default\"><button class=\"accordion__header collapsed\" id=\"heading_1551885562573\" data-bs-toggle=\"collapse\" data-bs-target=\"#collapse_1551885562573\" aria-expanded=\"true\" aria-controls=\"collapse_1551885562573\"><h5 class=\"accordion__title\">Sakkutuusimasut aamma InterForce<\/h5><span class=\"accordion__close\">+<\/span><\/button><div class=\"collapse\" id=\"collapse_1551885562573\" aria-labelledby=\"heading_1551885562573\" data-bs-parent=\"#heading_1551885562573\"><div class=\"accordion__body\"><div class=\"block core-block core-block--paragraph\">\n      \n<p>InterForce pissusissamisuuginnartutut sakkutuujusimasunik pitsaasumik isiginnippoq, tassa taakku sulisut\nnunani tamalaani kiffartuussiniarlutik aallartitaareersimasut. InterForce qaammatit sisamakkaarlugit\nVeterancentret peqatigalugu attuumassuteqartunut ataatsimiisitsisarpoq tassanilu sakkutuujusimasut\nattaveqaataanni susoqarnersoq pillugu ilisimatitsisoqartarpoq. Taamaattorli InterForce tassaanngilaq\nsakkutuujusimasut kattuffiat taakkununnga uagut ilaasortatta akornanni attaveqartitsissanani. InterForcemi\nsiunertami paragrafi <a href=\"https:\/\/www.interforce.dk\/kl\/mission-og-vision\/\">attavik<\/a> piareersimasut sulisut aamma Hjemmev\u00e6rnip kajumissuseq naapertorlugu\n\nsulisuinut sullissisuuvoq, taamaattumik sakkutuujusimasut InterForcep soqutigisaqarfiata iluaniittut\ntassaapput piareersimasuniittut imaluunniit Hjemmev\u00e6rnemiittut. Sakkutuujusimasut inuussutissarsiortullu\nsuleqatigiinnerannut tunngatillugu Veterancenterimut innersuussivugut <a href=\"https:\/\/www.veterancentret.dk\/\">attaveqaat<\/a>.<\/p>\n\n  <\/div>\n<\/div><\/div><\/div>\n\n      <\/div>\n  <\/div>\n<div class=\"block stheme-block stheme-block--accordion\">\n      <div class=\"inner inner--small\">\n      \n<div class=\"accordion spacing--default\"><button class=\"accordion__header collapsed\" id=\"heading_1552578662104\" data-bs-toggle=\"collapse\" data-bs-target=\"#collapse_1552578662104\" aria-expanded=\"true\" aria-controls=\"collapse_1552578662104\"><h5 class=\"accordion__title\">Inuussutissarsiutinik ingerlatsisut<\/h5><span class=\"accordion__close\">+<\/span><\/button><div class=\"collapse\" id=\"collapse_1552578662104\" aria-labelledby=\"heading_1552578662104\" data-bs-parent=\"#heading_1552578662104\"><div class=\"accordion__body\"><div class=\"block core-block core-block--paragraph\">\n      \n<p class=\"translation-block\">Danskit oqaasersiorfiat naapertorlugu inuussutissarsiortut tassaapput \u201dnunap imaluunniit nunap immikkoortui\naalajangersimasut privaatimik (aamma pisortatigoortumik) suliffeqarfiutai ataatsimoortut\u201d.\nUani quppernermi \u201dinuussutissarsiortut\u201d aamma \u201dsuliffeqarfiit\u201d eqqartornerani pisagut taamaasillutik pisagut\naallavittut tassaapput privaatit aamma pisortat suliffeqarfiutaat.<\/p>\n\n  <\/div>\n<\/div><\/div><\/div>\n\n      <\/div>\n  <\/div>","protected":false},"excerpt":{"rendered":"&#8220;Reservestyrken&#8221;, &#8220;reserven&#8221;, &#8220;Hjemmev\u00e6rnets rese...","protected":false},"author":2,"featured_media":0,"parent":0,"menu_order":0,"comment_status":"closed","ping_status":"closed","template":"","meta":{"_acf_changed":false,"footnotes":""},"class_list":["post-210","page","type-page","status-publish","hentry"],"acf":[],"yoast_head":"<!-- This site is optimized with the Yoast SEO plugin v27.3 - https:\/\/yoast.com\/product\/yoast-seo-wordpress\/ -->\n<title>Begreber - InterForce<\/title>\n<meta name=\"robots\" content=\"index, follow, max-snippet:-1, max-image-preview:large, max-video-preview:-1\" \/>\n<link rel=\"canonical\" href=\"https:\/\/www.interforce.dk\/kl\/baggrund\/\" \/>\n<meta property=\"og:locale\" content=\"en_US\" \/>\n<meta property=\"og:type\" content=\"article\" \/>\n<meta property=\"og:title\" content=\"Begreber - InterForce\" \/>\n<meta property=\"og:description\" content=\"&#8220;Reservestyrken&#8221;, &#8220;reserven&#8221;, &#8220;Hjemmev\u00e6rnets reserve&#8221;, &#8220;forsvaret&#8221; med lille f, &#8220;Forsvaret&#8221; med stort F osv. &#8211; vi jonglerer mange begreber i InterForces interesseomr\u00e5de. Her kan du f\u00e5 indsigt i de finere nuancer af Reservestyrken &#8211; robustheden i Kongerigets sikkerhed.\" \/>\n<meta property=\"og:url\" content=\"https:\/\/www.interforce.dk\/kl\/baggrund\/\" \/>\n<meta property=\"og:site_name\" content=\"InterForce\" \/>\n<meta property=\"article:modified_time\" content=\"2026-04-07T13:16:54+00:00\" \/>\n<meta name=\"twitter:card\" content=\"summary_large_image\" \/>\n<meta name=\"twitter:label1\" content=\"Est. reading time\" \/>\n\t<meta name=\"twitter:data1\" content=\"4 minutes\" \/>\n<script type=\"application\/ld+json\" class=\"yoast-schema-graph\">{\"@context\":\"https:\\\/\\\/schema.org\",\"@graph\":[{\"@type\":\"WebPage\",\"@id\":\"https:\\\/\\\/www.interforce.dk\\\/baggrund\\\/\",\"url\":\"https:\\\/\\\/www.interforce.dk\\\/baggrund\\\/\",\"name\":\"Begreber - InterForce\",\"isPartOf\":{\"@id\":\"https:\\\/\\\/www.interforce.dk\\\/#website\"},\"datePublished\":\"2018-12-19T11:10:46+00:00\",\"dateModified\":\"2026-04-07T13:16:54+00:00\",\"breadcrumb\":{\"@id\":\"https:\\\/\\\/www.interforce.dk\\\/baggrund\\\/#breadcrumb\"},\"inLanguage\":\"kl-GL\",\"potentialAction\":[{\"@type\":\"ReadAction\",\"target\":[\"https:\\\/\\\/www.interforce.dk\\\/baggrund\\\/\"]}]},{\"@type\":\"BreadcrumbList\",\"@id\":\"https:\\\/\\\/www.interforce.dk\\\/baggrund\\\/#breadcrumb\",\"itemListElement\":[{\"@type\":\"ListItem\",\"position\":1,\"name\":\"Hjem\",\"item\":\"https:\\\/\\\/www.interforce.dk\\\/\"},{\"@type\":\"ListItem\",\"position\":2,\"name\":\"Begreber\"}]},{\"@type\":\"WebSite\",\"@id\":\"https:\\\/\\\/www.interforce.dk\\\/#website\",\"url\":\"https:\\\/\\\/www.interforce.dk\\\/\",\"name\":\"InterForce\",\"description\":\"\",\"potentialAction\":[{\"@type\":\"SearchAction\",\"target\":{\"@type\":\"EntryPoint\",\"urlTemplate\":\"https:\\\/\\\/www.interforce.dk\\\/?s={search_term_string}\"},\"query-input\":{\"@type\":\"PropertyValueSpecification\",\"valueRequired\":true,\"valueName\":\"search_term_string\"}}],\"inLanguage\":\"kl-GL\"}]}<\/script>\n<!-- \/ Yoast SEO plugin. -->","yoast_head_json":{"title":"Begreber - InterForce","robots":{"index":"index","follow":"follow","max-snippet":"max-snippet:-1","max-image-preview":"max-image-preview:large","max-video-preview":"max-video-preview:-1"},"canonical":"https:\/\/www.interforce.dk\/kl\/baggrund\/","og_locale":"en_US","og_type":"article","og_title":"Begreber - InterForce","og_description":"&#8220;Reservestyrken&#8221;, &#8220;reserven&#8221;, &#8220;Hjemmev\u00e6rnets reserve&#8221;, &#8220;forsvaret&#8221; med lille f, &#8220;Forsvaret&#8221; med stort F osv. &#8211; vi jonglerer mange begreber i InterForces interesseomr\u00e5de. Her kan du f\u00e5 indsigt i de finere nuancer af Reservestyrken &#8211; robustheden i Kongerigets sikkerhed.","og_url":"https:\/\/www.interforce.dk\/kl\/baggrund\/","og_site_name":"InterForce","article_modified_time":"2026-04-07T13:16:54+00:00","twitter_card":"summary_large_image","twitter_misc":{"Est. reading time":"4 minutes"},"schema":{"@context":"https:\/\/schema.org","@graph":[{"@type":"WebPage","@id":"https:\/\/www.interforce.dk\/baggrund\/","url":"https:\/\/www.interforce.dk\/baggrund\/","name":"Begreber - InterForce","isPartOf":{"@id":"https:\/\/www.interforce.dk\/#website"},"datePublished":"2018-12-19T11:10:46+00:00","dateModified":"2026-04-07T13:16:54+00:00","breadcrumb":{"@id":"https:\/\/www.interforce.dk\/baggrund\/#breadcrumb"},"inLanguage":"kl-GL","potentialAction":[{"@type":"ReadAction","target":["https:\/\/www.interforce.dk\/baggrund\/"]}]},{"@type":"BreadcrumbList","@id":"https:\/\/www.interforce.dk\/baggrund\/#breadcrumb","itemListElement":[{"@type":"ListItem","position":1,"name":"Hjem","item":"https:\/\/www.interforce.dk\/"},{"@type":"ListItem","position":2,"name":"Begreber"}]},{"@type":"WebSite","@id":"https:\/\/www.interforce.dk\/#website","url":"https:\/\/www.interforce.dk\/","name":"InterForce","description":"","potentialAction":[{"@type":"SearchAction","target":{"@type":"EntryPoint","urlTemplate":"https:\/\/www.interforce.dk\/?s={search_term_string}"},"query-input":{"@type":"PropertyValueSpecification","valueRequired":true,"valueName":"search_term_string"}}],"inLanguage":"kl-GL"}]}},"_links":{"self":[{"href":"https:\/\/www.interforce.dk\/kl\/wp-json\/wp\/v2\/pages\/210","targetHints":{"allow":["GET"]}}],"collection":[{"href":"https:\/\/www.interforce.dk\/kl\/wp-json\/wp\/v2\/pages"}],"about":[{"href":"https:\/\/www.interforce.dk\/kl\/wp-json\/wp\/v2\/types\/page"}],"author":[{"embeddable":true,"href":"https:\/\/www.interforce.dk\/kl\/wp-json\/wp\/v2\/users\/2"}],"replies":[{"embeddable":true,"href":"https:\/\/www.interforce.dk\/kl\/wp-json\/wp\/v2\/comments?post=210"}],"version-history":[{"count":4,"href":"https:\/\/www.interforce.dk\/kl\/wp-json\/wp\/v2\/pages\/210\/revisions"}],"predecessor-version":[{"id":18434,"href":"https:\/\/www.interforce.dk\/kl\/wp-json\/wp\/v2\/pages\/210\/revisions\/18434"}],"wp:attachment":[{"href":"https:\/\/www.interforce.dk\/kl\/wp-json\/wp\/v2\/media?parent=210"}],"curies":[{"name":"wp","href":"https:\/\/api.w.org\/{rel}","templated":true}]}}