{"id":17063,"date":"2025-01-29T08:24:33","date_gmt":"2025-01-29T08:24:33","guid":{"rendered":"https:\/\/www.interforce.dk\/?page_id=17063"},"modified":"2026-04-01T10:23:31","modified_gmt":"2026-04-01T10:23:31","slug":"medlems-eller-stoettevirksomhed","status":"publish","type":"page","link":"https:\/\/www.interforce.dk\/kl\/medlems-eller-stoettevirksomhed\/","title":{"rendered":"Suliffeqarfik ilaasortaq - imaluunniit tapersersuisoq"},"content":{"rendered":"<div class=\"block core-block core-block--paragraph\">\n      <div class=\"inner inner--small\">\n      \n<p>InterForce 2025 aallarnerfigalugu  ilaasortaanermut periarfissat marluk neqeroorutigilerpai: Suliffeqarfik ilaasortaq imaluunniit suliffeqarfik tapersersuisoq.<br><\/p>\n\n      <\/div>\n  <\/div>\n<div class=\"block core-block core-block--image\">\n      <div class=\"inner inner--small\">\n      \n<figure class=\"wp-block-image size-large\"><img loading=\"lazy\" decoding=\"async\" width=\"1024\" height=\"576\" src=\"https:\/\/www.interforce.dk\/app\/uploads\/2025\/01\/Carlsberg-x-InterForce-9-1024x576.jpg\" alt=\"\" class=\"wp-image-17065\" srcset=\"https:\/\/www.interforce.dk\/app\/uploads\/2025\/01\/Carlsberg-x-InterForce-9-1024x576.jpg 1024w, https:\/\/www.interforce.dk\/app\/uploads\/2025\/01\/Carlsberg-x-InterForce-9-300x169.jpg 300w, https:\/\/www.interforce.dk\/app\/uploads\/2025\/01\/Carlsberg-x-InterForce-9-768x432.jpg 768w, https:\/\/www.interforce.dk\/app\/uploads\/2025\/01\/Carlsberg-x-InterForce-9-1536x864.jpg 1536w, https:\/\/www.interforce.dk\/app\/uploads\/2025\/01\/Carlsberg-x-InterForce-9-2048x1152.jpg 2048w, https:\/\/www.interforce.dk\/app\/uploads\/2025\/01\/Carlsberg-x-InterForce-9-18x10.jpg 18w\" sizes=\"auto, (max-width: 1024px) 100vw, 1024px\" \/><\/figure>\n\n      <\/div>\n  <\/div>\n<div class=\"block core-block core-block--heading\">\n      <div class=\"inner inner--small\">\n      \n<h2 class=\"wp-block-heading\">Suliffeqarfittut ilaasortaaneq<\/h2>\n\n      <\/div>\n  <\/div>\n<div class=\"block core-block core-block--paragraph\">\n      <div class=\"inner inner--small\">\n      \n<p>Suliffeqarfittut ilaasortaasunut piumasaqaataavoq sulisuminnut, sakkutuutut sinniisuuppata, kajumissutsiminnik Hjemmev\u00e6rnet-imut, Upalungaarsimanermut Aqutsisoqarfimmut imaluunnit Kystredningstjenestemut sillimasuuppata, eqaatsumik periuseqartarnissaat.\n \nSulisut ilinniagaqarnissaminnut, sungiusarnissaminnut, suliartoqqusaariataarpata imaluunniit nunanut allanut suliaqariartortussatut aallartitaanissaannut noqqaappata eqaatsumik periuseqarnissaannut takutitsisassapput.&nbsp;<\/p>\n\n      <\/div>\n  <\/div>\n<div class=\"block core-block core-block--paragraph\">\n      <div class=\"inner inner--small\">\n      \n<p>Suliffeqarfiit ilaasortat inatsisitigut aningaasaqarnikkullu pituttungaanngillat.&nbsp;<\/p>\n\n      <\/div>\n  <\/div>\n<div class=\"block core-block core-block--paragraph\">\n      <div class=\"inner inner--small\">\n      \n<p class=\"translation-block\">Suliffeqarfiit 3.700-t sinnerlugit InterForcemut ilaasortaapput.  <a href=\"https:\/\/www.interforce.dk\/kl\/medlemsvirksomheder\/\" target=\"_blank\" rel=\"noreferrer noopener\">una toorlugu<\/a> ilaasortat allattorsimaffiat takuuk.<\/p>\n\n      <\/div>\n  <\/div>\n<div class=\"block core-block core-block--paragraph\">\n      <div class=\"inner inner--small\">\n      \n<p><a href=\"https:\/\/www.interforce.dk\/kl\/sign-up\/\" target=\"_blank\" rel=\"noreferrer noopener\">Klik her<\/a> \"Una toorlugu\" suliffeqarfittut ilaasortanngorit. Immersuiffissaq allattuiffigeriarukku ilaasortanngussaatit.<\/p>\n\n      <\/div>\n  <\/div>\n<div class=\"block core-block core-block--heading\">\n      <div class=\"inner inner--small\">\n      \n<h2 class=\"wp-block-heading\">Tapersersuisutut ilaasortaaneq<\/h2>\n\n      <\/div>\n  <\/div>\n<div class=\"block core-block core-block--paragraph\">\n      <div class=\"inner inner--small\">\n      \n<p>Tapersersuisutut ilaasortanngorsinnaaneq periarfissaalerpoq 2023-2024-imi misiliuteqartoqarneratigut, tassani qallunaat suliffeqarfiutaat anenrit arfineq pingasut, soorlu Founding Partners, Danske Banke, Danfoss, DSB, Netcompany, Salling Group, Carlsberg, Novo Nordisk aamma A.P. M\u00f8ller- M\u00e6rsk tapersersuisutut ilaasortaalermata.<\/p>\n\n      <\/div>\n  <\/div>\n<div class=\"block core-block core-block--paragraph\">\n      <div class=\"inner inner--small\">\n      \n<p>Suliffeqarfiit tapersersuisut atsiugassaqartarput sulisut ukiumut minnerpaamik ulluni tallimani akissarsiaqartinneqarlutik sulinngiffeqartarnissaannut taamaasillutillu uniformeqarlutik kiffartuussisinnaalerlutik. Taamatullu piginnaatitaaffik sulisunut maleruagassiani imaluunniit HR-ip maleruagassiaani allassimasuutigineqassaaq.<\/p>\n\n      <\/div>\n  <\/div>\n<div class=\"block core-block core-block--paragraph\">\n      <div class=\"inner inner--small\">\n      \n<p>Tapersersuisutut ilaasortanngorusukkaanni taava InterForce attavigineqarsinnaavoq uani Stoettemedlem@interforce.dk. Taassuma kingorna ataatsimiinnissamut aaqqissuissaagut, periarfissat tassani eqqartorlugit. <a href=\"mailto:stoettemedlem@interforce.dk\">stoettemedlem@interforce.dk<\/a>Ataatsimiigiaqqussut aaqqissuutissavarput, periarfissat tassani saqqummiukkumaarlugit.<\/p>\n\n      <\/div>\n  <\/div>\n<div class=\"block core-block core-block--paragraph\">\n      <div class=\"inner inner--small\">\n      \n<p><br>* Maluginiaruk pisortat suliffeqarfiutaasa tapersersuillutik ilaasortaanissaannut suli maannakkumuugallartoq inatsisitigut tunngavissaqanngimmat.<\/p>\n\n      <\/div>\n  <\/div>\n<div class=\"block core-block core-block--paragraph\">\n      <div class=\"inner inner--small\">\n      \n<p>Ilaasortaaneq qanoq ittorluunniit toqqaraanni suliffeqarfiit tamaasa InterForcemut tikilluaqquavut, Kunngeqarfiup sillimaniarnera ataatsimoorfigissagatsivut.<\/p>\n\n      <\/div>\n  <\/div>","protected":false},"excerpt":{"rendered":"InterForce tilbyder fra 2025 to typer medlemskaber: Man kan enten v\u00e6re medlemsv...","protected":false},"author":111,"featured_media":0,"parent":0,"menu_order":0,"comment_status":"closed","ping_status":"closed","template":"","meta":{"_acf_changed":false,"footnotes":""},"class_list":["post-17063","page","type-page","status-publish","hentry"],"acf":[],"yoast_head":"<!-- This site is optimized with the Yoast SEO plugin v27.3 - https:\/\/yoast.com\/product\/yoast-seo-wordpress\/ -->\n<title>Medlems- eller st\u00f8ttevirksomhed? - InterForce<\/title>\n<meta name=\"description\" content=\"Man kan som virksomhed v\u00e6re medlem hos InterForce p\u00e5 to m\u00e5der : enten som Medlemsvirksomhed eller St\u00f8ttevirksomhed.\" \/>\n<meta name=\"robots\" content=\"index, follow, max-snippet:-1, max-image-preview:large, max-video-preview:-1\" \/>\n<link rel=\"canonical\" href=\"https:\/\/www.interforce.dk\/kl\/medlems-eller-stoettevirksomhed\/\" \/>\n<meta property=\"og:locale\" content=\"en_US\" \/>\n<meta property=\"og:type\" content=\"article\" \/>\n<meta property=\"og:title\" content=\"Medlems- eller st\u00f8ttevirksomhed? - InterForce\" \/>\n<meta property=\"og:description\" content=\"Man kan som virksomhed v\u00e6re medlem hos InterForce p\u00e5 to m\u00e5der : enten som Medlemsvirksomhed eller St\u00f8ttevirksomhed.\" \/>\n<meta property=\"og:url\" content=\"https:\/\/www.interforce.dk\/kl\/medlems-eller-stoettevirksomhed\/\" \/>\n<meta property=\"og:site_name\" content=\"InterForce\" \/>\n<meta property=\"article:modified_time\" content=\"2026-04-01T10:23:31+00:00\" \/>\n<meta property=\"og:image\" content=\"https:\/\/www.interforce.dk\/app\/uploads\/2025\/01\/Carlsberg-x-InterForce-9-1024x576.jpg\" \/>\n<meta name=\"twitter:card\" content=\"summary_large_image\" \/>\n<meta name=\"twitter:label1\" content=\"Est. reading time\" \/>\n\t<meta name=\"twitter:data1\" content=\"2 minutes\" \/>\n<script type=\"application\/ld+json\" class=\"yoast-schema-graph\">{\"@context\":\"https:\\\/\\\/schema.org\",\"@graph\":[{\"@type\":\"WebPage\",\"@id\":\"https:\\\/\\\/www.interforce.dk\\\/medlems-eller-stoettevirksomhed\\\/\",\"url\":\"https:\\\/\\\/www.interforce.dk\\\/medlems-eller-stoettevirksomhed\\\/\",\"name\":\"Medlems- eller st\u00f8ttevirksomhed? - InterForce\",\"isPartOf\":{\"@id\":\"https:\\\/\\\/www.interforce.dk\\\/#website\"},\"primaryImageOfPage\":{\"@id\":\"https:\\\/\\\/www.interforce.dk\\\/medlems-eller-stoettevirksomhed\\\/#primaryimage\"},\"image\":{\"@id\":\"https:\\\/\\\/www.interforce.dk\\\/medlems-eller-stoettevirksomhed\\\/#primaryimage\"},\"thumbnailUrl\":\"https:\\\/\\\/www.interforce.dk\\\/app\\\/uploads\\\/2025\\\/01\\\/Carlsberg-x-InterForce-9-1024x576.jpg\",\"datePublished\":\"2025-01-29T08:24:33+00:00\",\"dateModified\":\"2026-04-01T10:23:31+00:00\",\"description\":\"Man kan som virksomhed v\u00e6re medlem hos InterForce p\u00e5 to m\u00e5der : enten som Medlemsvirksomhed eller St\u00f8ttevirksomhed.\",\"breadcrumb\":{\"@id\":\"https:\\\/\\\/www.interforce.dk\\\/medlems-eller-stoettevirksomhed\\\/#breadcrumb\"},\"inLanguage\":\"kl-GL\",\"potentialAction\":[{\"@type\":\"ReadAction\",\"target\":[\"https:\\\/\\\/www.interforce.dk\\\/medlems-eller-stoettevirksomhed\\\/\"]}]},{\"@type\":\"ImageObject\",\"inLanguage\":\"kl-GL\",\"@id\":\"https:\\\/\\\/www.interforce.dk\\\/medlems-eller-stoettevirksomhed\\\/#primaryimage\",\"url\":\"https:\\\/\\\/www.interforce.dk\\\/app\\\/uploads\\\/2025\\\/01\\\/Carlsberg-x-InterForce-9-1024x576.jpg\",\"contentUrl\":\"https:\\\/\\\/www.interforce.dk\\\/app\\\/uploads\\\/2025\\\/01\\\/Carlsberg-x-InterForce-9-1024x576.jpg\"},{\"@type\":\"BreadcrumbList\",\"@id\":\"https:\\\/\\\/www.interforce.dk\\\/medlems-eller-stoettevirksomhed\\\/#breadcrumb\",\"itemListElement\":[{\"@type\":\"ListItem\",\"position\":1,\"name\":\"Hjem\",\"item\":\"https:\\\/\\\/www.interforce.dk\\\/\"},{\"@type\":\"ListItem\",\"position\":2,\"name\":\"Medlems- eller st\u00f8ttevirksomhed?\"}]},{\"@type\":\"WebSite\",\"@id\":\"https:\\\/\\\/www.interforce.dk\\\/#website\",\"url\":\"https:\\\/\\\/www.interforce.dk\\\/\",\"name\":\"InterForce\",\"description\":\"\",\"potentialAction\":[{\"@type\":\"SearchAction\",\"target\":{\"@type\":\"EntryPoint\",\"urlTemplate\":\"https:\\\/\\\/www.interforce.dk\\\/?s={search_term_string}\"},\"query-input\":{\"@type\":\"PropertyValueSpecification\",\"valueRequired\":true,\"valueName\":\"search_term_string\"}}],\"inLanguage\":\"kl-GL\"}]}<\/script>\n<!-- \/ Yoast SEO plugin. -->","yoast_head_json":{"title":"Medlems- eller st\u00f8ttevirksomhed? - InterForce","description":"Man kan som virksomhed v\u00e6re medlem hos InterForce p\u00e5 to m\u00e5der : enten som Medlemsvirksomhed eller St\u00f8ttevirksomhed.","robots":{"index":"index","follow":"follow","max-snippet":"max-snippet:-1","max-image-preview":"max-image-preview:large","max-video-preview":"max-video-preview:-1"},"canonical":"https:\/\/www.interforce.dk\/kl\/medlems-eller-stoettevirksomhed\/","og_locale":"en_US","og_type":"article","og_title":"Medlems- eller st\u00f8ttevirksomhed? - InterForce","og_description":"Man kan som virksomhed v\u00e6re medlem hos InterForce p\u00e5 to m\u00e5der : enten som Medlemsvirksomhed eller St\u00f8ttevirksomhed.","og_url":"https:\/\/www.interforce.dk\/kl\/medlems-eller-stoettevirksomhed\/","og_site_name":"InterForce","article_modified_time":"2026-04-01T10:23:31+00:00","og_image":[{"url":"https:\/\/www.interforce.dk\/app\/uploads\/2025\/01\/Carlsberg-x-InterForce-9-1024x576.jpg","type":"","width":"","height":""}],"twitter_card":"summary_large_image","twitter_misc":{"Est. reading time":"2 minutes"},"schema":{"@context":"https:\/\/schema.org","@graph":[{"@type":"WebPage","@id":"https:\/\/www.interforce.dk\/medlems-eller-stoettevirksomhed\/","url":"https:\/\/www.interforce.dk\/medlems-eller-stoettevirksomhed\/","name":"Medlems- eller st\u00f8ttevirksomhed? - InterForce","isPartOf":{"@id":"https:\/\/www.interforce.dk\/#website"},"primaryImageOfPage":{"@id":"https:\/\/www.interforce.dk\/medlems-eller-stoettevirksomhed\/#primaryimage"},"image":{"@id":"https:\/\/www.interforce.dk\/medlems-eller-stoettevirksomhed\/#primaryimage"},"thumbnailUrl":"https:\/\/www.interforce.dk\/app\/uploads\/2025\/01\/Carlsberg-x-InterForce-9-1024x576.jpg","datePublished":"2025-01-29T08:24:33+00:00","dateModified":"2026-04-01T10:23:31+00:00","description":"Man kan som virksomhed v\u00e6re medlem hos InterForce p\u00e5 to m\u00e5der : enten som Medlemsvirksomhed eller St\u00f8ttevirksomhed.","breadcrumb":{"@id":"https:\/\/www.interforce.dk\/medlems-eller-stoettevirksomhed\/#breadcrumb"},"inLanguage":"kl-GL","potentialAction":[{"@type":"ReadAction","target":["https:\/\/www.interforce.dk\/medlems-eller-stoettevirksomhed\/"]}]},{"@type":"ImageObject","inLanguage":"kl-GL","@id":"https:\/\/www.interforce.dk\/medlems-eller-stoettevirksomhed\/#primaryimage","url":"https:\/\/www.interforce.dk\/app\/uploads\/2025\/01\/Carlsberg-x-InterForce-9-1024x576.jpg","contentUrl":"https:\/\/www.interforce.dk\/app\/uploads\/2025\/01\/Carlsberg-x-InterForce-9-1024x576.jpg"},{"@type":"BreadcrumbList","@id":"https:\/\/www.interforce.dk\/medlems-eller-stoettevirksomhed\/#breadcrumb","itemListElement":[{"@type":"ListItem","position":1,"name":"Hjem","item":"https:\/\/www.interforce.dk\/"},{"@type":"ListItem","position":2,"name":"Medlems- eller st\u00f8ttevirksomhed?"}]},{"@type":"WebSite","@id":"https:\/\/www.interforce.dk\/#website","url":"https:\/\/www.interforce.dk\/","name":"InterForce","description":"","potentialAction":[{"@type":"SearchAction","target":{"@type":"EntryPoint","urlTemplate":"https:\/\/www.interforce.dk\/?s={search_term_string}"},"query-input":{"@type":"PropertyValueSpecification","valueRequired":true,"valueName":"search_term_string"}}],"inLanguage":"kl-GL"}]}},"_links":{"self":[{"href":"https:\/\/www.interforce.dk\/kl\/wp-json\/wp\/v2\/pages\/17063","targetHints":{"allow":["GET"]}}],"collection":[{"href":"https:\/\/www.interforce.dk\/kl\/wp-json\/wp\/v2\/pages"}],"about":[{"href":"https:\/\/www.interforce.dk\/kl\/wp-json\/wp\/v2\/types\/page"}],"author":[{"embeddable":true,"href":"https:\/\/www.interforce.dk\/kl\/wp-json\/wp\/v2\/users\/111"}],"replies":[{"embeddable":true,"href":"https:\/\/www.interforce.dk\/kl\/wp-json\/wp\/v2\/comments?post=17063"}],"version-history":[{"count":13,"href":"https:\/\/www.interforce.dk\/kl\/wp-json\/wp\/v2\/pages\/17063\/revisions"}],"predecessor-version":[{"id":18429,"href":"https:\/\/www.interforce.dk\/kl\/wp-json\/wp\/v2\/pages\/17063\/revisions\/18429"}],"wp:attachment":[{"href":"https:\/\/www.interforce.dk\/kl\/wp-json\/wp\/v2\/media?parent=17063"}],"curies":[{"name":"wp","href":"https:\/\/api.w.org\/{rel}","templated":true}]}}