{"id":140,"date":"2018-12-18T15:25:55","date_gmt":"2018-12-18T15:25:55","guid":{"rendered":"https:\/\/www.interforce.dk\/?page_id=140"},"modified":"2026-03-20T12:57:51","modified_gmt":"2026-03-20T12:57:51","slug":"om-interforce","status":"publish","type":"page","link":"https:\/\/www.interforce.dk\/kl\/om-interforce\/","title":{"rendered":"InterForce sunaava?"},"content":{"rendered":"<div class=\"block core-block core-block--paragraph\">\n      <div class=\"inner inner--small\">\n      \n<p><\/p>\n\n      <\/div>\n  <\/div>\n<div class=\"block core-block core-block--image\">\n      <div class=\"inner inner--medium\">\n      \n<figure class=\"wp-block-image alignwide size-large\"><img loading=\"lazy\" decoding=\"async\" width=\"1024\" height=\"549\" src=\"https:\/\/www.interforce.dk\/app\/uploads\/2025\/01\/IMG_9709-1-1024x549.jpg\" alt=\"\" class=\"wp-image-17084\" srcset=\"https:\/\/www.interforce.dk\/app\/uploads\/2025\/01\/IMG_9709-1-1024x549.jpg 1024w, https:\/\/www.interforce.dk\/app\/uploads\/2025\/01\/IMG_9709-1-300x161.jpg 300w, https:\/\/www.interforce.dk\/app\/uploads\/2025\/01\/IMG_9709-1-768x412.jpg 768w, https:\/\/www.interforce.dk\/app\/uploads\/2025\/01\/IMG_9709-1-1536x823.jpg 1536w, https:\/\/www.interforce.dk\/app\/uploads\/2025\/01\/IMG_9709-1-2048x1098.jpg 2048w, https:\/\/www.interforce.dk\/app\/uploads\/2025\/01\/IMG_9709-1-18x10.jpg 18w\" sizes=\"auto, (max-width: 1024px) 100vw, 1024px\" \/><\/figure>\n\n      <\/div>\n  <\/div>\n<div class=\"block core-block core-block--paragraph\">\n      <div class=\"inner inner--small\">\n      \n<p>InterForce Illersornissamut Qullersaqarfimmut atavoq.<\/p>\n\n      <\/div>\n  <\/div>\n<div class=\"block core-block core-block--paragraph\">\n      <div class=\"inner inner--small\">\n      \n<p>Suliassaraarput suliffeqarfiit amerliartuinnarlutik Kunngeqarfiup illersornissaanut Upalungaarsimaneranullu tapersersuilernissaat.<\/p>\n\n      <\/div>\n  <\/div>\n<div class=\"block core-block core-block--paragraph\">\n      <div class=\"inner inner--small\">\n      \n<p>Suliniutigaarput suliffeqarfiit sulisuisa uniformeqarlutik kiffartuussinissaannut sulinngiffeqartinneqartarnissaat. \n\nSakkutuutut piareersimasutut imaluunniit kajumissutsiminik Hjemmev\u00e6rnet-imi (nunagisamik illersuisut), Beredskabsstyrelsen-imi (Upalungaarsimanermut Aqutsisoqarfimmut) Kystredningstjenesten-imulluunniit (Sinerissami Annaassiniaasartutut) piareersimasutut aggersarneqarpata sulinngiffeqarnissaat akuersaarneqassasoq.<\/p>\n\n      <\/div>\n  <\/div>\n<div class=\"block core-block core-block--paragraph\">\n      <div class=\"inner inner--small\">\n      \n<p>Aammali ilinniagaqarnissaanut, imaani annaassiniarnermut, nunami tamarmi suliassanut, ajunaarnersuaqartillugu upalungaarsimasutut arlaatiguluunniit nunani tamalaani suliassani suliaqarnissaannut.<\/p>\n\n      <\/div>\n  <\/div>\n<div class=\"block core-block core-block--heading\">\n      <div class=\"inner inner--small\">\n      \n<h2 class=\"wp-block-heading\">InterForcemut tapersersuilerit<\/h2>\n\n      <\/div>\n  <\/div>\n<div class=\"block core-block core-block--paragraph\">\n      <div class=\"inner inner--small\">\n      \n<p>InterForcemut ilaasortaanissamut periarfissat marluk 2025-imiit neqeroorutigilerpavut: suliffeqarfiit ilaasortat aamma suliffeqarfiit tapersersuisut.<\/p>\n\n      <\/div>\n  <\/div>\n<div class=\"block core-block core-block--paragraph\">\n      <div class=\"inner inner--small\">\n      \n<p>Suliffeqarfittut ilaasortaasunut piumasaqaataavoq sulisuminnut, sakkutuutut piareersimasuuppata, kajumissutsiminnik Hjemmev\u00e6rnet-imut (nunagisamik illersuisunut), Beredskabsstyrelsen-imut (Upalungaarsimanermut Aqutsisoqarfimmut) imaluunnit Kystredningstjenestem-imut (Sineriammi annaassiniartartutut) piareersimasuuppata, eqaatsumik periuseqartarnissaat.\n \nSulisut ilinniagaqarnissaminnut, sungiusarnissaminnut, suliartoqqusaariataarpata imaluunniit nunanut allanut suliaqariartortussatut aallartitaanissaannut noqqaappata eqaatsumik periuseqarnissaannut takutitsisassapput.&nbsp;<\/p>\n\n      <\/div>\n  <\/div>\n<div class=\"block core-block core-block--paragraph\">\n      <div class=\"inner inner--small\">\n      \n<p>Suliffeqarfiit tapersersuisut atsiugassaqartarput sulisut ukiumut minnerpaamik ulluni tallimani akissarsiaqartinneqarlutik sulinngiffeqartarnissaannut taamaasillutillu uniformeqarlutik kiffartuussisinnaalerlutik. Taamatullu piginnaatitaaffik sulisunut maleruagassiani imaluunniit HR-ip maleruagassiaani allassimasuutigineqassaaq.<\/p>\n\n      <\/div>\n  <\/div>\n<div class=\"block core-block core-block--paragraph\">\n      <div class=\"inner inner--small\">\n      \n<p>Ilaasortaanermut periarfissat assigiinngitsut taakku marluk pillugit annerusumik <a href=\"https:\/\/www.interforce.dk\/kl\/medlems-eller-stoettevirksomhed\/\">atuagaqarit<\/a>.<\/p>\n\n      <\/div>\n  <\/div>\n<div class=\"block core-block core-block--image\">\n      <div class=\"inner inner--small\">\n      \n<figure class=\"wp-block-image size-large\"><img loading=\"lazy\" decoding=\"async\" width=\"1024\" height=\"727\" src=\"https:\/\/www.interforce.dk\/app\/uploads\/2026\/01\/UPJD-25-1024x727.jpg\" alt=\"\" class=\"wp-image-18072\" srcset=\"https:\/\/www.interforce.dk\/app\/uploads\/2026\/01\/UPJD-25-1024x727.jpg 1024w, https:\/\/www.interforce.dk\/app\/uploads\/2026\/01\/UPJD-25-300x213.jpg 300w, https:\/\/www.interforce.dk\/app\/uploads\/2026\/01\/UPJD-25-768x545.jpg 768w, https:\/\/www.interforce.dk\/app\/uploads\/2026\/01\/UPJD-25-1536x1090.jpg 1536w, https:\/\/www.interforce.dk\/app\/uploads\/2026\/01\/UPJD-25-18x12.jpg 18w, https:\/\/www.interforce.dk\/app\/uploads\/2026\/01\/UPJD-25.jpg 2048w\" sizes=\"auto, (max-width: 1024px) 100vw, 1024px\" \/><\/figure>\n\n      <\/div>\n  <\/div>\n<div class=\"block core-block core-block--heading\">\n      <div class=\"inner inner--small\">\n      \n<h2 class=\"wp-block-heading\">Suliffeqarfiit pissarsiarisartagaat<\/h2>\n\n      <\/div>\n  <\/div>\n<div class=\"block core-block core-block--paragraph\">\n      <div class=\"inner inner--small\">\n      \n<p>Suliffeqarfittut Interforcemut ilaasortaanermi Kunngeqarfiup illersornissaanut upalungaarsimaneranullu tapersersuineq naliitsuuvoq, pingaartumik piffissami nalorninartorsiorfiusumi.<\/p>\n\n      <\/div>\n  <\/div>\n<div class=\"block core-block core-block--paragraph\">\n      <div class=\"inner inner--small\">\n      \n<p>Illersornissaq Upalungaarsimanerlu patajaatsuussappata inuiaqatigiinnit ersarissumik tapersersorneqarnissaq pisariaqarluinnarpoq.<\/p>\n\n      <\/div>\n  <\/div>\n<div class=\"block core-block core-block--paragraph\">\n      <div class=\"inner inner--small\">\n      \n<p>Interforcemi ilaasortaagaanni, qanorluunniit ilaasortaassuseqaraluaraanni, taava aaqqissuussanut assigiinngitsunut, suliffeqarfiit aamma illersornissaqarfiup upalugaarsimanermillu suliaqartut naapiffigisartagaannut, qaaqquneqartarput.<\/p>\n\n      <\/div>\n  <\/div>\n<div class=\"block core-block core-block--paragraph\">\n      <div class=\"inner inner--small\">\n      \n<p>Aaqqissuussinerni taakkunani Illersornissaqarfimmi Upalungaarsimasunilu pisortat naapinneqartarput, pisunilu sillimaniarnikkut killiffik imaluunniit niueqatigiinnikkut isumaqatigiissutit pillugit saqqummiisoqartarpoq. Aaqqissuinernili aamma Illersornissaqarfiup atortuutaanik takuniaasoqarsinnaavoq imaluunniit sakkutuutut sungiusarluni unammillertoqarsinnaavoq.<\/p>\n\n      <\/div>\n  <\/div>\n<div class=\"block core-block core-block--paragraph\">\n      <div class=\"inner inner--small\">\n      \n<p class=\"translation-block\">Interforce aamma aqqutigalugu sakkutuutut piareersimasut piginnaasaat pitsaasut, soorlu ukunani: Illersornissaqarfimmi, Hjemmev\u00e6rnet-imi (nunagisami illersuisut), Beredskabsstyrelsen (Upalungaarsimanermut Aqutsisoqarfimmi) ilinniagaqarnermikkut pissarsiarisimasaat paasisaqarfigisinnaavaat, taakkualu piginnaasaat suliffeqarfinni qanoq atorluarneqarsinnaanersut. \n\n.<br><br><a href=\"https:\/\/www.interforce.dk\/kl\/hvilke-kompetencer-har-militaerfolk\/\" target=\"_blank\" rel=\"noreferrer noopener\">Una toorlugu<\/a>: Sulisut Illersornissaqarfimmit Upalungaarsimanermiillu qanoq piginnaasaqarnersut paasisaqarfigiuk.<\/p>\n\n      <\/div>\n  <\/div>\n<div class=\"block core-block core-block--paragraph\">\n      <div class=\"inner inner--small\">\n      \n<p><\/p>\n\n      <\/div>\n  <\/div>\n<div class=\"block core-block core-block--paragraph\">\n      <div class=\"inner inner--small\">\n      \n<p>Aamma takuuk:   <a href=\"https:\/\/www.interforce.dk\/kl\/hvorfor-stoette-interforce\/\"><strong>SOOQ INTERFORCE TAPERSERSUSSAVARPUT?<\/strong><\/a><\/p>\n\n      <\/div>\n  <\/div>","protected":false},"excerpt":{"rendered":"InterForce er en enhed i Forsvarskommandoen. Vi arbejder p\u00e5 at skabe opbakning ...","protected":false},"author":2,"featured_media":13251,"parent":0,"menu_order":0,"comment_status":"closed","ping_status":"closed","template":"","meta":{"_acf_changed":false,"footnotes":""},"class_list":["post-140","page","type-page","status-publish","has-post-thumbnail","hentry"],"acf":[],"yoast_head":"<!-- This site is optimized with the Yoast SEO plugin v27.3 - https:\/\/yoast.com\/product\/yoast-seo-wordpress\/ -->\n<title>Hvad er InterForce? - InterForce<\/title>\n<meta name=\"robots\" content=\"index, follow, max-snippet:-1, max-image-preview:large, max-video-preview:-1\" \/>\n<link rel=\"canonical\" href=\"https:\/\/www.interforce.dk\/kl\/om-interforce\/\" \/>\n<meta property=\"og:locale\" content=\"en_US\" \/>\n<meta property=\"og:type\" content=\"article\" \/>\n<meta property=\"og:title\" content=\"Hvad er InterForce? - InterForce\" \/>\n<meta property=\"og:description\" content=\"InterForce er en enhed i Forsvarskommandoen. Vi arbejder p\u00e5 at skabe opbakning i den civile sektor til Kongerigets forsvar og beredskab. Konkret arbejder vi for, at virksomheder i Kongeriget giver deres medarbejdere fri til at g\u00f8re tjeneste i uniform. Enten i Reserven eller som frivillige i Hjemmev\u00e6rnet, Beredskabsstyrelsen eller Kystredningstjenesten. Det kan v\u00e6re til uddannelse, &hellip;\" \/>\n<meta property=\"og:url\" content=\"https:\/\/www.interforce.dk\/kl\/om-interforce\/\" \/>\n<meta property=\"og:site_name\" content=\"InterForce\" \/>\n<meta property=\"article:modified_time\" content=\"2026-03-20T12:57:51+00:00\" \/>\n<meta property=\"og:image\" content=\"https:\/\/www.interforce.dk\/app\/uploads\/2022\/12\/Forsidebillede-civilt.jpg\" \/>\n\t<meta property=\"og:image:width\" content=\"1200\" \/>\n\t<meta property=\"og:image:height\" content=\"800\" \/>\n\t<meta property=\"og:image:type\" content=\"image\/jpeg\" \/>\n<meta name=\"twitter:card\" content=\"summary_large_image\" \/>\n<meta name=\"twitter:label1\" content=\"Est. reading time\" \/>\n\t<meta name=\"twitter:data1\" content=\"2 minutes\" \/>\n<script type=\"application\/ld+json\" class=\"yoast-schema-graph\">{\"@context\":\"https:\\\/\\\/schema.org\",\"@graph\":[{\"@type\":\"WebPage\",\"@id\":\"https:\\\/\\\/www.interforce.dk\\\/om-interforce\\\/\",\"url\":\"https:\\\/\\\/www.interforce.dk\\\/om-interforce\\\/\",\"name\":\"Hvad er InterForce? - InterForce\",\"isPartOf\":{\"@id\":\"https:\\\/\\\/www.interforce.dk\\\/#website\"},\"primaryImageOfPage\":{\"@id\":\"https:\\\/\\\/www.interforce.dk\\\/om-interforce\\\/#primaryimage\"},\"image\":{\"@id\":\"https:\\\/\\\/www.interforce.dk\\\/om-interforce\\\/#primaryimage\"},\"thumbnailUrl\":\"https:\\\/\\\/www.interforce.dk\\\/app\\\/uploads\\\/2022\\\/12\\\/Forsidebillede-civilt.jpg\",\"datePublished\":\"2018-12-18T15:25:55+00:00\",\"dateModified\":\"2026-03-20T12:57:51+00:00\",\"breadcrumb\":{\"@id\":\"https:\\\/\\\/www.interforce.dk\\\/om-interforce\\\/#breadcrumb\"},\"inLanguage\":\"kl-GL\",\"potentialAction\":[{\"@type\":\"ReadAction\",\"target\":[\"https:\\\/\\\/www.interforce.dk\\\/om-interforce\\\/\"]}]},{\"@type\":\"ImageObject\",\"inLanguage\":\"kl-GL\",\"@id\":\"https:\\\/\\\/www.interforce.dk\\\/om-interforce\\\/#primaryimage\",\"url\":\"https:\\\/\\\/www.interforce.dk\\\/app\\\/uploads\\\/2022\\\/12\\\/Forsidebillede-civilt.jpg\",\"contentUrl\":\"https:\\\/\\\/www.interforce.dk\\\/app\\\/uploads\\\/2022\\\/12\\\/Forsidebillede-civilt.jpg\",\"width\":1200,\"height\":800},{\"@type\":\"BreadcrumbList\",\"@id\":\"https:\\\/\\\/www.interforce.dk\\\/om-interforce\\\/#breadcrumb\",\"itemListElement\":[{\"@type\":\"ListItem\",\"position\":1,\"name\":\"Hjem\",\"item\":\"https:\\\/\\\/www.interforce.dk\\\/\"},{\"@type\":\"ListItem\",\"position\":2,\"name\":\"Hvad er InterForce?\"}]},{\"@type\":\"WebSite\",\"@id\":\"https:\\\/\\\/www.interforce.dk\\\/#website\",\"url\":\"https:\\\/\\\/www.interforce.dk\\\/\",\"name\":\"InterForce\",\"description\":\"\",\"potentialAction\":[{\"@type\":\"SearchAction\",\"target\":{\"@type\":\"EntryPoint\",\"urlTemplate\":\"https:\\\/\\\/www.interforce.dk\\\/?s={search_term_string}\"},\"query-input\":{\"@type\":\"PropertyValueSpecification\",\"valueRequired\":true,\"valueName\":\"search_term_string\"}}],\"inLanguage\":\"kl-GL\"}]}<\/script>\n<!-- \/ Yoast SEO plugin. -->","yoast_head_json":{"title":"Hvad er InterForce? - InterForce","robots":{"index":"index","follow":"follow","max-snippet":"max-snippet:-1","max-image-preview":"max-image-preview:large","max-video-preview":"max-video-preview:-1"},"canonical":"https:\/\/www.interforce.dk\/kl\/om-interforce\/","og_locale":"en_US","og_type":"article","og_title":"Hvad er InterForce? - InterForce","og_description":"InterForce er en enhed i Forsvarskommandoen. Vi arbejder p\u00e5 at skabe opbakning i den civile sektor til Kongerigets forsvar og beredskab. Konkret arbejder vi for, at virksomheder i Kongeriget giver deres medarbejdere fri til at g\u00f8re tjeneste i uniform. Enten i Reserven eller som frivillige i Hjemmev\u00e6rnet, Beredskabsstyrelsen eller Kystredningstjenesten. Det kan v\u00e6re til uddannelse, &hellip;","og_url":"https:\/\/www.interforce.dk\/kl\/om-interforce\/","og_site_name":"InterForce","article_modified_time":"2026-03-20T12:57:51+00:00","og_image":[{"width":1200,"height":800,"url":"https:\/\/www.interforce.dk\/app\/uploads\/2022\/12\/Forsidebillede-civilt.jpg","type":"image\/jpeg"}],"twitter_card":"summary_large_image","twitter_misc":{"Est. reading time":"2 minutes"},"schema":{"@context":"https:\/\/schema.org","@graph":[{"@type":"WebPage","@id":"https:\/\/www.interforce.dk\/om-interforce\/","url":"https:\/\/www.interforce.dk\/om-interforce\/","name":"Hvad er InterForce? - InterForce","isPartOf":{"@id":"https:\/\/www.interforce.dk\/#website"},"primaryImageOfPage":{"@id":"https:\/\/www.interforce.dk\/om-interforce\/#primaryimage"},"image":{"@id":"https:\/\/www.interforce.dk\/om-interforce\/#primaryimage"},"thumbnailUrl":"https:\/\/www.interforce.dk\/app\/uploads\/2022\/12\/Forsidebillede-civilt.jpg","datePublished":"2018-12-18T15:25:55+00:00","dateModified":"2026-03-20T12:57:51+00:00","breadcrumb":{"@id":"https:\/\/www.interforce.dk\/om-interforce\/#breadcrumb"},"inLanguage":"kl-GL","potentialAction":[{"@type":"ReadAction","target":["https:\/\/www.interforce.dk\/om-interforce\/"]}]},{"@type":"ImageObject","inLanguage":"kl-GL","@id":"https:\/\/www.interforce.dk\/om-interforce\/#primaryimage","url":"https:\/\/www.interforce.dk\/app\/uploads\/2022\/12\/Forsidebillede-civilt.jpg","contentUrl":"https:\/\/www.interforce.dk\/app\/uploads\/2022\/12\/Forsidebillede-civilt.jpg","width":1200,"height":800},{"@type":"BreadcrumbList","@id":"https:\/\/www.interforce.dk\/om-interforce\/#breadcrumb","itemListElement":[{"@type":"ListItem","position":1,"name":"Hjem","item":"https:\/\/www.interforce.dk\/"},{"@type":"ListItem","position":2,"name":"Hvad er InterForce?"}]},{"@type":"WebSite","@id":"https:\/\/www.interforce.dk\/#website","url":"https:\/\/www.interforce.dk\/","name":"InterForce","description":"","potentialAction":[{"@type":"SearchAction","target":{"@type":"EntryPoint","urlTemplate":"https:\/\/www.interforce.dk\/?s={search_term_string}"},"query-input":{"@type":"PropertyValueSpecification","valueRequired":true,"valueName":"search_term_string"}}],"inLanguage":"kl-GL"}]}},"_links":{"self":[{"href":"https:\/\/www.interforce.dk\/kl\/wp-json\/wp\/v2\/pages\/140","targetHints":{"allow":["GET"]}}],"collection":[{"href":"https:\/\/www.interforce.dk\/kl\/wp-json\/wp\/v2\/pages"}],"about":[{"href":"https:\/\/www.interforce.dk\/kl\/wp-json\/wp\/v2\/types\/page"}],"author":[{"embeddable":true,"href":"https:\/\/www.interforce.dk\/kl\/wp-json\/wp\/v2\/users\/2"}],"replies":[{"embeddable":true,"href":"https:\/\/www.interforce.dk\/kl\/wp-json\/wp\/v2\/comments?post=140"}],"version-history":[{"count":37,"href":"https:\/\/www.interforce.dk\/kl\/wp-json\/wp\/v2\/pages\/140\/revisions"}],"predecessor-version":[{"id":18369,"href":"https:\/\/www.interforce.dk\/kl\/wp-json\/wp\/v2\/pages\/140\/revisions\/18369"}],"wp:featuredmedia":[{"embeddable":true,"href":"https:\/\/www.interforce.dk\/kl\/wp-json\/wp\/v2\/media\/13251"}],"wp:attachment":[{"href":"https:\/\/www.interforce.dk\/kl\/wp-json\/wp\/v2\/media?parent=140"}],"curies":[{"name":"wp","href":"https:\/\/api.w.org\/{rel}","templated":true}]}}