{"id":139,"date":"2018-12-18T15:25:14","date_gmt":"2018-12-18T15:25:14","guid":{"rendered":"https:\/\/www.interforce.dk\/?page_id=139"},"modified":"2026-02-02T13:46:11","modified_gmt":"2026-02-02T13:46:11","slug":"hvorfor-stoette-interforce","status":"publish","type":"page","link":"https:\/\/www.interforce.dk\/kl\/hvorfor-stoette-interforce\/","title":{"rendered":"Sooq InterForce tapersersussavarput?"},"content":{"rendered":"<div class=\"block core-block core-block--paragraph\">\n      <div class=\"inner inner--small\">\n      \n<p><\/p>\n\n      <\/div>\n  <\/div>\n<div class=\"block core-block core-block--image\">\n      <div class=\"inner inner--medium\">\n      \n<figure class=\"wp-block-image alignwide size-large\"><img loading=\"lazy\" decoding=\"async\" width=\"1024\" height=\"681\" src=\"https:\/\/www.interforce.dk\/app\/uploads\/2025\/01\/2024-04-09-INTERFORCE-DSC_7057-1024x681.jpg\" alt=\"\" class=\"wp-image-17090\" srcset=\"https:\/\/www.interforce.dk\/app\/uploads\/2025\/01\/2024-04-09-INTERFORCE-DSC_7057-1024x681.jpg 1024w, https:\/\/www.interforce.dk\/app\/uploads\/2025\/01\/2024-04-09-INTERFORCE-DSC_7057-300x200.jpg 300w, https:\/\/www.interforce.dk\/app\/uploads\/2025\/01\/2024-04-09-INTERFORCE-DSC_7057-768x511.jpg 768w, https:\/\/www.interforce.dk\/app\/uploads\/2025\/01\/2024-04-09-INTERFORCE-DSC_7057-1536x1022.jpg 1536w, https:\/\/www.interforce.dk\/app\/uploads\/2025\/01\/2024-04-09-INTERFORCE-DSC_7057-2048x1362.jpg 2048w, https:\/\/www.interforce.dk\/app\/uploads\/2025\/01\/2024-04-09-INTERFORCE-DSC_7057-18x12.jpg 18w\" sizes=\"auto, (max-width: 1024px) 100vw, 1024px\" \/><\/figure>\n\n      <\/div>\n  <\/div>\n<div class=\"block core-block core-block--paragraph\">\n      <div class=\"inner inner--small\">\n      \n<p>Nunarsuarmi nalorninartorsiorfiup nalaani pingaaruteqarluinnalerpoq Kunngeqarfiup illersornissaanut upalungaarsimaneranullu tapersuisoqarnisasa.<\/p>\n\n      <\/div>\n  <\/div>\n<div class=\"block core-block core-block--paragraph\">\n      <div class=\"inner inner--small\">\n      \n<p>Nalaappavut inuit pilersitaannik aarlerinartorsiornerit imaluunniit pinngortitami ajunaarnersuit, qarasaasiat aqqutigalugit saassussinerit,<\/p>\n\n      <\/div>\n  <\/div>\n<div class=\"block core-block core-block--paragraph\">\n      <div class=\"inner inner--small\">\n      \n<p>InterForce tapersersoraanni taava Kunngeqarfiup sillimaniarneranut tapersersuiheruvoq. Taamatullu aamma takutinneqartarpoq suliffeqarfimmi sulisorisat uniformeqarluni kiffartuussinissaanut periarfissaqartitsineq, soorlu ilinniariassappata, sungiusassappata inaluunniit sakkutuutut suliaqariartussappata.<\/p>\n\n      <\/div>\n  <\/div>\n<div class=\"block core-block core-block--paragraph\">\n      <div class=\"inner inner--small\">\n      \n<p>Inuiaqatgiinnut soqutiginninneruvoq aamma tapersersuigaanni. Kunngeqarfiup tamakkiisumik upalungaarsimaniarneranut naliitsumik tapersiineruvoq. Illuatungaanillu aamma sulisut qiimanerusut pigineqalertarput. Sulisummi uniformilerlutik suliaqarsinnaalersarput, imminnut aamma ilisimaarinerulerlutik nutaanillu piginnaasaqalertarput pisunit ilungersunarsinnaasunit ilikkakkaminnit. Piginnaasat taakku suliffeqarfiit aamma iluaqutigisarpaat.<\/p>\n\n      <\/div>\n  <\/div>\n<div class=\"block core-block core-block--image\">\n      <div class=\"inner inner--small\">\n      \n<figure class=\"wp-block-image size-large\"><img loading=\"lazy\" decoding=\"async\" width=\"1024\" height=\"681\" src=\"https:\/\/www.interforce.dk\/app\/uploads\/2025\/01\/2024-04-09-INTERFORCE-DSC_7130-1024x681.jpg\" alt=\"\" class=\"wp-image-17093\" srcset=\"https:\/\/www.interforce.dk\/app\/uploads\/2025\/01\/2024-04-09-INTERFORCE-DSC_7130-1024x681.jpg 1024w, https:\/\/www.interforce.dk\/app\/uploads\/2025\/01\/2024-04-09-INTERFORCE-DSC_7130-300x200.jpg 300w, https:\/\/www.interforce.dk\/app\/uploads\/2025\/01\/2024-04-09-INTERFORCE-DSC_7130-768x511.jpg 768w, https:\/\/www.interforce.dk\/app\/uploads\/2025\/01\/2024-04-09-INTERFORCE-DSC_7130-1536x1022.jpg 1536w, https:\/\/www.interforce.dk\/app\/uploads\/2025\/01\/2024-04-09-INTERFORCE-DSC_7130-2048x1362.jpg 2048w, https:\/\/www.interforce.dk\/app\/uploads\/2025\/01\/2024-04-09-INTERFORCE-DSC_7130-18x12.jpg 18w\" sizes=\"auto, (max-width: 1024px) 100vw, 1024px\" \/><\/figure>\n\n      <\/div>\n  <\/div>\n<div class=\"block core-block core-block--heading\">\n      <div class=\"inner inner--small\">\n      \n<h2 class=\"wp-block-heading\">Iluaqutit allat<\/h2>\n\n      <\/div>\n  <\/div>\n<div class=\"block core-block core-block--paragraph\">\n      <div class=\"inner inner--small\">\n      \n<p>Suliffeqarfittut ilaasortaasutut nunap immikkoortuini aamma sumiiffinni aaqqissuussanut qaaqqusaaasinnaavusi.<\/p>\n\n      <\/div>\n  <\/div>\n<div class=\"block core-block core-block--paragraph\">\n      <div class=\"inner inner--small\">\n      \n<p>Aaqqissuinerni tamakkunani Illersornissaqarfiup upalungaarsimasullu aqutsisui oqaloqatigineqarsinnaasassapput, inuiaqatigiinnilu suliffeqarfiit pisortai aamma naapinneqarlutik, politikkerit aamma pisortani sulisut ilanngullugit naapinneqarsinnaasassapput. Aaqqissuinerillu ilaanni sakkutooqarfinnut pulaartoqartassaaq, sakkutuut nunami, silaannarmi aamma imaani takutitsisarumaarput.<\/p>\n\n      <\/div>\n  <\/div>\n<div class=\"block core-block core-block--paragraph\">\n      <div class=\"inner inner--small\">\n      \n<p>Sakkutuut upalungaarsimasullu nukittuujussappata taava inuiaqatgiinnit tapersersorneqartariaqarput.<\/p>\n\n      <\/div>\n  <\/div>\n<div class=\"block acf-block acf-block--button align-center\">\n      <div class=\"inner inner--small\">\n      <a\n  class=\"button button--red spacing--large\"\n  href=\"https:\/\/www.interforce.dk\/kl\/sign-up\/\"\n  role=\"button\">\n  Suliffeqarfiit nalunaartiguk\n<\/a>\n\n      <\/div>\n  <\/div>","protected":false},"excerpt":{"rendered":"I en usikker verden er der mere end nogensinde brug for opbakning til Kongeriget...","protected":false},"author":2,"featured_media":0,"parent":0,"menu_order":0,"comment_status":"closed","ping_status":"closed","template":"","meta":{"_acf_changed":false,"footnotes":""},"class_list":["post-139","page","type-page","status-publish","hentry"],"acf":[],"yoast_head":"<!-- This site is optimized with the Yoast SEO plugin v27.3 - https:\/\/yoast.com\/product\/yoast-seo-wordpress\/ -->\n<title>Hvorfor st\u00f8tte InterForce? - InterForce<\/title>\n<meta name=\"description\" content=\"Med jeres st\u00f8tte viser i, at I aktivt slutter op om Danmarks sikkerhed. Og at I st\u00f8tter jeres kollegaer, der er medlem af Reservestyrken.\" \/>\n<meta name=\"robots\" content=\"index, follow, max-snippet:-1, max-image-preview:large, max-video-preview:-1\" \/>\n<link rel=\"canonical\" href=\"https:\/\/www.interforce.dk\/kl\/hvorfor-stoette-interforce\/\" \/>\n<meta property=\"og:locale\" content=\"en_US\" \/>\n<meta property=\"og:type\" content=\"article\" \/>\n<meta property=\"og:title\" content=\"Hvorfor st\u00f8tte InterForce? - InterForce\" \/>\n<meta property=\"og:description\" content=\"Med jeres st\u00f8tte viser i, at I aktivt slutter op om Danmarks sikkerhed. Og at I st\u00f8tter jeres kollegaer, der er medlem af Reservestyrken.\" \/>\n<meta property=\"og:url\" content=\"https:\/\/www.interforce.dk\/kl\/hvorfor-stoette-interforce\/\" \/>\n<meta property=\"og:site_name\" content=\"InterForce\" \/>\n<meta property=\"article:modified_time\" content=\"2026-02-02T13:46:11+00:00\" \/>\n<meta property=\"og:image\" content=\"https:\/\/www.interforce.dk\/app\/uploads\/2025\/01\/2024-04-09-INTERFORCE-DSC_7057-1024x681.jpg\" \/>\n<meta name=\"twitter:card\" content=\"summary_large_image\" \/>\n<meta name=\"twitter:label1\" content=\"Est. reading time\" \/>\n\t<meta name=\"twitter:data1\" content=\"2 minutes\" \/>\n<script type=\"application\/ld+json\" class=\"yoast-schema-graph\">{\"@context\":\"https:\\\/\\\/schema.org\",\"@graph\":[{\"@type\":\"WebPage\",\"@id\":\"https:\\\/\\\/www.interforce.dk\\\/hvorfor-stoette-interforce\\\/\",\"url\":\"https:\\\/\\\/www.interforce.dk\\\/hvorfor-stoette-interforce\\\/\",\"name\":\"Hvorfor st\u00f8tte InterForce? - InterForce\",\"isPartOf\":{\"@id\":\"https:\\\/\\\/www.interforce.dk\\\/#website\"},\"primaryImageOfPage\":{\"@id\":\"https:\\\/\\\/www.interforce.dk\\\/hvorfor-stoette-interforce\\\/#primaryimage\"},\"image\":{\"@id\":\"https:\\\/\\\/www.interforce.dk\\\/hvorfor-stoette-interforce\\\/#primaryimage\"},\"thumbnailUrl\":\"https:\\\/\\\/www.interforce.dk\\\/app\\\/uploads\\\/2025\\\/01\\\/2024-04-09-INTERFORCE-DSC_7057-1024x681.jpg\",\"datePublished\":\"2018-12-18T15:25:14+00:00\",\"dateModified\":\"2026-02-02T13:46:11+00:00\",\"description\":\"Med jeres st\u00f8tte viser i, at I aktivt slutter op om Danmarks sikkerhed. Og at I st\u00f8tter jeres kollegaer, der er medlem af Reservestyrken.\",\"breadcrumb\":{\"@id\":\"https:\\\/\\\/www.interforce.dk\\\/hvorfor-stoette-interforce\\\/#breadcrumb\"},\"inLanguage\":\"kl-GL\",\"potentialAction\":[{\"@type\":\"ReadAction\",\"target\":[\"https:\\\/\\\/www.interforce.dk\\\/hvorfor-stoette-interforce\\\/\"]}]},{\"@type\":\"ImageObject\",\"inLanguage\":\"kl-GL\",\"@id\":\"https:\\\/\\\/www.interforce.dk\\\/hvorfor-stoette-interforce\\\/#primaryimage\",\"url\":\"https:\\\/\\\/www.interforce.dk\\\/app\\\/uploads\\\/2025\\\/01\\\/2024-04-09-INTERFORCE-DSC_7057-1024x681.jpg\",\"contentUrl\":\"https:\\\/\\\/www.interforce.dk\\\/app\\\/uploads\\\/2025\\\/01\\\/2024-04-09-INTERFORCE-DSC_7057-1024x681.jpg\"},{\"@type\":\"BreadcrumbList\",\"@id\":\"https:\\\/\\\/www.interforce.dk\\\/hvorfor-stoette-interforce\\\/#breadcrumb\",\"itemListElement\":[{\"@type\":\"ListItem\",\"position\":1,\"name\":\"Hjem\",\"item\":\"https:\\\/\\\/www.interforce.dk\\\/\"},{\"@type\":\"ListItem\",\"position\":2,\"name\":\"Hvorfor st\u00f8tte InterForce?\"}]},{\"@type\":\"WebSite\",\"@id\":\"https:\\\/\\\/www.interforce.dk\\\/#website\",\"url\":\"https:\\\/\\\/www.interforce.dk\\\/\",\"name\":\"InterForce\",\"description\":\"\",\"potentialAction\":[{\"@type\":\"SearchAction\",\"target\":{\"@type\":\"EntryPoint\",\"urlTemplate\":\"https:\\\/\\\/www.interforce.dk\\\/?s={search_term_string}\"},\"query-input\":{\"@type\":\"PropertyValueSpecification\",\"valueRequired\":true,\"valueName\":\"search_term_string\"}}],\"inLanguage\":\"kl-GL\"}]}<\/script>\n<!-- \/ Yoast SEO plugin. -->","yoast_head_json":{"title":"Hvorfor st\u00f8tte InterForce? - InterForce","description":"Med jeres st\u00f8tte viser i, at I aktivt slutter op om Danmarks sikkerhed. Og at I st\u00f8tter jeres kollegaer, der er medlem af Reservestyrken.","robots":{"index":"index","follow":"follow","max-snippet":"max-snippet:-1","max-image-preview":"max-image-preview:large","max-video-preview":"max-video-preview:-1"},"canonical":"https:\/\/www.interforce.dk\/kl\/hvorfor-stoette-interforce\/","og_locale":"en_US","og_type":"article","og_title":"Hvorfor st\u00f8tte InterForce? - InterForce","og_description":"Med jeres st\u00f8tte viser i, at I aktivt slutter op om Danmarks sikkerhed. Og at I st\u00f8tter jeres kollegaer, der er medlem af Reservestyrken.","og_url":"https:\/\/www.interforce.dk\/kl\/hvorfor-stoette-interforce\/","og_site_name":"InterForce","article_modified_time":"2026-02-02T13:46:11+00:00","og_image":[{"url":"https:\/\/www.interforce.dk\/app\/uploads\/2025\/01\/2024-04-09-INTERFORCE-DSC_7057-1024x681.jpg","type":"","width":"","height":""}],"twitter_card":"summary_large_image","twitter_misc":{"Est. reading time":"2 minutes"},"schema":{"@context":"https:\/\/schema.org","@graph":[{"@type":"WebPage","@id":"https:\/\/www.interforce.dk\/hvorfor-stoette-interforce\/","url":"https:\/\/www.interforce.dk\/hvorfor-stoette-interforce\/","name":"Hvorfor st\u00f8tte InterForce? - InterForce","isPartOf":{"@id":"https:\/\/www.interforce.dk\/#website"},"primaryImageOfPage":{"@id":"https:\/\/www.interforce.dk\/hvorfor-stoette-interforce\/#primaryimage"},"image":{"@id":"https:\/\/www.interforce.dk\/hvorfor-stoette-interforce\/#primaryimage"},"thumbnailUrl":"https:\/\/www.interforce.dk\/app\/uploads\/2025\/01\/2024-04-09-INTERFORCE-DSC_7057-1024x681.jpg","datePublished":"2018-12-18T15:25:14+00:00","dateModified":"2026-02-02T13:46:11+00:00","description":"Med jeres st\u00f8tte viser i, at I aktivt slutter op om Danmarks sikkerhed. Og at I st\u00f8tter jeres kollegaer, der er medlem af Reservestyrken.","breadcrumb":{"@id":"https:\/\/www.interforce.dk\/hvorfor-stoette-interforce\/#breadcrumb"},"inLanguage":"kl-GL","potentialAction":[{"@type":"ReadAction","target":["https:\/\/www.interforce.dk\/hvorfor-stoette-interforce\/"]}]},{"@type":"ImageObject","inLanguage":"kl-GL","@id":"https:\/\/www.interforce.dk\/hvorfor-stoette-interforce\/#primaryimage","url":"https:\/\/www.interforce.dk\/app\/uploads\/2025\/01\/2024-04-09-INTERFORCE-DSC_7057-1024x681.jpg","contentUrl":"https:\/\/www.interforce.dk\/app\/uploads\/2025\/01\/2024-04-09-INTERFORCE-DSC_7057-1024x681.jpg"},{"@type":"BreadcrumbList","@id":"https:\/\/www.interforce.dk\/hvorfor-stoette-interforce\/#breadcrumb","itemListElement":[{"@type":"ListItem","position":1,"name":"Hjem","item":"https:\/\/www.interforce.dk\/"},{"@type":"ListItem","position":2,"name":"Hvorfor st\u00f8tte InterForce?"}]},{"@type":"WebSite","@id":"https:\/\/www.interforce.dk\/#website","url":"https:\/\/www.interforce.dk\/","name":"InterForce","description":"","potentialAction":[{"@type":"SearchAction","target":{"@type":"EntryPoint","urlTemplate":"https:\/\/www.interforce.dk\/?s={search_term_string}"},"query-input":{"@type":"PropertyValueSpecification","valueRequired":true,"valueName":"search_term_string"}}],"inLanguage":"kl-GL"}]}},"_links":{"self":[{"href":"https:\/\/www.interforce.dk\/kl\/wp-json\/wp\/v2\/pages\/139","targetHints":{"allow":["GET"]}}],"collection":[{"href":"https:\/\/www.interforce.dk\/kl\/wp-json\/wp\/v2\/pages"}],"about":[{"href":"https:\/\/www.interforce.dk\/kl\/wp-json\/wp\/v2\/types\/page"}],"author":[{"embeddable":true,"href":"https:\/\/www.interforce.dk\/kl\/wp-json\/wp\/v2\/users\/2"}],"replies":[{"embeddable":true,"href":"https:\/\/www.interforce.dk\/kl\/wp-json\/wp\/v2\/comments?post=139"}],"version-history":[{"count":15,"href":"https:\/\/www.interforce.dk\/kl\/wp-json\/wp\/v2\/pages\/139\/revisions"}],"predecessor-version":[{"id":18139,"href":"https:\/\/www.interforce.dk\/kl\/wp-json\/wp\/v2\/pages\/139\/revisions\/18139"}],"wp:attachment":[{"href":"https:\/\/www.interforce.dk\/kl\/wp-json\/wp\/v2\/media?parent=139"}],"curies":[{"name":"wp","href":"https:\/\/api.w.org\/{rel}","templated":true}]}}