{"id":13883,"date":"2023-03-21T12:31:10","date_gmt":"2023-03-21T12:31:10","guid":{"rendered":"https:\/\/www.interforce.dk\/?page_id=13883"},"modified":"2023-05-10T12:01:55","modified_gmt":"2023-05-10T12:01:55","slug":"hvilke-kompetencer-har-militaerfolk","status":"publish","type":"page","link":"https:\/\/www.interforce.dk\/kl\/hvilke-kompetencer-har-militaerfolk\/","title":{"rendered":"Sakkutuut qanoq piginnaasaqarpat?"},"content":{"rendered":"<div class=\"block core-block core-block--image\">\n      <div class=\"inner inner--small\">\n      \n<figure class=\"wp-block-image size-large\"><img loading=\"lazy\" decoding=\"async\" width=\"1024\" height=\"683\" src=\"https:\/\/www.interforce.dk\/app\/uploads\/2023\/03\/IMG_1633-1024x683.jpg\" alt=\"\" class=\"wp-image-13884\" srcset=\"https:\/\/www.interforce.dk\/app\/uploads\/2023\/03\/IMG_1633-1024x683.jpg 1024w, https:\/\/www.interforce.dk\/app\/uploads\/2023\/03\/IMG_1633-300x200.jpg 300w, https:\/\/www.interforce.dk\/app\/uploads\/2023\/03\/IMG_1633-768x512.jpg 768w, https:\/\/www.interforce.dk\/app\/uploads\/2023\/03\/IMG_1633-1536x1024.jpg 1536w, https:\/\/www.interforce.dk\/app\/uploads\/2023\/03\/IMG_1633-2048x1365.jpg 2048w, https:\/\/www.interforce.dk\/app\/uploads\/2023\/03\/IMG_1633-18x12.jpg 18w\" sizes=\"auto, (max-width: 1024px) 100vw, 1024px\" \/><\/figure>\n\n      <\/div>\n  <\/div>\n<div class=\"block core-block core-block--paragraph\">\n      <div class=\"inner inner--small\">\n      \n<p>Illersornissaqarfimmi pissutsit arlalitsigut allaanerulluinnartuupput.<br><br>Taamaattumillu sakkutuut piginnaasaannik paasissutissanik ataani suliaqarpugut, taakku atuarlugit konstabel-i, befalingsmand-i (sakkutuut naalagaaraat) imaluunniit officer-i (sakkutuut naalagaat) qanoq piginnaasaqarnersut atuarsinnaavatit.<\/p>\n\n      <\/div>\n  <\/div>\n<div class=\"block core-block core-block--paragraph\">\n      <div class=\"inner inner--small\">\n      \n<p>Illersornissaqarfimmut attuuumassuteqarsimanngikkaanni paasissutissat iluaqutaasinnaapput, soorlu Oversergent-ip piginnaasai paasisaqarfiginiaraanni imaluunniit Kaptajnip piginnaasaai paasiumagaanni. <\/p>\n\n      <\/div>\n  <\/div>\n<div class=\"block core-block core-block--paragraph\">\n      <div class=\"inner inner--small\">\n      \n<p>Aammali quppersagaaqqat sulisitsisorisarnut tunniussinnaavatit, taamatullu paasitillugu sakkutuutut qanoq piginnaasaqarnerlutit.<\/p>\n\n      <\/div>\n  <\/div>\n<div class=\"block core-block core-block--paragraph\">\n      <div class=\"inner inner--small\">\n      \n<p>Siornatigut sakkutuujusimaguit aamma iluaqutigisinnaavatit, sinniisutut imaluunniit kajumissutsimik suliaqarusukkuit taava sulisitsisut oqaloqatigissallugu aallaavigisinnaassavatit, qanoq sulinerit sinniisuunerillu ilusilersorsinnaanerissi eqqartorlugu.<\/p>\n\n      <\/div>\n  <\/div>\n<div class=\"block core-block core-block--paragraph\">\n      <div class=\"inner inner--small\">\n      \n<p>Aammali oqaloqatigiiinnissamut quppersakkat nassarsinnaavatit, sakkutuutut piginnaasatit pillugit nassuiaanerni tunngavigisinnaavatit, piginnaasarpassuatillu suliffinni qanoq atorneqarsinnaanersut paasitillugit.<\/p>\n\n      <\/div>\n  <\/div>\n<div class=\"block core-block core-block--paragraph align-center\">\n      <div class=\"inner inner--small\">\n      \n<p class=\"has-text-align-center\"><strong>Quppersakkat toorlugit atuakkit (qallunaatuinnaq saqqummersitat)<\/strong><\/p>\n\n      <\/div>\n  <\/div>\n<div class=\"block core-block core-block--paragraph\">\n      <div class=\"inner inner--small\">\n      \n<p><\/p>\n\n      <\/div>\n  <\/div>\n<div class=\"block core-block core-block--columns\">\n      <div class=\"inner inner--small\">\n      \n<div class=\"wp-block-columns has-3-columns\"><div class=\"block core-block core-block--column\">\n      \n<div class=\"wp-block-column\"><div class=\"block core-block core-block--image\">\n      \n<figure class=\"wp-block-image size-full\"><a href=\"https:\/\/www.interforce.dk\/kl\/app\/uploads\/2023\/03\/Kompetencefolder-Konstabelgruppen.pdf\/\" target=\"_blank\" rel=\"noreferrer noopener\"><img loading=\"lazy\" decoding=\"async\" width=\"641\" height=\"911\" src=\"https:\/\/www.interforce.dk\/app\/uploads\/2023\/03\/Konstabel.jpg\" alt=\"\" class=\"wp-image-13885\" srcset=\"https:\/\/www.interforce.dk\/app\/uploads\/2023\/03\/Konstabel.jpg 641w, https:\/\/www.interforce.dk\/app\/uploads\/2023\/03\/Konstabel-211x300.jpg 211w, https:\/\/www.interforce.dk\/app\/uploads\/2023\/03\/Konstabel-8x12.jpg 8w\" sizes=\"auto, (max-width: 641px) 100vw, 641px\" \/><\/a><\/figure>\n\n  <\/div>\n<\/div>\n\n  <\/div>\n\n\n<div class=\"block core-block core-block--column\">\n      \n<div class=\"wp-block-column\"><div class=\"block core-block core-block--image\">\n      \n<figure class=\"wp-block-image size-full\"><a href=\"https:\/\/www.interforce.dk\/kl\/app\/uploads\/2023\/03\/Kompetencefolder-Befalingsmaend.pdf\/\" target=\"_blank\" rel=\"noreferrer noopener\"><img loading=\"lazy\" decoding=\"async\" width=\"643\" height=\"911\" src=\"https:\/\/www.interforce.dk\/app\/uploads\/2023\/03\/Befalingsmand.jpg\" alt=\"\" class=\"wp-image-13886\" srcset=\"https:\/\/www.interforce.dk\/app\/uploads\/2023\/03\/Befalingsmand.jpg 643w, https:\/\/www.interforce.dk\/app\/uploads\/2023\/03\/Befalingsmand-212x300.jpg 212w, https:\/\/www.interforce.dk\/app\/uploads\/2023\/03\/Befalingsmand-8x12.jpg 8w\" sizes=\"auto, (max-width: 643px) 100vw, 643px\" \/><\/a><\/figure>\n\n  <\/div>\n<\/div>\n\n  <\/div>\n\n\n<div class=\"block core-block core-block--column\">\n      \n<div class=\"wp-block-column\"><div class=\"block core-block core-block--image\">\n      \n<figure class=\"wp-block-image size-full\"><a href=\"https:\/\/www.interforce.dk\/kl\/app\/uploads\/2023\/03\/Kompetencefolder-Officerer.pdf\/\" target=\"_blank\" rel=\"noreferrer noopener\"><img loading=\"lazy\" decoding=\"async\" width=\"640\" height=\"908\" src=\"https:\/\/www.interforce.dk\/app\/uploads\/2023\/03\/Officer.jpg\" alt=\"\" class=\"wp-image-13887\" srcset=\"https:\/\/www.interforce.dk\/app\/uploads\/2023\/03\/Officer.jpg 640w, https:\/\/www.interforce.dk\/app\/uploads\/2023\/03\/Officer-211x300.jpg 211w, https:\/\/www.interforce.dk\/app\/uploads\/2023\/03\/Officer-8x12.jpg 8w\" sizes=\"auto, (max-width: 640px) 100vw, 640px\" \/><\/a><\/figure>\n\n  <\/div>\n<\/div>\n\n  <\/div>\n<\/div>\n\n      <\/div>\n  <\/div>","protected":false},"excerpt":{"rendered":"Forsvaret er p\u00e5 mange m\u00e5der en verden for sig.Derfor har vi lavet de kompetenc...","protected":false},"author":111,"featured_media":0,"parent":0,"menu_order":0,"comment_status":"closed","ping_status":"closed","template":"","meta":{"_acf_changed":false,"footnotes":""},"class_list":["post-13883","page","type-page","status-publish","hentry"],"acf":[],"yoast_head":"<!-- This site is optimized with the Yoast SEO plugin v27.3 - https:\/\/yoast.com\/product\/yoast-seo-wordpress\/ -->\n<title>Hvilke kompetencer har milit\u00e6rfolk? - InterForce<\/title>\n<meta name=\"description\" content=\"Letl\u00e6ste foldere, der giver en god oversigt over, pr\u00e6cis hvilke faglige kompetencer konstabler, befalingsm\u00e6nd og officerer har.\" \/>\n<meta name=\"robots\" content=\"index, follow, max-snippet:-1, max-image-preview:large, max-video-preview:-1\" \/>\n<link rel=\"canonical\" href=\"https:\/\/www.interforce.dk\/kl\/hvilke-kompetencer-har-militaerfolk\/\" \/>\n<meta property=\"og:locale\" content=\"en_US\" \/>\n<meta property=\"og:type\" content=\"article\" \/>\n<meta property=\"og:title\" content=\"Hvilke kompetencer har milit\u00e6rfolk? - InterForce\" \/>\n<meta property=\"og:description\" content=\"Letl\u00e6ste foldere, der giver en god oversigt over, pr\u00e6cis hvilke faglige kompetencer konstabler, befalingsm\u00e6nd og officerer har.\" \/>\n<meta property=\"og:url\" content=\"https:\/\/www.interforce.dk\/kl\/hvilke-kompetencer-har-militaerfolk\/\" \/>\n<meta property=\"og:site_name\" content=\"InterForce\" \/>\n<meta property=\"article:modified_time\" content=\"2023-05-10T12:01:55+00:00\" \/>\n<meta property=\"og:image\" content=\"https:\/\/www.interforce.dk\/app\/uploads\/2023\/03\/IMG_1633-1024x683.jpg\" \/>\n<meta name=\"twitter:card\" content=\"summary_large_image\" \/>\n<meta name=\"twitter:label1\" content=\"Est. reading time\" \/>\n\t<meta name=\"twitter:data1\" content=\"2 minutes\" \/>\n<script type=\"application\/ld+json\" class=\"yoast-schema-graph\">{\"@context\":\"https:\\\/\\\/schema.org\",\"@graph\":[{\"@type\":\"WebPage\",\"@id\":\"https:\\\/\\\/www.interforce.dk\\\/hvilke-kompetencer-har-militaerfolk\\\/\",\"url\":\"https:\\\/\\\/www.interforce.dk\\\/hvilke-kompetencer-har-militaerfolk\\\/\",\"name\":\"Hvilke kompetencer har milit\u00e6rfolk? - InterForce\",\"isPartOf\":{\"@id\":\"https:\\\/\\\/www.interforce.dk\\\/#website\"},\"primaryImageOfPage\":{\"@id\":\"https:\\\/\\\/www.interforce.dk\\\/hvilke-kompetencer-har-militaerfolk\\\/#primaryimage\"},\"image\":{\"@id\":\"https:\\\/\\\/www.interforce.dk\\\/hvilke-kompetencer-har-militaerfolk\\\/#primaryimage\"},\"thumbnailUrl\":\"https:\\\/\\\/www.interforce.dk\\\/app\\\/uploads\\\/2023\\\/03\\\/IMG_1633-1024x683.jpg\",\"datePublished\":\"2023-03-21T12:31:10+00:00\",\"dateModified\":\"2023-05-10T12:01:55+00:00\",\"description\":\"Letl\u00e6ste foldere, der giver en god oversigt over, pr\u00e6cis hvilke faglige kompetencer konstabler, befalingsm\u00e6nd og officerer har.\",\"breadcrumb\":{\"@id\":\"https:\\\/\\\/www.interforce.dk\\\/hvilke-kompetencer-har-militaerfolk\\\/#breadcrumb\"},\"inLanguage\":\"kl-GL\",\"potentialAction\":[{\"@type\":\"ReadAction\",\"target\":[\"https:\\\/\\\/www.interforce.dk\\\/hvilke-kompetencer-har-militaerfolk\\\/\"]}]},{\"@type\":\"ImageObject\",\"inLanguage\":\"kl-GL\",\"@id\":\"https:\\\/\\\/www.interforce.dk\\\/hvilke-kompetencer-har-militaerfolk\\\/#primaryimage\",\"url\":\"https:\\\/\\\/www.interforce.dk\\\/app\\\/uploads\\\/2023\\\/03\\\/IMG_1633-1024x683.jpg\",\"contentUrl\":\"https:\\\/\\\/www.interforce.dk\\\/app\\\/uploads\\\/2023\\\/03\\\/IMG_1633-1024x683.jpg\"},{\"@type\":\"BreadcrumbList\",\"@id\":\"https:\\\/\\\/www.interforce.dk\\\/hvilke-kompetencer-har-militaerfolk\\\/#breadcrumb\",\"itemListElement\":[{\"@type\":\"ListItem\",\"position\":1,\"name\":\"Hjem\",\"item\":\"https:\\\/\\\/www.interforce.dk\\\/\"},{\"@type\":\"ListItem\",\"position\":2,\"name\":\"Hvilke kompetencer har milit\u00e6rfolk?\"}]},{\"@type\":\"WebSite\",\"@id\":\"https:\\\/\\\/www.interforce.dk\\\/#website\",\"url\":\"https:\\\/\\\/www.interforce.dk\\\/\",\"name\":\"InterForce\",\"description\":\"\",\"potentialAction\":[{\"@type\":\"SearchAction\",\"target\":{\"@type\":\"EntryPoint\",\"urlTemplate\":\"https:\\\/\\\/www.interforce.dk\\\/?s={search_term_string}\"},\"query-input\":{\"@type\":\"PropertyValueSpecification\",\"valueRequired\":true,\"valueName\":\"search_term_string\"}}],\"inLanguage\":\"kl-GL\"}]}<\/script>\n<!-- \/ Yoast SEO plugin. -->","yoast_head_json":{"title":"Hvilke kompetencer har milit\u00e6rfolk? - InterForce","description":"Letl\u00e6ste foldere, der giver en god oversigt over, pr\u00e6cis hvilke faglige kompetencer konstabler, befalingsm\u00e6nd og officerer har.","robots":{"index":"index","follow":"follow","max-snippet":"max-snippet:-1","max-image-preview":"max-image-preview:large","max-video-preview":"max-video-preview:-1"},"canonical":"https:\/\/www.interforce.dk\/kl\/hvilke-kompetencer-har-militaerfolk\/","og_locale":"en_US","og_type":"article","og_title":"Hvilke kompetencer har milit\u00e6rfolk? - InterForce","og_description":"Letl\u00e6ste foldere, der giver en god oversigt over, pr\u00e6cis hvilke faglige kompetencer konstabler, befalingsm\u00e6nd og officerer har.","og_url":"https:\/\/www.interforce.dk\/kl\/hvilke-kompetencer-har-militaerfolk\/","og_site_name":"InterForce","article_modified_time":"2023-05-10T12:01:55+00:00","og_image":[{"url":"https:\/\/www.interforce.dk\/app\/uploads\/2023\/03\/IMG_1633-1024x683.jpg","type":"","width":"","height":""}],"twitter_card":"summary_large_image","twitter_misc":{"Est. reading time":"2 minutes"},"schema":{"@context":"https:\/\/schema.org","@graph":[{"@type":"WebPage","@id":"https:\/\/www.interforce.dk\/hvilke-kompetencer-har-militaerfolk\/","url":"https:\/\/www.interforce.dk\/hvilke-kompetencer-har-militaerfolk\/","name":"Hvilke kompetencer har milit\u00e6rfolk? - InterForce","isPartOf":{"@id":"https:\/\/www.interforce.dk\/#website"},"primaryImageOfPage":{"@id":"https:\/\/www.interforce.dk\/hvilke-kompetencer-har-militaerfolk\/#primaryimage"},"image":{"@id":"https:\/\/www.interforce.dk\/hvilke-kompetencer-har-militaerfolk\/#primaryimage"},"thumbnailUrl":"https:\/\/www.interforce.dk\/app\/uploads\/2023\/03\/IMG_1633-1024x683.jpg","datePublished":"2023-03-21T12:31:10+00:00","dateModified":"2023-05-10T12:01:55+00:00","description":"Letl\u00e6ste foldere, der giver en god oversigt over, pr\u00e6cis hvilke faglige kompetencer konstabler, befalingsm\u00e6nd og officerer har.","breadcrumb":{"@id":"https:\/\/www.interforce.dk\/hvilke-kompetencer-har-militaerfolk\/#breadcrumb"},"inLanguage":"kl-GL","potentialAction":[{"@type":"ReadAction","target":["https:\/\/www.interforce.dk\/hvilke-kompetencer-har-militaerfolk\/"]}]},{"@type":"ImageObject","inLanguage":"kl-GL","@id":"https:\/\/www.interforce.dk\/hvilke-kompetencer-har-militaerfolk\/#primaryimage","url":"https:\/\/www.interforce.dk\/app\/uploads\/2023\/03\/IMG_1633-1024x683.jpg","contentUrl":"https:\/\/www.interforce.dk\/app\/uploads\/2023\/03\/IMG_1633-1024x683.jpg"},{"@type":"BreadcrumbList","@id":"https:\/\/www.interforce.dk\/hvilke-kompetencer-har-militaerfolk\/#breadcrumb","itemListElement":[{"@type":"ListItem","position":1,"name":"Hjem","item":"https:\/\/www.interforce.dk\/"},{"@type":"ListItem","position":2,"name":"Hvilke kompetencer har milit\u00e6rfolk?"}]},{"@type":"WebSite","@id":"https:\/\/www.interforce.dk\/#website","url":"https:\/\/www.interforce.dk\/","name":"InterForce","description":"","potentialAction":[{"@type":"SearchAction","target":{"@type":"EntryPoint","urlTemplate":"https:\/\/www.interforce.dk\/?s={search_term_string}"},"query-input":{"@type":"PropertyValueSpecification","valueRequired":true,"valueName":"search_term_string"}}],"inLanguage":"kl-GL"}]}},"_links":{"self":[{"href":"https:\/\/www.interforce.dk\/kl\/wp-json\/wp\/v2\/pages\/13883","targetHints":{"allow":["GET"]}}],"collection":[{"href":"https:\/\/www.interforce.dk\/kl\/wp-json\/wp\/v2\/pages"}],"about":[{"href":"https:\/\/www.interforce.dk\/kl\/wp-json\/wp\/v2\/types\/page"}],"author":[{"embeddable":true,"href":"https:\/\/www.interforce.dk\/kl\/wp-json\/wp\/v2\/users\/111"}],"replies":[{"embeddable":true,"href":"https:\/\/www.interforce.dk\/kl\/wp-json\/wp\/v2\/comments?post=13883"}],"version-history":[{"count":10,"href":"https:\/\/www.interforce.dk\/kl\/wp-json\/wp\/v2\/pages\/13883\/revisions"}],"predecessor-version":[{"id":14186,"href":"https:\/\/www.interforce.dk\/kl\/wp-json\/wp\/v2\/pages\/13883\/revisions\/14186"}],"wp:attachment":[{"href":"https:\/\/www.interforce.dk\/kl\/wp-json\/wp\/v2\/media?parent=13883"}],"curies":[{"name":"wp","href":"https:\/\/api.w.org\/{rel}","templated":true}]}}