{"id":11846,"date":"2021-11-10T09:46:52","date_gmt":"2021-11-10T09:46:52","guid":{"rendered":"https:\/\/www.interforce.dk\/?page_id=11846"},"modified":"2021-11-10T09:46:52","modified_gmt":"2021-11-10T09:46:52","slug":"icesr","status":"publish","type":"page","link":"https:\/\/www.interforce.dk\/kl\/icesr\/","title":{"rendered":"ICESR"},"content":{"rendered":"<div class=\"block core-block core-block--paragraph\">\n      <div class=\"inner inner--small\">\n      \n<p>4. til 6. april 2022 vil InterForce i K\u00f8benhavn v\u00e6re v\u00e6rt for den 6. internationale konference om arbejdsgiverst\u00f8tte til reserven: International Conference on Employer Support for the Reserves (ICESR).<br>Konferencens prim\u00e6re m\u00e5l er at dele information og erfaringer om m\u00e5der at st\u00f8tte civile arbejdsgivere til reservister og frivillige med en tilknytning til Forsvaret og Hjemmev\u00e6rnet, samt at unders\u00f8ge fremtidige retninger for udvikling og anvendelse af reservister. Konferencen samler hvert andet \u00e5r reservestyrkechefer, arbejdsgivere, repr\u00e6sentanter for uddannelsesinstitutioner og andre fra op til 20 forskellige lande, hvoraf de fleste ogs\u00e5 er medlemmer i NATO\u2019s National Reserve Forces Committee (NRFC). Tidligere konferencer er for eksempel gennemf\u00f8rt i Ottawa (Canada, 2011), Brno (Den Tjekkiske Republik, 2013), Rotterdam (Holland, 2015) Stockholm (2017) og i 2019 i USA (Washington). Temaer for konferencerne har f.eks. v\u00e6ret arbejdsgiverengagement og uddannelse, udvikle &#8220;best practices&#8221; samt at pege p\u00e5 fordele for b\u00e5de Forsvaret\/Hjemmev\u00e6rnet og for de civile arbejdsgivere.<\/p>\n\n      <\/div>\n  <\/div>\n<div class=\"block core-block core-block--image\">\n      <div class=\"inner inner--small\">\n      \n<figure class=\"wp-block-image size-large is-style-default\"><img loading=\"lazy\" decoding=\"async\" width=\"1024\" height=\"724\" src=\"\/app\/uploads\/2021\/11\/IF_Konf_logo_Master-ICESR-1024x724.jpg\" alt=\"\" class=\"wp-image-11847\" srcset=\"https:\/\/www.interforce.dk\/app\/uploads\/2021\/11\/IF_Konf_logo_Master-ICESR-1024x724.jpg 1024w, https:\/\/www.interforce.dk\/app\/uploads\/2021\/11\/IF_Konf_logo_Master-ICESR-300x212.jpg 300w, https:\/\/www.interforce.dk\/app\/uploads\/2021\/11\/IF_Konf_logo_Master-ICESR-768x543.jpg 768w, https:\/\/www.interforce.dk\/app\/uploads\/2021\/11\/IF_Konf_logo_Master-ICESR-1536x1086.jpg 1536w, https:\/\/www.interforce.dk\/app\/uploads\/2021\/11\/IF_Konf_logo_Master-ICESR-2048x1448.jpg 2048w, https:\/\/www.interforce.dk\/app\/uploads\/2021\/11\/IF_Konf_logo_Master-ICESR-16x12.jpg 16w\" sizes=\"auto, (max-width: 1024px) 100vw, 1024px\" \/><\/figure>\n\n      <\/div>\n  <\/div>","protected":false},"excerpt":{"rendered":"4. til 6. april 2022 vil InterForce i K\u00f8benhavn v\u00e6re v\u00e6rt for den 6. internat...","protected":false},"author":111,"featured_media":0,"parent":0,"menu_order":0,"comment_status":"closed","ping_status":"closed","template":"","meta":{"_acf_changed":false,"footnotes":""},"class_list":["post-11846","page","type-page","status-publish","hentry"],"acf":[],"yoast_head":"<!-- This site is optimized with the Yoast SEO plugin v27.3 - https:\/\/yoast.com\/product\/yoast-seo-wordpress\/ -->\n<title>ICESR - InterForce<\/title>\n<meta name=\"robots\" content=\"index, follow, max-snippet:-1, max-image-preview:large, max-video-preview:-1\" \/>\n<link rel=\"canonical\" href=\"https:\/\/www.interforce.dk\/kl\/icesr\/\" \/>\n<meta property=\"og:locale\" content=\"en_US\" \/>\n<meta property=\"og:type\" content=\"article\" \/>\n<meta property=\"og:title\" content=\"ICESR - InterForce\" \/>\n<meta property=\"og:description\" content=\"4. til 6. april 2022 vil InterForce i K\u00f8benhavn v\u00e6re v\u00e6rt for den 6. internationale konference om arbejdsgiverst\u00f8tte til reserven: International Conference on Employer Support for the Reserves (ICESR).Konferencens prim\u00e6re m\u00e5l er at dele information og erfaringer om m\u00e5der at st\u00f8tte civile arbejdsgivere til reservister og frivillige med en tilknytning til Forsvaret og Hjemmev\u00e6rnet, samt &hellip;\" \/>\n<meta property=\"og:url\" content=\"https:\/\/www.interforce.dk\/kl\/icesr\/\" \/>\n<meta property=\"og:site_name\" content=\"InterForce\" \/>\n<meta name=\"twitter:card\" content=\"summary_large_image\" \/>\n<meta name=\"twitter:label1\" content=\"Est. reading time\" \/>\n\t<meta name=\"twitter:data1\" content=\"1 minute\" \/>\n<script type=\"application\/ld+json\" class=\"yoast-schema-graph\">{\"@context\":\"https:\\\/\\\/schema.org\",\"@graph\":[{\"@type\":\"WebPage\",\"@id\":\"https:\\\/\\\/www.interforce.dk\\\/icesr\\\/\",\"url\":\"https:\\\/\\\/www.interforce.dk\\\/icesr\\\/\",\"name\":\"ICESR - InterForce\",\"isPartOf\":{\"@id\":\"https:\\\/\\\/www.interforce.dk\\\/#website\"},\"datePublished\":\"2021-11-10T09:46:52+00:00\",\"breadcrumb\":{\"@id\":\"https:\\\/\\\/www.interforce.dk\\\/icesr\\\/#breadcrumb\"},\"inLanguage\":\"kl-GL\",\"potentialAction\":[{\"@type\":\"ReadAction\",\"target\":[\"https:\\\/\\\/www.interforce.dk\\\/icesr\\\/\"]}]},{\"@type\":\"BreadcrumbList\",\"@id\":\"https:\\\/\\\/www.interforce.dk\\\/icesr\\\/#breadcrumb\",\"itemListElement\":[{\"@type\":\"ListItem\",\"position\":1,\"name\":\"Hjem\",\"item\":\"https:\\\/\\\/www.interforce.dk\\\/\"},{\"@type\":\"ListItem\",\"position\":2,\"name\":\"ICESR\"}]},{\"@type\":\"WebSite\",\"@id\":\"https:\\\/\\\/www.interforce.dk\\\/#website\",\"url\":\"https:\\\/\\\/www.interforce.dk\\\/\",\"name\":\"InterForce\",\"description\":\"\",\"potentialAction\":[{\"@type\":\"SearchAction\",\"target\":{\"@type\":\"EntryPoint\",\"urlTemplate\":\"https:\\\/\\\/www.interforce.dk\\\/?s={search_term_string}\"},\"query-input\":{\"@type\":\"PropertyValueSpecification\",\"valueRequired\":true,\"valueName\":\"search_term_string\"}}],\"inLanguage\":\"kl-GL\"}]}<\/script>\n<!-- \/ Yoast SEO plugin. -->","yoast_head_json":{"title":"ICESR - InterForce","robots":{"index":"index","follow":"follow","max-snippet":"max-snippet:-1","max-image-preview":"max-image-preview:large","max-video-preview":"max-video-preview:-1"},"canonical":"https:\/\/www.interforce.dk\/kl\/icesr\/","og_locale":"en_US","og_type":"article","og_title":"ICESR - InterForce","og_description":"4. til 6. april 2022 vil InterForce i K\u00f8benhavn v\u00e6re v\u00e6rt for den 6. internationale konference om arbejdsgiverst\u00f8tte til reserven: International Conference on Employer Support for the Reserves (ICESR).Konferencens prim\u00e6re m\u00e5l er at dele information og erfaringer om m\u00e5der at st\u00f8tte civile arbejdsgivere til reservister og frivillige med en tilknytning til Forsvaret og Hjemmev\u00e6rnet, samt &hellip;","og_url":"https:\/\/www.interforce.dk\/kl\/icesr\/","og_site_name":"InterForce","twitter_card":"summary_large_image","twitter_misc":{"Est. reading time":"1 minute"},"schema":{"@context":"https:\/\/schema.org","@graph":[{"@type":"WebPage","@id":"https:\/\/www.interforce.dk\/icesr\/","url":"https:\/\/www.interforce.dk\/icesr\/","name":"ICESR - InterForce","isPartOf":{"@id":"https:\/\/www.interforce.dk\/#website"},"datePublished":"2021-11-10T09:46:52+00:00","breadcrumb":{"@id":"https:\/\/www.interforce.dk\/icesr\/#breadcrumb"},"inLanguage":"kl-GL","potentialAction":[{"@type":"ReadAction","target":["https:\/\/www.interforce.dk\/icesr\/"]}]},{"@type":"BreadcrumbList","@id":"https:\/\/www.interforce.dk\/icesr\/#breadcrumb","itemListElement":[{"@type":"ListItem","position":1,"name":"Hjem","item":"https:\/\/www.interforce.dk\/"},{"@type":"ListItem","position":2,"name":"ICESR"}]},{"@type":"WebSite","@id":"https:\/\/www.interforce.dk\/#website","url":"https:\/\/www.interforce.dk\/","name":"InterForce","description":"","potentialAction":[{"@type":"SearchAction","target":{"@type":"EntryPoint","urlTemplate":"https:\/\/www.interforce.dk\/?s={search_term_string}"},"query-input":{"@type":"PropertyValueSpecification","valueRequired":true,"valueName":"search_term_string"}}],"inLanguage":"kl-GL"}]}},"_links":{"self":[{"href":"https:\/\/www.interforce.dk\/kl\/wp-json\/wp\/v2\/pages\/11846","targetHints":{"allow":["GET"]}}],"collection":[{"href":"https:\/\/www.interforce.dk\/kl\/wp-json\/wp\/v2\/pages"}],"about":[{"href":"https:\/\/www.interforce.dk\/kl\/wp-json\/wp\/v2\/types\/page"}],"author":[{"embeddable":true,"href":"https:\/\/www.interforce.dk\/kl\/wp-json\/wp\/v2\/users\/111"}],"replies":[{"embeddable":true,"href":"https:\/\/www.interforce.dk\/kl\/wp-json\/wp\/v2\/comments?post=11846"}],"version-history":[{"count":1,"href":"https:\/\/www.interforce.dk\/kl\/wp-json\/wp\/v2\/pages\/11846\/revisions"}],"predecessor-version":[{"id":11848,"href":"https:\/\/www.interforce.dk\/kl\/wp-json\/wp\/v2\/pages\/11846\/revisions\/11848"}],"wp:attachment":[{"href":"https:\/\/www.interforce.dk\/kl\/wp-json\/wp\/v2\/media?parent=11846"}],"curies":[{"name":"wp","href":"https:\/\/api.w.org\/{rel}","templated":true}]}}