{"id":10445,"date":"2020-08-04T18:24:42","date_gmt":"2020-08-04T18:24:42","guid":{"rendered":"http:\/\/www.interforce.dk\/?page_id=10445"},"modified":"2022-12-12T12:06:38","modified_gmt":"2022-12-12T12:06:38","slug":"testimonials","status":"publish","type":"page","link":"https:\/\/www.interforce.dk\/kl\/testimonials\/","title":{"rendered":"Suliffeqarfiit qanoq isumaqarpat?"},"content":{"rendered":"<div class=\"block core-block core-block--paragraph\">\n      <div class=\"inner inner--small\">\n      \n<p><strong>Direkt\u00f8r i APM Terminals A\/S Per B\u00f8ch Andersen:<br><\/strong>\u201cInterForce giver v\u00e6rdi p\u00e5 flere fronter. Det er en \u00f8jen\u00e5bner for mine ansatte, som ser, at der ogs\u00e5 er et forsvar. Gennem InterForce viser virksomheden, at vi har nogle forpligtelser, og indirekte tror jeg faktisk ogs\u00e5, at det er med til give forsvaret noget opbakning. Det giver v\u00e6rdi til samfundet, til virksomhederne, til forsvaret. Og det \u00e5bner nogle d\u00f8re og afmystificerer m\u00e5ske ogs\u00e5 nogle ting om forsvaret, s\u00e5 det m\u00e5ske bliver lidt mere naturligt at forst\u00e5, at nogle er en del af forsvaret og den civile arbejdsplads p\u00e5 samme tid.\u201d<\/p>\n\n      <\/div>\n  <\/div>\n<div class=\"block core-block core-block--paragraph\">\n      <div class=\"inner inner--small\">\n      \n<p><strong>Direkt\u00f8r Jens Christian Lorenzen, tidl. formand for Dansk Selskab for Virksomhedsledelse:<\/strong><br>\u201cAnsvaret [for nationens sikkerhed] er f\u00f8rst og fremmest politikernes, men ansvaret p\u00e5hviler ogs\u00e5 erhvervslivet. (\u2026) Der (er) mange m\u00e5der at bidrage p\u00e5. Virksomhederne i InterForce bakker op om Forsvaret ved at st\u00f8tte de medarbejdere, som ved siden af deres civile karriere har en kontrakt med Forsvaret, og som med kort varsel kan sendes ud \u2013 uden at miste deres job.\u201d<\/p>\n\n      <\/div>\n  <\/div>\n<div class=\"block core-block core-block--paragraph\">\n      <div class=\"inner inner--small\">\n      \n<p><strong>Grundl\u00e6gger og CEO ved NetCompany Andr\u00e9 Rogaczewski:<br><\/strong>\u201cJeg synes begge verdener [forsvaret og erhvervslivet] har noget at give af. At have medarbejdere, der har et ansvar i uniform, kr\u00e6ver fleksibilitet, men det er noget, alle kolleger kan bakke op om. Det giver en passion i hele firmaet, at man i f\u00e6llesskab er med til at bakke op om Forsvaret og vores land.\u201d<\/p>\n\n      <\/div>\n  <\/div>\n<div class=\"block core-block core-block--paragraph\">\n      <div class=\"inner inner--small\">\n      \n<p><strong>Tidligere CEO for Hedeselskabet Lars Johansson:<br><\/strong>\u201cDe medarbejdere, der har ogs\u00e5 har valgt at have en tilknytning til Forsvaret, har valgt at s\u00e6tte et tema, et emne, en sag h\u00f8jere end sig selv. De har ogs\u00e5 en disciplin, som jeg synes er enormt v\u00e6sentlig. N\u00e5r vi n\u00e6vner InterForce i \u00e5rsrapporten, er det, fordi vi er stolte af medlemsskabet.\u201d<\/p>\n\n      <\/div>\n  <\/div>\n","protected":false},"excerpt":{"rendered":"Direkt\u00f8r i APM Terminals A\/S Per B\u00f8ch Andersen:\u201cInterForce giver v\u00e6rdi p\u00e5 ...","protected":false},"author":111,"featured_media":0,"parent":0,"menu_order":0,"comment_status":"closed","ping_status":"closed","template":"","meta":{"_acf_changed":false,"footnotes":""},"class_list":["post-10445","page","type-page","status-publish","hentry"],"acf":[],"yoast_head":"<!-- This site is optimized with the Yoast SEO plugin v27.3 - https:\/\/yoast.com\/product\/yoast-seo-wordpress\/ -->\n<title>Hvad siger virksomhederne? - InterForce<\/title>\n<meta name=\"robots\" content=\"index, follow, max-snippet:-1, max-image-preview:large, max-video-preview:-1\" \/>\n<link rel=\"canonical\" href=\"https:\/\/www.interforce.dk\/kl\/testimonials\/\" \/>\n<meta property=\"og:locale\" content=\"en_US\" \/>\n<meta property=\"og:type\" content=\"article\" \/>\n<meta property=\"og:title\" content=\"Hvad siger virksomhederne? - InterForce\" \/>\n<meta property=\"og:description\" content=\"Direkt\u00f8r i APM Terminals A\/S Per B\u00f8ch Andersen:\u201cInterForce giver v\u00e6rdi p\u00e5 flere fronter. Det er en \u00f8jen\u00e5bner for mine ansatte, som ser, at der ogs\u00e5 er et forsvar. Gennem InterForce viser virksomheden, at vi har nogle forpligtelser, og indirekte tror jeg faktisk ogs\u00e5, at det er med til give forsvaret noget opbakning. Det giver v\u00e6rdi &hellip;\" \/>\n<meta property=\"og:url\" content=\"https:\/\/www.interforce.dk\/kl\/testimonials\/\" \/>\n<meta property=\"og:site_name\" content=\"InterForce\" \/>\n<meta property=\"article:modified_time\" content=\"2022-12-12T12:06:38+00:00\" \/>\n<meta name=\"twitter:card\" content=\"summary_large_image\" \/>\n<meta name=\"twitter:label1\" content=\"Est. reading time\" \/>\n\t<meta name=\"twitter:data1\" content=\"2 minutes\" \/>\n<script type=\"application\/ld+json\" class=\"yoast-schema-graph\">{\"@context\":\"https:\\\/\\\/schema.org\",\"@graph\":[{\"@type\":\"WebPage\",\"@id\":\"https:\\\/\\\/www.interforce.dk\\\/testimonials\\\/\",\"url\":\"https:\\\/\\\/www.interforce.dk\\\/testimonials\\\/\",\"name\":\"Hvad siger virksomhederne? - InterForce\",\"isPartOf\":{\"@id\":\"https:\\\/\\\/www.interforce.dk\\\/#website\"},\"datePublished\":\"2020-08-04T18:24:42+00:00\",\"dateModified\":\"2022-12-12T12:06:38+00:00\",\"breadcrumb\":{\"@id\":\"https:\\\/\\\/www.interforce.dk\\\/testimonials\\\/#breadcrumb\"},\"inLanguage\":\"kl-GL\",\"potentialAction\":[{\"@type\":\"ReadAction\",\"target\":[\"https:\\\/\\\/www.interforce.dk\\\/testimonials\\\/\"]}]},{\"@type\":\"BreadcrumbList\",\"@id\":\"https:\\\/\\\/www.interforce.dk\\\/testimonials\\\/#breadcrumb\",\"itemListElement\":[{\"@type\":\"ListItem\",\"position\":1,\"name\":\"Hjem\",\"item\":\"https:\\\/\\\/www.interforce.dk\\\/\"},{\"@type\":\"ListItem\",\"position\":2,\"name\":\"Hvad siger virksomhederne?\"}]},{\"@type\":\"WebSite\",\"@id\":\"https:\\\/\\\/www.interforce.dk\\\/#website\",\"url\":\"https:\\\/\\\/www.interforce.dk\\\/\",\"name\":\"InterForce\",\"description\":\"\",\"potentialAction\":[{\"@type\":\"SearchAction\",\"target\":{\"@type\":\"EntryPoint\",\"urlTemplate\":\"https:\\\/\\\/www.interforce.dk\\\/?s={search_term_string}\"},\"query-input\":{\"@type\":\"PropertyValueSpecification\",\"valueRequired\":true,\"valueName\":\"search_term_string\"}}],\"inLanguage\":\"kl-GL\"}]}<\/script>\n<!-- \/ Yoast SEO plugin. -->","yoast_head_json":{"title":"Hvad siger virksomhederne? - InterForce","robots":{"index":"index","follow":"follow","max-snippet":"max-snippet:-1","max-image-preview":"max-image-preview:large","max-video-preview":"max-video-preview:-1"},"canonical":"https:\/\/www.interforce.dk\/kl\/testimonials\/","og_locale":"en_US","og_type":"article","og_title":"Hvad siger virksomhederne? - InterForce","og_description":"Direkt\u00f8r i APM Terminals A\/S Per B\u00f8ch Andersen:\u201cInterForce giver v\u00e6rdi p\u00e5 flere fronter. Det er en \u00f8jen\u00e5bner for mine ansatte, som ser, at der ogs\u00e5 er et forsvar. Gennem InterForce viser virksomheden, at vi har nogle forpligtelser, og indirekte tror jeg faktisk ogs\u00e5, at det er med til give forsvaret noget opbakning. Det giver v\u00e6rdi &hellip;","og_url":"https:\/\/www.interforce.dk\/kl\/testimonials\/","og_site_name":"InterForce","article_modified_time":"2022-12-12T12:06:38+00:00","twitter_card":"summary_large_image","twitter_misc":{"Est. reading time":"2 minutes"},"schema":{"@context":"https:\/\/schema.org","@graph":[{"@type":"WebPage","@id":"https:\/\/www.interforce.dk\/testimonials\/","url":"https:\/\/www.interforce.dk\/testimonials\/","name":"Hvad siger virksomhederne? - InterForce","isPartOf":{"@id":"https:\/\/www.interforce.dk\/#website"},"datePublished":"2020-08-04T18:24:42+00:00","dateModified":"2022-12-12T12:06:38+00:00","breadcrumb":{"@id":"https:\/\/www.interforce.dk\/testimonials\/#breadcrumb"},"inLanguage":"kl-GL","potentialAction":[{"@type":"ReadAction","target":["https:\/\/www.interforce.dk\/testimonials\/"]}]},{"@type":"BreadcrumbList","@id":"https:\/\/www.interforce.dk\/testimonials\/#breadcrumb","itemListElement":[{"@type":"ListItem","position":1,"name":"Hjem","item":"https:\/\/www.interforce.dk\/"},{"@type":"ListItem","position":2,"name":"Hvad siger virksomhederne?"}]},{"@type":"WebSite","@id":"https:\/\/www.interforce.dk\/#website","url":"https:\/\/www.interforce.dk\/","name":"InterForce","description":"","potentialAction":[{"@type":"SearchAction","target":{"@type":"EntryPoint","urlTemplate":"https:\/\/www.interforce.dk\/?s={search_term_string}"},"query-input":{"@type":"PropertyValueSpecification","valueRequired":true,"valueName":"search_term_string"}}],"inLanguage":"kl-GL"}]}},"_links":{"self":[{"href":"https:\/\/www.interforce.dk\/kl\/wp-json\/wp\/v2\/pages\/10445","targetHints":{"allow":["GET"]}}],"collection":[{"href":"https:\/\/www.interforce.dk\/kl\/wp-json\/wp\/v2\/pages"}],"about":[{"href":"https:\/\/www.interforce.dk\/kl\/wp-json\/wp\/v2\/types\/page"}],"author":[{"embeddable":true,"href":"https:\/\/www.interforce.dk\/kl\/wp-json\/wp\/v2\/users\/111"}],"replies":[{"embeddable":true,"href":"https:\/\/www.interforce.dk\/kl\/wp-json\/wp\/v2\/comments?post=10445"}],"version-history":[{"count":1,"href":"https:\/\/www.interforce.dk\/kl\/wp-json\/wp\/v2\/pages\/10445\/revisions"}],"predecessor-version":[{"id":13362,"href":"https:\/\/www.interforce.dk\/kl\/wp-json\/wp\/v2\/pages\/10445\/revisions\/13362"}],"wp:attachment":[{"href":"https:\/\/www.interforce.dk\/kl\/wp-json\/wp\/v2\/media?parent=10445"}],"curies":[{"name":"wp","href":"https:\/\/api.w.org\/{rel}","templated":true}]}}