{"id":74,"date":"2018-12-14T10:32:19","date_gmt":"2018-12-14T10:32:19","guid":{"rendered":"https:\/\/www.interforce.dk\/?page_id=74"},"modified":"2022-12-12T09:44:57","modified_gmt":"2022-12-12T09:44:57","slug":"sign-up","status":"publish","type":"page","link":"https:\/\/www.interforce.dk\/en\/sign-up\/","title":{"rendered":"Become a member"},"content":{"rendered":"<div class=\"block core-block core-block--paragraph\">\n      <div class=\"inner inner--small\">\n      \n<p>Joining InterForce is free and carries no legal obligations for your company. It\u2019s that simple.<br><br>You can read more about the terms and conditions by <a href=\"https:\/\/www.interforce.dk\/en\/terms-conditions\/\" target=\"_blank\" rel=\"noreferrer noopener\">clicking here<\/a>.<\/p>\n\n      <\/div>\n  <\/div>\n<div class=\"block core-block core-block--shortcode\">\n      <div class=\"inner inner--small\">\n      \n<div class=\"wpcf7 no-js\" id=\"wpcf7-f75-o1\" lang=\"da-DK\" dir=\"ltr\" data-wpcf7-id=\"75\">\n<div class=\"screen-reader-response\"><p role=\"status\" aria-live=\"polite\" aria-atomic=\"true\"><\/p> <ul><\/ul><\/div>\n<form action=\"\/en\/wp-json\/wp\/v2\/pages\/74#wpcf7-f75-o1\" method=\"post\" class=\"wpcf7-form init\" aria-label=\"Contact form\" novalidate=\"novalidate\" data-status=\"init\" data-trp-original-action=\"\/en\/wp-json\/wp\/v2\/pages\/74#wpcf7-f75-o1\">\n<fieldset class=\"hidden-fields-container\"><input type=\"hidden\" name=\"_wpcf7\" value=\"75\" \/><input type=\"hidden\" name=\"_wpcf7_version\" value=\"6.1.5\" \/><input type=\"hidden\" name=\"_wpcf7_locale\" value=\"da_DK\" \/><input type=\"hidden\" name=\"_wpcf7_unit_tag\" value=\"wpcf7-f75-o1\" \/><input type=\"hidden\" name=\"_wpcf7_container_post\" value=\"0\" \/><input type=\"hidden\" name=\"_wpcf7_posted_data_hash\" value=\"\" \/>\n<\/fieldset>\n<h3>Sign up company (only companies with Danish branch)\n<\/h3>\n<p>All fields with * to be filled out\n<\/p>\n<div class=\"form-wrapper\">\n\t<div class=\"form-group\">\n\t\t<p><span class=\"wpcf7-form-control-wrap\" data-name=\"text-847\"><input size=\"40\" maxlength=\"400\" class=\"wpcf7-form-control wpcf7-text wpcf7-validates-as-required\" aria-required=\"true\" aria-invalid=\"false\" placeholder=\"Company\/Institution Name*\" value=\"\" type=\"text\" name=\"text-847\" \/><\/span>\n\t\t<\/p>\n\t<\/div>\n\t<div class=\"form-group\">\n\t\t<p><span class=\"wpcf7-form-control-wrap\" data-name=\"text-458\"><input size=\"40\" maxlength=\"400\" class=\"wpcf7-form-control wpcf7-text\" aria-invalid=\"false\" placeholder=\"Website Address\" value=\"\" type=\"text\" name=\"text-458\" \/><\/span>\n\t\t<\/p>\n\t<\/div>\n\t<div class=\"form-group\">\n\t\t<p><span class=\"wpcf7-form-control-wrap\" data-name=\"text-550\"><input size=\"40\" maxlength=\"400\" class=\"wpcf7-form-control wpcf7-text wpcf7-validates-as-required\" aria-required=\"true\" aria-invalid=\"false\" placeholder=\"CVR-number*\" value=\"\" type=\"text\" name=\"text-550\" \/><\/span>\n\t\t<\/p>\n\t<\/div>\n\t<div class=\"form-group\">\n\t\t<p>Area* <select name='region-1'><option><\/option><option value='Bornholm'>Bornholm<\/option><option value='Hovedstaden'>Hovedstaden<\/option><option value='Sj\u00e6lland'>Sj\u00e6lland<\/option><option value='Syddanmark'>Syddanmark<\/option><option value='Midtjylland'>Midtjylland<\/option><option value='Nordjylland'>Nordjylland<\/option><option value='Gr\u00f8nland'>Gr\u00f8nland<\/option><\/select>\n\t\t<\/p>\n\t<\/div>\n\t<h3>Contact person\n\t<\/h3>\n\t<div class=\"form-group\">\n\t\t<p><span class=\"wpcf7-form-control-wrap\" data-name=\"text-999\"><input size=\"40\" maxlength=\"400\" class=\"wpcf7-form-control wpcf7-text wpcf7-validates-as-required\" aria-required=\"true\" aria-invalid=\"false\" placeholder=\"Name*\" value=\"\" type=\"text\" name=\"text-999\" \/><\/span>\n\t\t<\/p>\n\t<\/div>\n\t<div class=\"form-group\">\n\t<input class=\"wpcf7-form-control wpcf7-hidden\" id=\"firstname\" value=\"\" type=\"hidden\" name=\"firstname\" \/>\n\t<\/div>\n\t<div class=\"form-group\">\n\t<input class=\"wpcf7-form-control wpcf7-hidden\" id=\"lastname\" value=\"\" type=\"hidden\" name=\"lastname\" \/>\n\t<\/div>\n\t<div class=\"form-group\">\n\t\t<p><span class=\"wpcf7-form-control-wrap\" data-name=\"text-685\"><input size=\"40\" maxlength=\"400\" class=\"wpcf7-form-control wpcf7-text wpcf7-validates-as-required\" aria-required=\"true\" aria-invalid=\"false\" placeholder=\"Title*\" value=\"\" type=\"text\" name=\"text-685\" \/><\/span>\n\t\t<\/p>\n\t<\/div>\n\t<p><span id=\"wpcf7-69f6ef34dc6e9-wrapper\" class=\"wpcf7-form-control-wrap honeypot-password-wrap\" style=\"display:none !important; visibility:hidden !important;\"><label for=\"password\" class=\"hp-message\">Please leave this field empty.<\/label><input id=\"password\"  class=\"wpcf7-form-control wpcf7-text password\" type=\"text\" name=\"honeypot-password\" value=\"\" size=\"40\" tabindex=\"-1\" autocomplete=\"new-password\" \/><\/span>\n\t<\/p>\n\t<div class=\"form-group\">\n\t\t<p><span class=\"wpcf7-form-control-wrap\" data-name=\"email-86\"><input size=\"40\" maxlength=\"400\" class=\"wpcf7-form-control wpcf7-email wpcf7-validates-as-required wpcf7-text wpcf7-validates-as-email\" aria-required=\"true\" aria-invalid=\"false\" placeholder=\"E-mail*\" value=\"\" type=\"email\" name=\"email-86\" \/><\/span>\n\t\t<\/p>\n\t<\/div>\n\t<div class=\"form-group\">\n\t\t<p><span class=\"wpcf7-form-control-wrap\" data-name=\"tel-118\"><input size=\"40\" maxlength=\"400\" class=\"wpcf7-form-control wpcf7-tel wpcf7-validates-as-required wpcf7-text wpcf7-validates-as-tel\" aria-required=\"true\" aria-invalid=\"false\" placeholder=\"Phone number*\" value=\"\" type=\"tel\" name=\"tel-118\" \/><\/span>\n\t\t<\/p>\n\t<\/div>\n\t<div class=\"form-group\">\n\t\t<p><span class=\"wpcf7-form-control-wrap\" data-name=\"acceptance-930\"><span class=\"wpcf7-form-control wpcf7-acceptance\"><span class=\"wpcf7-list-item\"><label><input type=\"checkbox\" name=\"acceptance-930\" value=\"1\" aria-invalid=\"false\" \/><span class=\"wpcf7-list-item-label\">I agree with <a href=\"\/en\/terms-conditions\/\" target=\"_blank\">terms and conditions<\/a><\/span><\/label><\/span><\/span><\/span>\n\t\t<\/p>\n\t<\/div>\n<\/div>\n<p><input class=\"wpcf7-form-control wpcf7-submit has-spinner button button--red\" type=\"submit\" value=\"Register Membership\" \/>\n<\/p><div class=\"wpcf7-response-output\" aria-hidden=\"true\"><\/div>\n<input type=\"hidden\" name=\"trp-form-language\" value=\"en\"\/><\/form>\n<\/div>\n\n\n      <\/div>\n  <\/div>\n<div class=\"block core-block core-block--paragraph\">\n      <div class=\"inner inner--small\">\n      \n<p>Once you have completed the form above, you will be contacted by the local InterForce secretariat in your region. This way, you will be welcomed, and we can gather some additional information about your company.<\/p>\n\n      <\/div>\n  <\/div>","protected":false},"excerpt":{"rendered":"Det er b\u00e5de gratis og juridisk uforpligtende for din virksomhed at blive medlem...","protected":false},"author":2,"featured_media":0,"parent":0,"menu_order":0,"comment_status":"closed","ping_status":"closed","template":"","meta":{"_acf_changed":false,"footnotes":""},"class_list":["post-74","page","type-page","status-publish","hentry"],"acf":[],"yoast_head":"<!-- This site is optimized with the Yoast SEO plugin v27.3 - https:\/\/yoast.com\/product\/yoast-seo-wordpress\/ -->\n<title>Bliv medlem - InterForce<\/title>\n<meta name=\"robots\" content=\"index, follow, max-snippet:-1, max-image-preview:large, max-video-preview:-1\" \/>\n<link rel=\"canonical\" href=\"https:\/\/www.interforce.dk\/en\/sign-up\/\" \/>\n<meta property=\"og:locale\" content=\"en_GB\" \/>\n<meta property=\"og:type\" content=\"article\" \/>\n<meta property=\"og:title\" content=\"Bliv medlem - InterForce\" \/>\n<meta property=\"og:description\" content=\"Det er b\u00e5de gratis og juridisk uforpligtende for din virksomhed at blive medlem af InterForce. S\u00e5 enkelt er det.Du kan l\u00e6se mere om vilk\u00e5rene og betingelserne ved at klikke her. N\u00e5r du har udfyldt det ovenst\u00e5ende, bliver du kontaktet af det lokale InterForce-sekretariat fra din region. P\u00e5 den m\u00e5de vil I blive budt velkommen, og &hellip;\" \/>\n<meta property=\"og:url\" content=\"https:\/\/www.interforce.dk\/en\/sign-up\/\" \/>\n<meta property=\"og:site_name\" content=\"InterForce\" \/>\n<meta property=\"article:modified_time\" content=\"2022-12-12T09:44:57+00:00\" \/>\n<meta name=\"twitter:card\" content=\"summary_large_image\" \/>\n<meta name=\"twitter:label1\" content=\"Est. reading time\" \/>\n\t<meta name=\"twitter:data1\" content=\"1 minute\" \/>\n<script type=\"application\/ld+json\" class=\"yoast-schema-graph\">{\"@context\":\"https:\\\/\\\/schema.org\",\"@graph\":[{\"@type\":\"WebPage\",\"@id\":\"https:\\\/\\\/www.interforce.dk\\\/sign-up\\\/\",\"url\":\"https:\\\/\\\/www.interforce.dk\\\/sign-up\\\/\",\"name\":\"Bliv medlem - InterForce\",\"isPartOf\":{\"@id\":\"https:\\\/\\\/www.interforce.dk\\\/#website\"},\"datePublished\":\"2018-12-14T10:32:19+00:00\",\"dateModified\":\"2022-12-12T09:44:57+00:00\",\"breadcrumb\":{\"@id\":\"https:\\\/\\\/www.interforce.dk\\\/sign-up\\\/#breadcrumb\"},\"inLanguage\":\"en-GB\",\"potentialAction\":[{\"@type\":\"ReadAction\",\"target\":[\"https:\\\/\\\/www.interforce.dk\\\/sign-up\\\/\"]}]},{\"@type\":\"BreadcrumbList\",\"@id\":\"https:\\\/\\\/www.interforce.dk\\\/sign-up\\\/#breadcrumb\",\"itemListElement\":[{\"@type\":\"ListItem\",\"position\":1,\"name\":\"Hjem\",\"item\":\"https:\\\/\\\/www.interforce.dk\\\/\"},{\"@type\":\"ListItem\",\"position\":2,\"name\":\"Bliv medlem\"}]},{\"@type\":\"WebSite\",\"@id\":\"https:\\\/\\\/www.interforce.dk\\\/#website\",\"url\":\"https:\\\/\\\/www.interforce.dk\\\/\",\"name\":\"InterForce\",\"description\":\"\",\"potentialAction\":[{\"@type\":\"SearchAction\",\"target\":{\"@type\":\"EntryPoint\",\"urlTemplate\":\"https:\\\/\\\/www.interforce.dk\\\/?s={search_term_string}\"},\"query-input\":{\"@type\":\"PropertyValueSpecification\",\"valueRequired\":true,\"valueName\":\"search_term_string\"}}],\"inLanguage\":\"en-GB\"}]}<\/script>\n<!-- \/ Yoast SEO plugin. -->","yoast_head_json":{"title":"Bliv medlem - InterForce","robots":{"index":"index","follow":"follow","max-snippet":"max-snippet:-1","max-image-preview":"max-image-preview:large","max-video-preview":"max-video-preview:-1"},"canonical":"https:\/\/www.interforce.dk\/en\/sign-up\/","og_locale":"en_GB","og_type":"article","og_title":"Bliv medlem - InterForce","og_description":"Det er b\u00e5de gratis og juridisk uforpligtende for din virksomhed at blive medlem af InterForce. S\u00e5 enkelt er det.Du kan l\u00e6se mere om vilk\u00e5rene og betingelserne ved at klikke her. N\u00e5r du har udfyldt det ovenst\u00e5ende, bliver du kontaktet af det lokale InterForce-sekretariat fra din region. P\u00e5 den m\u00e5de vil I blive budt velkommen, og &hellip;","og_url":"https:\/\/www.interforce.dk\/en\/sign-up\/","og_site_name":"InterForce","article_modified_time":"2022-12-12T09:44:57+00:00","twitter_card":"summary_large_image","twitter_misc":{"Est. reading time":"1 minute"},"schema":{"@context":"https:\/\/schema.org","@graph":[{"@type":"WebPage","@id":"https:\/\/www.interforce.dk\/sign-up\/","url":"https:\/\/www.interforce.dk\/sign-up\/","name":"Bliv medlem - InterForce","isPartOf":{"@id":"https:\/\/www.interforce.dk\/#website"},"datePublished":"2018-12-14T10:32:19+00:00","dateModified":"2022-12-12T09:44:57+00:00","breadcrumb":{"@id":"https:\/\/www.interforce.dk\/sign-up\/#breadcrumb"},"inLanguage":"en-GB","potentialAction":[{"@type":"ReadAction","target":["https:\/\/www.interforce.dk\/sign-up\/"]}]},{"@type":"BreadcrumbList","@id":"https:\/\/www.interforce.dk\/sign-up\/#breadcrumb","itemListElement":[{"@type":"ListItem","position":1,"name":"Hjem","item":"https:\/\/www.interforce.dk\/"},{"@type":"ListItem","position":2,"name":"Bliv medlem"}]},{"@type":"WebSite","@id":"https:\/\/www.interforce.dk\/#website","url":"https:\/\/www.interforce.dk\/","name":"InterForce","description":"","potentialAction":[{"@type":"SearchAction","target":{"@type":"EntryPoint","urlTemplate":"https:\/\/www.interforce.dk\/?s={search_term_string}"},"query-input":{"@type":"PropertyValueSpecification","valueRequired":true,"valueName":"search_term_string"}}],"inLanguage":"en-GB"}]}},"_links":{"self":[{"href":"https:\/\/www.interforce.dk\/en\/wp-json\/wp\/v2\/pages\/74","targetHints":{"allow":["GET"]}}],"collection":[{"href":"https:\/\/www.interforce.dk\/en\/wp-json\/wp\/v2\/pages"}],"about":[{"href":"https:\/\/www.interforce.dk\/en\/wp-json\/wp\/v2\/types\/page"}],"author":[{"embeddable":true,"href":"https:\/\/www.interforce.dk\/en\/wp-json\/wp\/v2\/users\/2"}],"replies":[{"embeddable":true,"href":"https:\/\/www.interforce.dk\/en\/wp-json\/wp\/v2\/comments?post=74"}],"version-history":[{"count":7,"href":"https:\/\/www.interforce.dk\/en\/wp-json\/wp\/v2\/pages\/74\/revisions"}],"predecessor-version":[{"id":13274,"href":"https:\/\/www.interforce.dk\/en\/wp-json\/wp\/v2\/pages\/74\/revisions\/13274"}],"wp:attachment":[{"href":"https:\/\/www.interforce.dk\/en\/wp-json\/wp\/v2\/media?parent=74"}],"curies":[{"name":"wp","href":"https:\/\/api.w.org\/{rel}","templated":true}]}}