{"id":214,"date":"2018-12-19T11:11:42","date_gmt":"2018-12-19T11:11:42","guid":{"rendered":"https:\/\/www.interforce.dk\/?page_id=214"},"modified":"2021-02-25T08:10:56","modified_gmt":"2021-02-25T08:10:56","slug":"ambassadoer-korps","status":"publish","type":"page","link":"https:\/\/www.interforce.dk\/en\/ambassadoer-korps\/","title":{"rendered":"Corps of ambassadors"},"content":{"rendered":"<div class=\"block core-block core-block--paragraph\">\n      <div class=\"inner inner--small\">\n      \n<p>The InterForce Ambassador Corps has now been established in all six InterForce regions. At the time of writing, the corps consists of 39 officers or non-commissioned officers from the Reserve and the Home Guard respectively - collectively referred to as the Reserve Forces.<\/p>\n\n      <\/div>\n  <\/div>\n<div class=\"block core-block core-block--paragraph\">\n      <div class=\"inner inner--small\">\n      \n<p>In week 42 of 2018, representatives from the Ambassador Corps met for the first time at a 12-12 seminar in Kolding. \u201cOne of the goals was, among other things, for us to meet face to face for the first time and to be given some common guidelines and standards for the future work. It is important that the ambassadors move in the same direction when they approach partner companies with information and advisory support,\u201d says Axel G. Kristiansen, who in 2017 was appointed as a permanently affiliated reserve officer at the InterForce Secretariat to establish ambassador corps in the six regions. <\/p>\n\n      <\/div>\n  <\/div>\n<div class=\"block core-block core-block--paragraph\">\n      <div class=\"inner inner--small\">\n      \n<p>The tasks of the InterForce ambassadors are partly to seek out new companies and partly to re-establish contact and boost awareness and engagement among companies that have already been part of InterForce for a number of years. The ambassadors\u2019 role may also be of a supportive and informative nature in relation to specific questions or issues.<\/p>\n\n      <\/div>\n  <\/div>","protected":false},"excerpt":{"rendered":"InterForces ambassad\u00f8rkorps er nu etableret i alle seks InterForce-regioner. Ko...","protected":false},"author":2,"featured_media":0,"parent":0,"menu_order":0,"comment_status":"closed","ping_status":"closed","template":"","meta":{"_acf_changed":false,"footnotes":""},"class_list":["post-214","page","type-page","status-publish","hentry"],"acf":[],"yoast_head":"<!-- This site is optimized with the Yoast SEO plugin v27.3 - https:\/\/yoast.com\/product\/yoast-seo-wordpress\/ -->\n<title>Ambassad\u00f8rkorps - InterForce<\/title>\n<meta name=\"robots\" content=\"index, follow, max-snippet:-1, max-image-preview:large, max-video-preview:-1\" \/>\n<link rel=\"canonical\" href=\"https:\/\/www.interforce.dk\/en\/ambassadoer-korps\/\" \/>\n<meta property=\"og:locale\" content=\"en_GB\" \/>\n<meta property=\"og:type\" content=\"article\" \/>\n<meta property=\"og:title\" content=\"Ambassad\u00f8rkorps - InterForce\" \/>\n<meta property=\"og:description\" content=\"InterForces ambassad\u00f8rkorps er nu etableret i alle seks InterForce-regioner. Korpset best\u00e5r i skrivende stund af 39 officerer eller befalingsm\u00e6nd fra henholdsvis reserven og Hjemmev\u00e6rnet \u2013 samlet betegnet som Reservestyrken. I uge 42 i 2018 var repr\u00e6sentanter fra ambassad\u00f8rkorpset samlet for f\u00f8rste gang til et 12-12 seminar, i Kolding. \u00bbM\u00e5let var blandt andet, at vi skulle &hellip;\" \/>\n<meta property=\"og:url\" content=\"https:\/\/www.interforce.dk\/en\/ambassadoer-korps\/\" \/>\n<meta property=\"og:site_name\" content=\"InterForce\" \/>\n<meta property=\"article:modified_time\" content=\"2021-02-25T08:10:56+00:00\" \/>\n<meta name=\"twitter:card\" content=\"summary_large_image\" \/>\n<meta name=\"twitter:label1\" content=\"Est. reading time\" \/>\n\t<meta name=\"twitter:data1\" content=\"1 minute\" \/>\n<script type=\"application\/ld+json\" class=\"yoast-schema-graph\">{\"@context\":\"https:\\\/\\\/schema.org\",\"@graph\":[{\"@type\":\"WebPage\",\"@id\":\"https:\\\/\\\/www.interforce.dk\\\/ambassadoer-korps\\\/\",\"url\":\"https:\\\/\\\/www.interforce.dk\\\/ambassadoer-korps\\\/\",\"name\":\"Ambassad\u00f8rkorps - InterForce\",\"isPartOf\":{\"@id\":\"https:\\\/\\\/www.interforce.dk\\\/#website\"},\"datePublished\":\"2018-12-19T11:11:42+00:00\",\"dateModified\":\"2021-02-25T08:10:56+00:00\",\"breadcrumb\":{\"@id\":\"https:\\\/\\\/www.interforce.dk\\\/ambassadoer-korps\\\/#breadcrumb\"},\"inLanguage\":\"en-GB\",\"potentialAction\":[{\"@type\":\"ReadAction\",\"target\":[\"https:\\\/\\\/www.interforce.dk\\\/ambassadoer-korps\\\/\"]}]},{\"@type\":\"BreadcrumbList\",\"@id\":\"https:\\\/\\\/www.interforce.dk\\\/ambassadoer-korps\\\/#breadcrumb\",\"itemListElement\":[{\"@type\":\"ListItem\",\"position\":1,\"name\":\"Hjem\",\"item\":\"https:\\\/\\\/www.interforce.dk\\\/\"},{\"@type\":\"ListItem\",\"position\":2,\"name\":\"Ambassad\u00f8rkorps\"}]},{\"@type\":\"WebSite\",\"@id\":\"https:\\\/\\\/www.interforce.dk\\\/#website\",\"url\":\"https:\\\/\\\/www.interforce.dk\\\/\",\"name\":\"InterForce\",\"description\":\"\",\"potentialAction\":[{\"@type\":\"SearchAction\",\"target\":{\"@type\":\"EntryPoint\",\"urlTemplate\":\"https:\\\/\\\/www.interforce.dk\\\/?s={search_term_string}\"},\"query-input\":{\"@type\":\"PropertyValueSpecification\",\"valueRequired\":true,\"valueName\":\"search_term_string\"}}],\"inLanguage\":\"en-GB\"}]}<\/script>\n<!-- \/ Yoast SEO plugin. -->","yoast_head_json":{"title":"Ambassad\u00f8rkorps - InterForce","robots":{"index":"index","follow":"follow","max-snippet":"max-snippet:-1","max-image-preview":"max-image-preview:large","max-video-preview":"max-video-preview:-1"},"canonical":"https:\/\/www.interforce.dk\/en\/ambassadoer-korps\/","og_locale":"en_GB","og_type":"article","og_title":"Ambassad\u00f8rkorps - InterForce","og_description":"InterForces ambassad\u00f8rkorps er nu etableret i alle seks InterForce-regioner. Korpset best\u00e5r i skrivende stund af 39 officerer eller befalingsm\u00e6nd fra henholdsvis reserven og Hjemmev\u00e6rnet \u2013 samlet betegnet som Reservestyrken. I uge 42 i 2018 var repr\u00e6sentanter fra ambassad\u00f8rkorpset samlet for f\u00f8rste gang til et 12-12 seminar, i Kolding. \u00bbM\u00e5let var blandt andet, at vi skulle &hellip;","og_url":"https:\/\/www.interforce.dk\/en\/ambassadoer-korps\/","og_site_name":"InterForce","article_modified_time":"2021-02-25T08:10:56+00:00","twitter_card":"summary_large_image","twitter_misc":{"Est. reading time":"1 minute"},"schema":{"@context":"https:\/\/schema.org","@graph":[{"@type":"WebPage","@id":"https:\/\/www.interforce.dk\/ambassadoer-korps\/","url":"https:\/\/www.interforce.dk\/ambassadoer-korps\/","name":"Ambassad\u00f8rkorps - InterForce","isPartOf":{"@id":"https:\/\/www.interforce.dk\/#website"},"datePublished":"2018-12-19T11:11:42+00:00","dateModified":"2021-02-25T08:10:56+00:00","breadcrumb":{"@id":"https:\/\/www.interforce.dk\/ambassadoer-korps\/#breadcrumb"},"inLanguage":"en-GB","potentialAction":[{"@type":"ReadAction","target":["https:\/\/www.interforce.dk\/ambassadoer-korps\/"]}]},{"@type":"BreadcrumbList","@id":"https:\/\/www.interforce.dk\/ambassadoer-korps\/#breadcrumb","itemListElement":[{"@type":"ListItem","position":1,"name":"Hjem","item":"https:\/\/www.interforce.dk\/"},{"@type":"ListItem","position":2,"name":"Ambassad\u00f8rkorps"}]},{"@type":"WebSite","@id":"https:\/\/www.interforce.dk\/#website","url":"https:\/\/www.interforce.dk\/","name":"InterForce","description":"","potentialAction":[{"@type":"SearchAction","target":{"@type":"EntryPoint","urlTemplate":"https:\/\/www.interforce.dk\/?s={search_term_string}"},"query-input":{"@type":"PropertyValueSpecification","valueRequired":true,"valueName":"search_term_string"}}],"inLanguage":"en-GB"}]}},"_links":{"self":[{"href":"https:\/\/www.interforce.dk\/en\/wp-json\/wp\/v2\/pages\/214","targetHints":{"allow":["GET"]}}],"collection":[{"href":"https:\/\/www.interforce.dk\/en\/wp-json\/wp\/v2\/pages"}],"about":[{"href":"https:\/\/www.interforce.dk\/en\/wp-json\/wp\/v2\/types\/page"}],"author":[{"embeddable":true,"href":"https:\/\/www.interforce.dk\/en\/wp-json\/wp\/v2\/users\/2"}],"replies":[{"embeddable":true,"href":"https:\/\/www.interforce.dk\/en\/wp-json\/wp\/v2\/comments?post=214"}],"version-history":[{"count":0,"href":"https:\/\/www.interforce.dk\/en\/wp-json\/wp\/v2\/pages\/214\/revisions"}],"wp:attachment":[{"href":"https:\/\/www.interforce.dk\/en\/wp-json\/wp\/v2\/media?parent=214"}],"curies":[{"name":"wp","href":"https:\/\/api.w.org\/{rel}","templated":true}]}}