{"id":210,"date":"2018-12-19T11:10:46","date_gmt":"2018-12-19T11:10:46","guid":{"rendered":"https:\/\/www.interforce.dk\/?page_id=210"},"modified":"2026-04-07T13:16:54","modified_gmt":"2026-04-07T13:16:54","slug":"baggrund","status":"publish","type":"page","link":"https:\/\/www.interforce.dk\/en\/baggrund\/","title":{"rendered":"Vocabulary (in Danish)"},"content":{"rendered":"<div class=\"block core-block core-block--paragraph\">\n      <div class=\"inner inner--small\">\n      \n<p>&#8220;Reservestyrken&#8221;, &#8220;reserven&#8221;, &#8220;Hjemmev\u00e6rnets reserve&#8221;, &#8220;forsvaret&#8221; med lille f, &#8220;Forsvaret&#8221; med stort F osv. &#8211; vi jonglerer mange begreber i InterForces interesseomr\u00e5de. Her kan du f\u00e5 indsigt i de finere nuancer af Reservestyrken &#8211; robustheden i Kongerigets sikkerhed.<\/p>\n\n      <\/div>\n  <\/div>\n<div class=\"block stheme-block stheme-block--accordion\">\n      <div class=\"inner inner--small\">\n      \n<div class=\"accordion spacing--default\"><button class=\"accordion__header collapsed\" id=\"heading_1551871095227\" data-bs-toggle=\"collapse\" data-bs-target=\"#collapse_1551871095227\" aria-expanded=\"true\" aria-controls=\"collapse_1551871095227\"><h5 class=\"accordion__title\">Reservestyrken<\/h5><span class=\"accordion__close\">+<\/span><\/button><div class=\"collapse\" id=\"collapse_1551871095227\" aria-labelledby=\"heading_1551871095227\" data-bs-parent=\"#heading_1551871095227\"><div class=\"accordion__body\"><div class=\"block core-block core-block--paragraph\">\n      \n<p>Reservestyrken med stort begyndelsesbogstav er kombinationen af reservister uddannet i Forsvaret samt Hjemmev\u00e6rnets frivillige.<\/p>\n\n  <\/div>\n<\/div><\/div><\/div>\n\n      <\/div>\n  <\/div>\n<div class=\"block stheme-block stheme-block--accordion\">\n      <div class=\"inner inner--small\">\n      \n<div class=\"accordion spacing--default\"><button class=\"accordion__header collapsed\" id=\"heading_1551871227375\" data-bs-toggle=\"collapse\" data-bs-target=\"#collapse_1551871227375\" aria-expanded=\"true\" aria-controls=\"collapse_1551871227375\"><h5 class=\"accordion__title\">Forsvaret med lille f<\/h5><span class=\"accordion__close\">+<\/span><\/button><div class=\"collapse\" id=\"collapse_1551871227375\" aria-labelledby=\"heading_1551871227375\" data-bs-parent=\"#heading_1551871227375\"><div class=\"accordion__body\"><div class=\"block core-block core-block--paragraph\">\n      \n<p>N\u00e5r vi her p\u00e5 siden og i InterForce News skriver &#8220;forsvaret&#8221; refererer det til alle styrelser under Forsvarsministeriets departement. Det vil sige fx Forsvarsministeriets Personalestyrelse,&nbsp;Forsvarsministeriets Materiel- og Indk\u00f8bsstyrelse, Hjemmev\u00e6rnet, Beredskabsstyrelsen og ikke mindst Forsvaret med stort F (se nedenfor). Du kan l\u00e6se n\u00e6rmere om forsvarets organisation p\u00e5 ministeriets hjemmeside <a href=\"https:\/\/www.fmn.dk\/omos\/ministeromraade\/Pages\/forsvarsministeriet-ministeromraadet.aspx\">here (link)<\/a>.<\/p>\n\n  <\/div>\n<\/div><\/div><\/div>\n\n      <\/div>\n  <\/div>\n<div class=\"block stheme-block stheme-block--accordion\">\n      <div class=\"inner inner--small\">\n      \n<div class=\"accordion spacing--default\"><button class=\"accordion__header collapsed\" id=\"heading_1551871331125\" data-bs-toggle=\"collapse\" data-bs-target=\"#collapse_1551871331125\" aria-expanded=\"true\" aria-controls=\"collapse_1551871331125\"><h5 class=\"accordion__title\">Forsvaret med stort F<\/h5><span class=\"accordion__close\">+<\/span><\/button><div class=\"collapse\" id=\"collapse_1551871331125\" aria-labelledby=\"heading_1551871331125\" data-bs-parent=\"#heading_1551871331125\"><div class=\"accordion__body\"><div class=\"block core-block core-block--paragraph\">\n      \n<p>N\u00e5r vi skriver Forsvaret med stort F omtaler vi alt det, der ligger under Forsvarschef, general Michael Hyldgaards omr\u00e5de. Det vil sige blandt andet H\u00e6rkommandoen, S\u00f8v\u00e6rnskommandoen, Flyverkommandoen og andre operative kommandoer &#8211; men ikke diverse styrelser og fx Hjemmev\u00e6rnet.<\/p>\n\n  <\/div>\n\n\n<div class=\"block core-block core-block--paragraph\">\n      \n<p>Hovedparten af de ansatte i Forsvaret udg\u00f8res af de ca. 14.700 medarbejdere, der b\u00e6rer uniform i det daglige. Blandt de milit\u00e6re medarbejdere er der mange forskellige fagligheder og forskellige niveauer, fx officer, sergent og konstabel. Der er b\u00e5de ligheder og mange forskelle mellem H\u00e6ren, S\u00f8v\u00e6rnet og Flyvev\u00e5bnet, som tilsammen udg\u00f8r Forsvarets kerne. Ud af Forsvarets i alt ca. 19.500 medarbejdere b\u00e6rer de ca. 4.800 ikke uniform. Du kan l\u00e6se mere om Forsvaret <a href=\"https:\/\/www2.forsvaret.dk\/omos\/Pages\/om-os.aspx\">here (link)<\/a>.<\/p>\n\n  <\/div>\n<\/div><\/div><\/div>\n\n      <\/div>\n  <\/div>\n<div class=\"block stheme-block stheme-block--accordion\">\n      <div class=\"inner inner--small\">\n      \n<div class=\"accordion spacing--default\"><button class=\"accordion__header collapsed\" id=\"heading_1551879358932\" data-bs-toggle=\"collapse\" data-bs-target=\"#collapse_1551879358932\" aria-expanded=\"true\" aria-controls=\"collapse_1551879358932\"><h5 class=\"accordion__title\">Totalforsvarsstyrken<\/h5><span class=\"accordion__close\">+<\/span><\/button><div class=\"collapse\" id=\"collapse_1551879358932\" aria-labelledby=\"heading_1551879358932\" data-bs-parent=\"#heading_1551879358932\"><div class=\"accordion__body\"><div class=\"block core-block core-block--paragraph\">\n      \n<p>V\u00e6rnepligtige i Forsvaret aftjener 4 til 8 m\u00e5neders tjeneste, inden de hjemsendes. Fra hjemsendelsen og 5 \u00e5r frem er det muligt at genindkalde de v\u00e6rnepligtige i tilf\u00e6lde af krise eller krig. Det er Hjemmev\u00e6rnskommandoen, der administrerer dette personel, som kaldes Totalforsvarsstyrken. Efter de 5 \u00e5r mister de s\u00e5 tidligere v\u00e6rnepligtige deres tilknytning til Forsvaret, med mindre de v\u00e6lger at melde sig til Hjemmev\u00e6rnet eller indg\u00e5r en reservekontrakt. Der er pr. ultimo 2018 cirka 6.000 medlemmer af Totalforsvarsstyrken.<\/p>\n\n  <\/div>\n<\/div><\/div><\/div>\n\n      <\/div>\n  <\/div>\n<div class=\"block stheme-block stheme-block--accordion\">\n      <div class=\"inner inner--small\">\n      \n<div class=\"accordion spacing--default\"><button class=\"accordion__header collapsed\" id=\"heading_1551879689772\" data-bs-toggle=\"collapse\" data-bs-target=\"#collapse_1551879689772\" aria-expanded=\"true\" aria-controls=\"collapse_1551879689772\"><h5 class=\"accordion__title\">Hjemmev\u00e6rnets frivillige<\/h5><span class=\"accordion__close\">+<\/span><\/button><div class=\"collapse\" id=\"collapse_1551879689772\" aria-labelledby=\"heading_1551879689772\" data-bs-parent=\"#heading_1551879689772\"><div class=\"accordion__body\"><div class=\"block core-block core-block--paragraph\">\n      \n<p>Er man 18 \u00e5r, fysisk egnet og ikke straffet, kan man blive frivillig i Hjemmev\u00e6rnet. Man skal gennemg\u00e5 en lovpligtig uddannelse inden for de f\u00f8rste 3 \u00e5r, hvor man indl\u00e6rer de grundl\u00e6ggende soldaterm\u00e6ssige f\u00e6rdigheder og holdninger. Man skal forrette minimum 24 timers funktionsrelevant tjeneste om \u00e5ret for at regnes blandt de cirka 15.000 aktive frivillige. Hvis man ikke kan honorere det tidskrav, men stadig \u00f8nsker at v\u00e6re en del af Hjemmev\u00e6rnet &#8211; p\u00e5 en slags passivt medlemsskab &#8211; overg\u00e5r man til &#8220;Hjemmev\u00e6rnets reserve&#8221;. Dette er ikke at forveksle med &#8220;reserven&#8221;, som er betegnelsen for reservister uddannet i Forsvaret.<\/p>\n\n  <\/div>\n<\/div><\/div><\/div>\n\n      <\/div>\n  <\/div>\n<div class=\"block stheme-block stheme-block--accordion\">\n      <div class=\"inner inner--small\">\n      \n<div class=\"accordion spacing--default\"><button class=\"accordion__header collapsed\" id=\"heading_1551883202382\" data-bs-toggle=\"collapse\" data-bs-target=\"#collapse_1551883202382\" aria-expanded=\"true\" aria-controls=\"collapse_1551883202382\"><h5 class=\"accordion__title\">Hjemmev\u00e6rnets reserve<\/h5><span class=\"accordion__close\">+<\/span><\/button><div class=\"collapse\" id=\"collapse_1551883202382\" aria-labelledby=\"heading_1551883202382\" data-bs-parent=\"#heading_1551883202382\"><div class=\"accordion__body\"><div class=\"block core-block core-block--paragraph\">\n      \n<p>De frivillige i Hjemmev\u00e6rnet, der af den ene eller anden grund ikke kan honorere 24 timers funktionsrelevant tjeneste om \u00e5ret, mister aktiv status og overg\u00e5r til Hjemmev\u00e6rnets reserve. Hvis tiden p\u00e5 et senere tidspunkt er til det i hjemmev\u00e6rnssoldatens liv, kan vedkommende overg\u00e5 til aktiv status igen. Der er cirka 30.000 personer i Hjemmev\u00e6rnets reserve.<\/p>\n\n  <\/div>\n<\/div><\/div><\/div>\n\n      <\/div>\n  <\/div>\n<div class=\"block stheme-block stheme-block--accordion\">\n      <div class=\"inner inner--small\">\n      \n<div class=\"accordion spacing--default\"><button class=\"accordion__header collapsed\" id=\"heading_1551883234319\" data-bs-toggle=\"collapse\" data-bs-target=\"#collapse_1551883234319\" aria-expanded=\"true\" aria-controls=\"collapse_1551883234319\"><h5 class=\"accordion__title\">Reserven<\/h5><span class=\"accordion__close\">+<\/span><\/button><div class=\"collapse\" id=\"collapse_1551883234319\" aria-labelledby=\"heading_1551883234319\" data-bs-parent=\"#heading_1551883234319\"><div class=\"accordion__body\"><div class=\"block core-block core-block--paragraph\">\n      \n<p>Reserven er betegnelsen for personel af reserven, s\u00e5som officerer af reserven, sergenter af reserven og konstabler af reserven. F\u00e6llesn\u00e6vneren ved reservisterne er, at de 1) har en fuld milit\u00e6r uddannelse, 2) har en kontrakt og afl\u00f8nnes, n\u00e5r de er i uniform og 3) er tilknyttet en milit\u00e6r enhed, som de alt efter egen tid til r\u00e5dighed og enhedens behov st\u00f8tter ved at lade sig indkommandere (&#8220;indkommandering&#8221; er en milit\u00e6r betegnelse for en kortere periode som ansat). Det meste personel af reserven er tilknyttet enheder i Forsvaret, men cirka 400 officerer af reserven er tilknyttet Hjemmev\u00e6rnet, hvor de afl\u00f8nnes for deres arbejde, i mods\u00e6tning til de frivillige. Der er i alt cirka 2.900 reservister i Kongeriget pr. ultimo 2018.<\/p>\n\n  <\/div>\n<\/div><\/div><\/div>\n\n      <\/div>\n  <\/div>\n<div class=\"block stheme-block stheme-block--accordion\">\n      <div class=\"inner inner--small\">\n      \n<div class=\"accordion spacing--default\"><button class=\"accordion__header collapsed\" id=\"heading_1551885562573\" data-bs-toggle=\"collapse\" data-bs-target=\"#collapse_1551885562573\" aria-expanded=\"true\" aria-controls=\"collapse_1551885562573\"><h5 class=\"accordion__title\">Veteransagen og InterForce<\/h5><span class=\"accordion__close\">+<\/span><\/button><div class=\"collapse\" id=\"collapse_1551885562573\" aria-labelledby=\"heading_1551885562573\" data-bs-parent=\"#heading_1551885562573\"><div class=\"accordion__body\"><div class=\"block core-block core-block--paragraph\">\n      \n<p>InterForce er naturligt positivt indstillet over for veteraner, alts\u00e5 det personel, der har v\u00e6ret udsendt i international tjeneste. InterForce holder kvartalvise relationsm\u00f8der med Veterancentret og holder sig orienteret om, hvad der r\u00f8rer sig i veteransagen. Imidlertid er InterForce ikke en veteranorganisation og formidler for eksempel ikke kontakt mellem s\u00e5danne og vores medlemsvirksomheder. InterForce arbejder nemlig jf. <a href=\"https:\/\/www.interforce.dk\/en\/mission-og-vision\/\">form\u00e5lsparagrafen (link)<\/a> for aktivt personel af reserven og for Hjemmev\u00e6rnets frivillige, s\u00e5 de veteraner, der er i InterForces interesseomr\u00e5de, er de, der er i reserven eller Hjemmev\u00e6rnet. Ang\u00e5ende veteraner og samarbejde med erhvervslivet henviser vi til <a href=\"https:\/\/www.veterancentret.dk\/\">Veterancentret (link)<\/a>.<\/p>\n\n  <\/div>\n<\/div><\/div><\/div>\n\n      <\/div>\n  <\/div>\n<div class=\"block stheme-block stheme-block--accordion\">\n      <div class=\"inner inner--small\">\n      \n<div class=\"accordion spacing--default\"><button class=\"accordion__header collapsed\" id=\"heading_1552578662104\" data-bs-toggle=\"collapse\" data-bs-target=\"#collapse_1552578662104\" aria-expanded=\"true\" aria-controls=\"collapse_1552578662104\"><h5 class=\"accordion__title\">Erhvervsliv<\/h5><span class=\"accordion__close\">+<\/span><\/button><div class=\"collapse\" id=\"collapse_1552578662104\" aria-labelledby=\"heading_1552578662104\" data-bs-parent=\"#heading_1552578662104\"><div class=\"accordion__body\"><div class=\"block core-block core-block--paragraph\">\n      \n<p class=\"translation-block\">If\u00f8lge Den Danske Ordbog er <a href=\"https:\/\/ordnet.dk\/ddo\/ordbog?query=erhvervsliv\" target=\"_self\">erhvervsliv<\/a> <em>\u201cet lands eller et geografisk omr\u00e5des private (og offentlige) virksomheder under \u00e9t\u201d.<\/em> <br>N\u00e5r vi her p\u00e5 siden omtaler \u201cerhvervslivet\u201d og \u201cvirksomheder\u201d, mener vi s\u00e5ledes som udgangspunkt b\u00e5de den&nbsp;private og offentlige sektor.<\/p>\n\n  <\/div>\n<\/div><\/div><\/div>\n\n      <\/div>\n  <\/div>","protected":false},"excerpt":{"rendered":"&#8220;Reservestyrken&#8221;, &#8220;reserven&#8221;, &#8220;Hjemmev\u00e6rnets rese...","protected":false},"author":2,"featured_media":0,"parent":0,"menu_order":0,"comment_status":"closed","ping_status":"closed","template":"","meta":{"_acf_changed":false,"footnotes":""},"class_list":["post-210","page","type-page","status-publish","hentry"],"acf":[],"yoast_head":"<!-- This site is optimized with the Yoast SEO plugin v27.3 - https:\/\/yoast.com\/product\/yoast-seo-wordpress\/ -->\n<title>Begreber - InterForce<\/title>\n<meta name=\"robots\" content=\"index, follow, max-snippet:-1, max-image-preview:large, max-video-preview:-1\" \/>\n<link rel=\"canonical\" href=\"https:\/\/www.interforce.dk\/en\/baggrund\/\" \/>\n<meta property=\"og:locale\" content=\"en_GB\" \/>\n<meta property=\"og:type\" content=\"article\" \/>\n<meta property=\"og:title\" content=\"Begreber - InterForce\" \/>\n<meta property=\"og:description\" content=\"&#8220;Reservestyrken&#8221;, &#8220;reserven&#8221;, &#8220;Hjemmev\u00e6rnets reserve&#8221;, &#8220;forsvaret&#8221; med lille f, &#8220;Forsvaret&#8221; med stort F osv. &#8211; vi jonglerer mange begreber i InterForces interesseomr\u00e5de. Her kan du f\u00e5 indsigt i de finere nuancer af Reservestyrken &#8211; robustheden i Kongerigets sikkerhed.\" \/>\n<meta property=\"og:url\" content=\"https:\/\/www.interforce.dk\/en\/baggrund\/\" \/>\n<meta property=\"og:site_name\" content=\"InterForce\" \/>\n<meta property=\"article:modified_time\" content=\"2026-04-07T13:16:54+00:00\" \/>\n<meta name=\"twitter:card\" content=\"summary_large_image\" \/>\n<meta name=\"twitter:label1\" content=\"Est. reading time\" \/>\n\t<meta name=\"twitter:data1\" content=\"4 minutes\" \/>\n<script type=\"application\/ld+json\" class=\"yoast-schema-graph\">{\"@context\":\"https:\\\/\\\/schema.org\",\"@graph\":[{\"@type\":\"WebPage\",\"@id\":\"https:\\\/\\\/www.interforce.dk\\\/baggrund\\\/\",\"url\":\"https:\\\/\\\/www.interforce.dk\\\/baggrund\\\/\",\"name\":\"Begreber - InterForce\",\"isPartOf\":{\"@id\":\"https:\\\/\\\/www.interforce.dk\\\/#website\"},\"datePublished\":\"2018-12-19T11:10:46+00:00\",\"dateModified\":\"2026-04-07T13:16:54+00:00\",\"breadcrumb\":{\"@id\":\"https:\\\/\\\/www.interforce.dk\\\/baggrund\\\/#breadcrumb\"},\"inLanguage\":\"en-GB\",\"potentialAction\":[{\"@type\":\"ReadAction\",\"target\":[\"https:\\\/\\\/www.interforce.dk\\\/baggrund\\\/\"]}]},{\"@type\":\"BreadcrumbList\",\"@id\":\"https:\\\/\\\/www.interforce.dk\\\/baggrund\\\/#breadcrumb\",\"itemListElement\":[{\"@type\":\"ListItem\",\"position\":1,\"name\":\"Hjem\",\"item\":\"https:\\\/\\\/www.interforce.dk\\\/\"},{\"@type\":\"ListItem\",\"position\":2,\"name\":\"Begreber\"}]},{\"@type\":\"WebSite\",\"@id\":\"https:\\\/\\\/www.interforce.dk\\\/#website\",\"url\":\"https:\\\/\\\/www.interforce.dk\\\/\",\"name\":\"InterForce\",\"description\":\"\",\"potentialAction\":[{\"@type\":\"SearchAction\",\"target\":{\"@type\":\"EntryPoint\",\"urlTemplate\":\"https:\\\/\\\/www.interforce.dk\\\/?s={search_term_string}\"},\"query-input\":{\"@type\":\"PropertyValueSpecification\",\"valueRequired\":true,\"valueName\":\"search_term_string\"}}],\"inLanguage\":\"en-GB\"}]}<\/script>\n<!-- \/ Yoast SEO plugin. -->","yoast_head_json":{"title":"Begreber - InterForce","robots":{"index":"index","follow":"follow","max-snippet":"max-snippet:-1","max-image-preview":"max-image-preview:large","max-video-preview":"max-video-preview:-1"},"canonical":"https:\/\/www.interforce.dk\/en\/baggrund\/","og_locale":"en_GB","og_type":"article","og_title":"Begreber - InterForce","og_description":"&#8220;Reservestyrken&#8221;, &#8220;reserven&#8221;, &#8220;Hjemmev\u00e6rnets reserve&#8221;, &#8220;forsvaret&#8221; med lille f, &#8220;Forsvaret&#8221; med stort F osv. &#8211; vi jonglerer mange begreber i InterForces interesseomr\u00e5de. Her kan du f\u00e5 indsigt i de finere nuancer af Reservestyrken &#8211; robustheden i Kongerigets sikkerhed.","og_url":"https:\/\/www.interforce.dk\/en\/baggrund\/","og_site_name":"InterForce","article_modified_time":"2026-04-07T13:16:54+00:00","twitter_card":"summary_large_image","twitter_misc":{"Est. reading time":"4 minutes"},"schema":{"@context":"https:\/\/schema.org","@graph":[{"@type":"WebPage","@id":"https:\/\/www.interforce.dk\/baggrund\/","url":"https:\/\/www.interforce.dk\/baggrund\/","name":"Begreber - InterForce","isPartOf":{"@id":"https:\/\/www.interforce.dk\/#website"},"datePublished":"2018-12-19T11:10:46+00:00","dateModified":"2026-04-07T13:16:54+00:00","breadcrumb":{"@id":"https:\/\/www.interforce.dk\/baggrund\/#breadcrumb"},"inLanguage":"en-GB","potentialAction":[{"@type":"ReadAction","target":["https:\/\/www.interforce.dk\/baggrund\/"]}]},{"@type":"BreadcrumbList","@id":"https:\/\/www.interforce.dk\/baggrund\/#breadcrumb","itemListElement":[{"@type":"ListItem","position":1,"name":"Hjem","item":"https:\/\/www.interforce.dk\/"},{"@type":"ListItem","position":2,"name":"Begreber"}]},{"@type":"WebSite","@id":"https:\/\/www.interforce.dk\/#website","url":"https:\/\/www.interforce.dk\/","name":"InterForce","description":"","potentialAction":[{"@type":"SearchAction","target":{"@type":"EntryPoint","urlTemplate":"https:\/\/www.interforce.dk\/?s={search_term_string}"},"query-input":{"@type":"PropertyValueSpecification","valueRequired":true,"valueName":"search_term_string"}}],"inLanguage":"en-GB"}]}},"_links":{"self":[{"href":"https:\/\/www.interforce.dk\/en\/wp-json\/wp\/v2\/pages\/210","targetHints":{"allow":["GET"]}}],"collection":[{"href":"https:\/\/www.interforce.dk\/en\/wp-json\/wp\/v2\/pages"}],"about":[{"href":"https:\/\/www.interforce.dk\/en\/wp-json\/wp\/v2\/types\/page"}],"author":[{"embeddable":true,"href":"https:\/\/www.interforce.dk\/en\/wp-json\/wp\/v2\/users\/2"}],"replies":[{"embeddable":true,"href":"https:\/\/www.interforce.dk\/en\/wp-json\/wp\/v2\/comments?post=210"}],"version-history":[{"count":4,"href":"https:\/\/www.interforce.dk\/en\/wp-json\/wp\/v2\/pages\/210\/revisions"}],"predecessor-version":[{"id":18434,"href":"https:\/\/www.interforce.dk\/en\/wp-json\/wp\/v2\/pages\/210\/revisions\/18434"}],"wp:attachment":[{"href":"https:\/\/www.interforce.dk\/en\/wp-json\/wp\/v2\/media?parent=210"}],"curies":[{"name":"wp","href":"https:\/\/api.w.org\/{rel}","templated":true}]}}