{"id":15827,"date":"2024-05-23T08:52:20","date_gmt":"2024-05-23T08:52:20","guid":{"rendered":"https:\/\/www.interforce.dk\/?page_id=15827"},"modified":"2024-05-23T08:52:21","modified_gmt":"2024-05-23T08:52:21","slug":"velkommen-til-interforce","status":"publish","type":"page","link":"https:\/\/www.interforce.dk\/en\/velkommen-til-interforce\/","title":{"rendered":""},"content":{"rendered":"<div class=\"block core-block core-block--columns\">\n      <div class=\"inner inner--full\">\n      \n<div class=\"wp-block-columns alignfull has-2-columns break-early\"><div class=\"block core-block core-block--column\">\n      \n<div class=\"wp-block-column\"><div class=\"block stheme-block stheme-block--advanced-image\">\n      \n<div class=\"hero has-black-color\" style=\"background-image:url( https:\/\/www.interforce.dk\/app\/uploads\/2018\/12\/Group-9-e1716451495187.png)\" data-image=\"https:\/\/www.interforce.dk\/app\/uploads\/2018\/12\/Group-9-e1716451495187.png\"><div class=\"inner inner--medium\"><div class=\"hero__content\"><div class=\"block core-block core-block--heading\">\n      \n<h2 class=\"wp-block-heading has-text-align-center\">VELKOMMEN TIL INTERFORCE<\/h2>\n\n  <\/div>\n\n\n<div class=\"block core-block core-block--paragraph align-center\">\n      \n<p class=\"has-text-align-center has-black-color has-text-color\">Det er ikke juridisk eller \u00f8konomisk forpligtende at v\u00e6re medlem af InterForce. Men med jeres indmelding viser I, at I tager ansvar for Danmarks sikkerhed. <\/p>\n\n  <\/div>\n\n\n<div class=\"block core-block core-block--paragraph align-center\">\n      \n<p class=\"has-text-align-center has-black-color has-text-color\">Det g\u00f8r I ved at v\u00e6re \u00e5bne over for, at jeres ansatte, der er reservister eller frivillige i Forsvaret, Hjemmev\u00e6rnet, Beredskabsstyrelsen eller Kystredningstjenesten, kan f\u00e5 fri til at g\u00f8re tjeneste i uniform. <\/p>\n\n  <\/div>\n\n\n<div class=\"block core-block core-block--paragraph align-center\">\n      \n<p class=\"has-text-align-center has-black-color has-text-color\">De bidrager til at l\u00f8se vigtigt opgaver overalt i Kongeriget. Derfor kan I ogs\u00e5 v\u00e6re stolte af jeres medlemskab af InterForce. Det har betydning!<\/p>\n\n  <\/div>\n<\/div><\/div><\/div>\n\n  <\/div>\n<\/div>\n\n  <\/div>\n\n\n<div class=\"block core-block core-block--column\">\n      \n<div class=\"wp-block-column\"><div class=\"block stheme-block stheme-block--advanced-image\">\n      \n<div class=\"hero\" style=\"background-image:url( https:\/\/www.interforce.dk\/app\/uploads\/2024\/05\/IMG_4542-scaled.jpg)\" data-image=\"https:\/\/www.interforce.dk\/app\/uploads\/2024\/05\/IMG_4542-scaled.jpg\"><div class=\"inner inner--medium\"><div class=\"hero__tag\"><span class=\"sr-fade--reset\">TAK FOR OPBAKNINGEN<\/span><\/div><div class=\"hero__content\"><\/div><\/div><a href=\"https:\/\/www.interforce.dk\/en\/\" class=\"has-white-color advanced-image-link\"><\/a><\/div>\n\n  <\/div>\n<\/div>\n\n  <\/div>\n<\/div>\n\n      <\/div>\n  <\/div>\n<div class=\"block core-block core-block--columns\">\n      <div class=\"inner inner--full\">\n      \n<div class=\"wp-block-columns alignfull has-2-columns break-early\"><div class=\"block core-block core-block--column\">\n      \n<div class=\"wp-block-column\"><div class=\"block stheme-block stheme-block--advanced-image\">\n      \n<div class=\"hero\" style=\"background-image:url( https:\/\/www.interforce.dk\/app\/uploads\/2024\/05\/2023-11-16_Interforce_FWSKP_LR_18_RDAF-RTPD-scaled.jpg)\" data-image=\"https:\/\/www.interforce.dk\/app\/uploads\/2024\/05\/2023-11-16_Interforce_FWSKP_LR_18_RDAF-RTPD-scaled.jpg\"><div class=\"inner inner--medium\"><div class=\"hero__tag\"><span class=\"sr-fade--reset\">EKSKLUSIV ADGANG<\/span><\/div><div class=\"hero__content\"><\/div><\/div><a href=\"https:\/\/www.interforce.dk\/en\/arrangementer\/\" class=\"has-white-color advanced-image-link\"><\/a><\/div>\n\n  <\/div>\n<\/div>\n\n  <\/div>\n\n\n<div class=\"block core-block core-block--column\">\n      \n<div class=\"wp-block-column\"><div class=\"block stheme-block stheme-block--advanced-image\">\n      \n<div class=\"hero\" style=\"background-image:url( https:\/\/www.interforce.dk\/app\/uploads\/2018\/12\/Group-9-e1716451495187.png)\" data-image=\"https:\/\/www.interforce.dk\/app\/uploads\/2018\/12\/Group-9-e1716451495187.png\"><div class=\"inner inner--medium\"><div class=\"hero__content\"><div class=\"block core-block core-block--heading\">\n      \n<h2 class=\"wp-block-heading has-text-align-center has-black-color has-text-color\">HVAD SKER DER NU?<\/h2>\n\n  <\/div>\n\n\n<div class=\"block core-block core-block--paragraph align-center\">\n      \n<p class=\"has-text-align-center has-black-color has-text-color\">Som medlemsvirksomhed i InterForce f\u00e5r I nu adgang til en r\u00e6kke unikke muligheder. InterForce afholder en lang r\u00e6kke regionale og centrale arrangementer \u00e5rligt, som I f\u00e5r eksklusiv adgang til som medlemsvirksomhed. <\/p>\n\n  <\/div>\n\n\n<div class=\"block core-block core-block--paragraph align-center\">\n      \n<p class=\"has-text-align-center has-black-color has-text-color\">Vi har arrangementer, hvor I kan h\u00f8re opl\u00e6g fra og tale med repr\u00e6sentanter fra Forsvarets og beredskabets \u00f8verste ledelse. Vi har arrangementer, hvor I f\u00e5r chancen for at m\u00f8de andre medlemsvirksomheder. Og vi har arrangementer, hvor I kan f\u00e5 eksklusive kig ind bag hegnet p\u00e5 milit\u00e6rbaser og se opvisninger til vands, til lands og i luften. <\/p>\n\n  <\/div>\n\n\n<div class=\"block core-block core-block--paragraph align-center\">\n      \n<p class=\"has-text-align-center has-black-color has-text-color\">Alle InterForce-arrangementer er som udgangspunkt gratis, med undtagelse af den \u00e5rlige InterForce-rejse og vores Oksb\u00f8larrangementer. Vi vil i InterForce opfordre til, at I deltager i vores arrangementer. Det er en unik mulighed for at l\u00e6re mere om Reservestyrken, danne netv\u00e6rk og f\u00e5 et kig ind bag facaden i Forsvaret og beredskabet.<\/p>\n\n  <\/div>\n\n\n<div class=\"block core-block core-block--paragraph align-center\">\n      \n<p class=\"has-text-align-center has-black-color has-text-color\">Hold jer opdateret om kommende arrangementer, og find mere information her p\u00e5 vores hjemmeside <a href=\"http:\/\/www.interforce.dk\/en\/\">www.interforce.dk<\/a><\/p>\n\n  <\/div>\n<\/div><\/div><\/div>\n\n  <\/div>\n<\/div>\n\n  <\/div>\n<\/div>\n\n      <\/div>\n  <\/div>\n<div class=\"block core-block core-block--paragraph\">\n      <div class=\"inner inner--small\">\n      \n<p><\/p>\n\n      <\/div>\n  <\/div>\n<div class=\"block core-block core-block--columns\">\n      <div class=\"inner inner--full\">\n      \n<div class=\"wp-block-columns alignfull has-2-columns break-early\"><div class=\"block core-block core-block--column\">\n      \n<div class=\"wp-block-column\"><div class=\"block stheme-block stheme-block--advanced-image\">\n      \n<div class=\"hero has-black-color\" style=\"background-image:url( https:\/\/www.interforce.dk\/app\/uploads\/2018\/12\/Group-9-e1716451495187.png)\" data-image=\"https:\/\/www.interforce.dk\/app\/uploads\/2018\/12\/Group-9-e1716451495187.png\"><div class=\"inner inner--medium\"><div class=\"hero__content\"><div class=\"block core-block core-block--heading\">\n      \n<h2 class=\"wp-block-heading has-text-align-center\">VIS JERES MEDLEMSKAB<\/h2>\n\n  <\/div>\n\n\n<div class=\"block core-block core-block--paragraph align-center\">\n      \n<p class=\"has-text-align-center has-black-color has-text-color\">Med jeres indmelding i InterForce sender I et st\u00e6rkt signal om, at I st\u00f8tter op om dansk forsvar og beredskab. I InterForce er vi stolte af, at I har truffet det valg. Derfor vil vi ogs\u00e5 hj\u00e6lpe jer med at sprede det gode budskab internt i virksomheden og til omverdenen. <\/p>\n\n  <\/div>\n\n\n<div class=\"block core-block core-block--paragraph align-center\">\n      \n<p class=\"has-text-align-center has-black-color has-text-color\">P\u00e5 InterForces hjemmeside har vi samlet en r\u00e6kke forslag til, hvordan I bedst kommunikerer ud, at I er medlem af InterForce. Teksterne kan frit bruges i jeres egen kommunikation. I kan enten downloade teksterne og bruge dem direkte eller blot bruge dem som inspiration. InterForces logo kan ligeledes downloades p\u00e5 hjemmesiden og bruges i jeres kommunikation.<\/p>\n\n  <\/div>\n<\/div><\/div><\/div>\n\n  <\/div>\n<\/div>\n\n  <\/div>\n\n\n<div class=\"block core-block core-block--column\">\n      \n<div class=\"wp-block-column\"><div class=\"block stheme-block stheme-block--advanced-image\">\n      \n<div class=\"hero\" style=\"background-image:url( https:\/\/www.interforce.dk\/app\/uploads\/2022\/10\/IMG-0650-scaled.jpg)\" data-image=\"https:\/\/www.interforce.dk\/app\/uploads\/2022\/10\/IMG-0650-scaled.jpg\"><div class=\"inner inner--medium\"><div class=\"hero__tag\"><span class=\"sr-fade--reset\">KOMMUNIK\u00c8R TIL OMVERDENEN<\/span><\/div><div class=\"hero__content\"><\/div><\/div><a href=\"https:\/\/www.interforce.dk\/en\/allerede-interforce-medlem\/\" class=\"has-white-color advanced-image-link\"><\/a><\/div>\n\n  <\/div>\n<\/div>\n\n  <\/div>\n<\/div>\n\n      <\/div>\n  <\/div>\n<div class=\"block core-block core-block--columns\">\n      <div class=\"inner inner--full\">\n      \n<div class=\"wp-block-columns alignfull has-2-columns break-early\"><div class=\"block core-block core-block--column\">\n      \n<div class=\"wp-block-column\"><div class=\"block stheme-block stheme-block--advanced-image\">\n      \n<div class=\"hero\" style=\"background-image:url( https:\/\/www.interforce.dk\/app\/uploads\/2024\/05\/Interforce_KBH_2023-08-24_00082-1.jpg)\" data-image=\"https:\/\/www.interforce.dk\/app\/uploads\/2024\/05\/Interforce_KBH_2023-08-24_00082-1.jpg\"><div class=\"inner inner--medium\"><div class=\"hero__tag\"><span class=\"sr-fade--reset\">MEDLEMSKABSTYPER<\/span><\/div><div class=\"hero__content\"><\/div><\/div><a href=\"https:\/\/www.interforce.dk\/en\/\" class=\"has-white-color advanced-image-link\"><\/a><\/div>\n\n  <\/div>\n<\/div>\n\n  <\/div>\n\n\n<div class=\"block core-block core-block--column\">\n      \n<div class=\"wp-block-column\"><div class=\"block stheme-block stheme-block--advanced-image\">\n      \n<div class=\"hero\" style=\"background-image:url( https:\/\/www.interforce.dk\/app\/uploads\/2018\/12\/Group-9-e1716451495187.png)\" data-image=\"https:\/\/www.interforce.dk\/app\/uploads\/2018\/12\/Group-9-e1716451495187.png\"><div class=\"inner inner--medium\"><div class=\"hero__content\"><div class=\"block core-block core-block--heading\">\n      \n<h2 class=\"wp-block-heading has-text-align-center has-black-color has-text-color\">VIL I G\u00d8RE MERE?<\/h2>\n\n  <\/div>\n\n\n<div class=\"block core-block core-block--paragraph align-center\">\n      \n<p class=\"has-text-align-center has-black-color has-text-color\">Vi arbejder i InterForce p\u00e5 andre medlemstyper, som vi h\u00e5ber p\u00e5 at kunne lancere i l\u00f8bet af de kommende \u00e5r. M\u00e5let er, at de nye medlemstyper skal v\u00e6re et mere forpligtende samarbejde mellem det danske forsvar og beredskab og virksomheder som jeres i den civile sektor. <\/p>\n\n  <\/div>\n\n\n<div class=\"block core-block core-block--paragraph align-center\">\n      \n<p class=\"has-text-align-center has-black-color has-text-color\">Hvis ikke det er nok for jer at v\u00e6re uforpligtende medlem af InterForce, kan I holde jer opdateret p\u00e5 InterForces hjemmeside. Vi ser frem til at udvide samarbejdet med jer, n\u00e5r de nye medlemskaber bliver lanceret. <\/p>\n\n  <\/div>\n\n\n<div class=\"block core-block core-block--paragraph align-center\">\n      \n<p class=\"has-text-align-center has-black-color has-text-color\">Hold jer ikke tilbage med at kontakte os regionalt eller centralt p\u00e5 de mailadresser, som I kan finde p\u00e5 www.interforce.dk. Jeres regionale kontaktpunkt kan helt sikkert svare p\u00e5 de fleste sp\u00f8rgsm\u00e5l. Ellers kontakt os centralt p\u00e5 interforce@interforce.dk<\/p>\n\n  <\/div>\n<\/div><\/div><\/div>\n\n  <\/div>\n<\/div>\n\n  <\/div>\n<\/div>\n\n      <\/div>\n  <\/div>\n<div class=\"block core-block core-block--paragraph\">\n      <div class=\"inner inner--small\">\n      \n<p><\/p>\n\n      <\/div>\n  <\/div>\n<div class=\"block core-block core-block--paragraph\">\n      <div class=\"inner inner--small\">\n      \n<p><\/p>\n\n      <\/div>\n  <\/div>","protected":false},"excerpt":{"rendered":"...","protected":false},"author":122,"featured_media":0,"parent":0,"menu_order":0,"comment_status":"closed","ping_status":"closed","template":"","meta":{"_acf_changed":false,"footnotes":""},"class_list":["post-15827","page","type-page","status-publish","hentry"],"acf":[],"yoast_head":"<!-- This site is optimized with the Yoast SEO plugin v27.3 - https:\/\/yoast.com\/product\/yoast-seo-wordpress\/ -->\n<title>- InterForce<\/title>\n<meta name=\"robots\" content=\"index, follow, max-snippet:-1, max-image-preview:large, max-video-preview:-1\" \/>\n<link rel=\"canonical\" href=\"https:\/\/www.interforce.dk\/en\/velkommen-til-interforce\/\" \/>\n<meta property=\"og:locale\" content=\"en_GB\" \/>\n<meta property=\"og:type\" content=\"article\" \/>\n<meta property=\"og:title\" content=\"- InterForce\" \/>\n<meta property=\"og:url\" content=\"https:\/\/www.interforce.dk\/en\/velkommen-til-interforce\/\" \/>\n<meta property=\"og:site_name\" content=\"InterForce\" \/>\n<meta property=\"article:modified_time\" content=\"2024-05-23T08:52:21+00:00\" \/>\n<meta name=\"twitter:card\" content=\"summary_large_image\" \/>\n<meta name=\"twitter:label1\" content=\"Est. reading time\" \/>\n\t<meta name=\"twitter:data1\" content=\"1 minute\" \/>\n<script type=\"application\/ld+json\" class=\"yoast-schema-graph\">{\"@context\":\"https:\\\/\\\/schema.org\",\"@graph\":[{\"@type\":\"WebPage\",\"@id\":\"https:\\\/\\\/www.interforce.dk\\\/velkommen-til-interforce\\\/\",\"url\":\"https:\\\/\\\/www.interforce.dk\\\/velkommen-til-interforce\\\/\",\"name\":\"- InterForce\",\"isPartOf\":{\"@id\":\"https:\\\/\\\/www.interforce.dk\\\/#website\"},\"datePublished\":\"2024-05-23T08:52:20+00:00\",\"dateModified\":\"2024-05-23T08:52:21+00:00\",\"inLanguage\":\"en-GB\",\"potentialAction\":[{\"@type\":\"ReadAction\",\"target\":[\"https:\\\/\\\/www.interforce.dk\\\/velkommen-til-interforce\\\/\"]}]},{\"@type\":\"WebSite\",\"@id\":\"https:\\\/\\\/www.interforce.dk\\\/#website\",\"url\":\"https:\\\/\\\/www.interforce.dk\\\/\",\"name\":\"InterForce\",\"description\":\"\",\"potentialAction\":[{\"@type\":\"SearchAction\",\"target\":{\"@type\":\"EntryPoint\",\"urlTemplate\":\"https:\\\/\\\/www.interforce.dk\\\/?s={search_term_string}\"},\"query-input\":{\"@type\":\"PropertyValueSpecification\",\"valueRequired\":true,\"valueName\":\"search_term_string\"}}],\"inLanguage\":\"en-GB\"}]}<\/script>\n<!-- \/ Yoast SEO plugin. -->","yoast_head_json":{"title":"- InterForce","robots":{"index":"index","follow":"follow","max-snippet":"max-snippet:-1","max-image-preview":"max-image-preview:large","max-video-preview":"max-video-preview:-1"},"canonical":"https:\/\/www.interforce.dk\/en\/velkommen-til-interforce\/","og_locale":"en_GB","og_type":"article","og_title":"- InterForce","og_url":"https:\/\/www.interforce.dk\/en\/velkommen-til-interforce\/","og_site_name":"InterForce","article_modified_time":"2024-05-23T08:52:21+00:00","twitter_card":"summary_large_image","twitter_misc":{"Est. reading time":"1 minute"},"schema":{"@context":"https:\/\/schema.org","@graph":[{"@type":"WebPage","@id":"https:\/\/www.interforce.dk\/velkommen-til-interforce\/","url":"https:\/\/www.interforce.dk\/velkommen-til-interforce\/","name":"- InterForce","isPartOf":{"@id":"https:\/\/www.interforce.dk\/#website"},"datePublished":"2024-05-23T08:52:20+00:00","dateModified":"2024-05-23T08:52:21+00:00","inLanguage":"en-GB","potentialAction":[{"@type":"ReadAction","target":["https:\/\/www.interforce.dk\/velkommen-til-interforce\/"]}]},{"@type":"WebSite","@id":"https:\/\/www.interforce.dk\/#website","url":"https:\/\/www.interforce.dk\/","name":"InterForce","description":"","potentialAction":[{"@type":"SearchAction","target":{"@type":"EntryPoint","urlTemplate":"https:\/\/www.interforce.dk\/?s={search_term_string}"},"query-input":{"@type":"PropertyValueSpecification","valueRequired":true,"valueName":"search_term_string"}}],"inLanguage":"en-GB"}]}},"_links":{"self":[{"href":"https:\/\/www.interforce.dk\/en\/wp-json\/wp\/v2\/pages\/15827","targetHints":{"allow":["GET"]}}],"collection":[{"href":"https:\/\/www.interforce.dk\/en\/wp-json\/wp\/v2\/pages"}],"about":[{"href":"https:\/\/www.interforce.dk\/en\/wp-json\/wp\/v2\/types\/page"}],"author":[{"embeddable":true,"href":"https:\/\/www.interforce.dk\/en\/wp-json\/wp\/v2\/users\/122"}],"replies":[{"embeddable":true,"href":"https:\/\/www.interforce.dk\/en\/wp-json\/wp\/v2\/comments?post=15827"}],"version-history":[{"count":64,"href":"https:\/\/www.interforce.dk\/en\/wp-json\/wp\/v2\/pages\/15827\/revisions"}],"predecessor-version":[{"id":16566,"href":"https:\/\/www.interforce.dk\/en\/wp-json\/wp\/v2\/pages\/15827\/revisions\/16566"}],"wp:attachment":[{"href":"https:\/\/www.interforce.dk\/en\/wp-json\/wp\/v2\/media?parent=15827"}],"curies":[{"name":"wp","href":"https:\/\/api.w.org\/{rel}","templated":true}]}}