{"id":15458,"date":"2024-06-04T10:12:41","date_gmt":"2024-06-04T10:12:41","guid":{"rendered":"https:\/\/www.interforce.dk\/?page_id=15458"},"modified":"2026-03-06T12:13:37","modified_gmt":"2026-03-06T12:13:37","slug":"15458-2","status":"publish","type":"page","link":"https:\/\/www.interforce.dk\/en\/15458-2\/","title":{"rendered":"WHY DO WE HAVE A UNIFORM ON THE JOB DAY?"},"content":{"rendered":"<div class=\"block core-block core-block--paragraph align-center\">\n      <div class=\"inner inner--small\">\n      \n<p class=\"has-text-align-center\">We have a Uniform at Work Day to honour all reservists and volunteers in the Armed Forces, the Home Guard, the Emergency Management Agency, and the Coastal Rescue Service.<\/p>\n\n      <\/div>\n  <\/div>\n<div class=\"block core-block core-block--heading\">\n      <div class=\"inner inner--small\">\n      \n<h2 class=\"wp-block-heading has-text-align-center\">Onsdag d. 30. september 2026<br><\/h2>\n\n      <\/div>\n  <\/div>\n<div class=\"block core-block core-block--paragraph align-center\">\n      <div class=\"inner inner--small\">\n      \n<p class=\"has-text-align-center\">&#8211;<\/p>\n\n      <\/div>\n  <\/div>\n<div class=\"block core-block core-block--paragraph align-center\">\n      <div class=\"inner inner--small\">\n      \n<p class=\"has-text-align-center\">Uniform at Work Day is a chance to show how many people go the extra mile to help ensure a safe and secure society in Denmark.<\/p>\n\n      <\/div>\n  <\/div>\n<div class=\"block core-block core-block--paragraph align-center\">\n      <div class=\"inner inner--small\">\n      \n<p class=\"has-text-align-center\">Reservists and volunteers are ordinary people\u2014craftsmen, office workers, schoolteachers, academics, and managers\u2014who put on the uniform when they are needed.<\/p>\n\n      <\/div>\n  <\/div>\n<div class=\"block core-block core-block--paragraph align-center\">\n      <div class=\"inner inner--small\">\n      \n<p class=\"has-text-align-center\">In recent years, we\u2019ve seen cyberattacks, hostile state interference with critical infrastructure, pandemics, extreme weather, supply chain challenges, and a world marked by uncertainty\u2014including war in Europe. That\u2019s why these volunteers and reservists are more important than ever.<\/p>\n\n      <\/div>\n  <\/div>\n<div class=\"block core-block core-block--paragraph align-center\">\n      <div class=\"inner inner--small\">\n      \n<p class=\"has-text-align-center\">On Uniform at Work Day, we honour their contribution.<\/p>\n\n      <\/div>\n  <\/div>\n<div class=\"block core-block core-block--paragraph align-center\">\n      <div class=\"inner inner--small\">\n      \n<p class=\"has-text-align-center\">*<\/p>\n\n      <\/div>\n  <\/div>\n<div class=\"block core-block core-block--image align-center\">\n      <div class=\"inner inner--small\">\n      \n<figure class=\"wp-block-image aligncenter size-large\"><img loading=\"lazy\" decoding=\"async\" width=\"683\" height=\"1024\" src=\"https:\/\/www.interforce.dk\/app\/uploads\/2025\/02\/Hassan-03-1-683x1024.jpg\" alt=\"\" class=\"wp-image-17178\" srcset=\"https:\/\/www.interforce.dk\/app\/uploads\/2025\/02\/Hassan-03-1-683x1024.jpg 683w, https:\/\/www.interforce.dk\/app\/uploads\/2025\/02\/Hassan-03-1-200x300.jpg 200w, https:\/\/www.interforce.dk\/app\/uploads\/2025\/02\/Hassan-03-1-768x1152.jpg 768w, https:\/\/www.interforce.dk\/app\/uploads\/2025\/02\/Hassan-03-1-1024x1536.jpg 1024w, https:\/\/www.interforce.dk\/app\/uploads\/2025\/02\/Hassan-03-1-8x12.jpg 8w, https:\/\/www.interforce.dk\/app\/uploads\/2025\/02\/Hassan-03-1.jpg 1365w\" sizes=\"auto, (max-width: 683px) 100vw, 683px\" \/><\/figure>\n\n      <\/div>\n  <\/div>\n<div class=\"block core-block core-block--heading\">\n      <div class=\"inner inner--small\">\n      \n<h1 class=\"wp-block-heading has-text-align-center\">BACKGROUND<\/h1>\n\n      <\/div>\n  <\/div>\n<div class=\"block core-block core-block--paragraph align-center\">\n      <div class=\"inner inner--small\">\n      \n<p class=\"has-text-align-center\">The idea for Uniform at Work Day comes from our neighbouring countries. It began in the United Kingdom, where reservists wear their uniform to their civilian workplace on a designated day. <\/p>\n\n      <\/div>\n  <\/div>\n<div class=\"block core-block core-block--paragraph align-center\">\n      <div class=\"inner inner--small\">\n      \n<p class=\"has-text-align-center\">The concept later spread to Sweden and Norway, where a regular Uniform at Work Day has been held since 2019 and 2020, respectively. Since 2023, Denmark has also had its own annual Uniform at Work Day.<\/p>\n\n      <\/div>\n  <\/div>\n<div class=\"block core-block core-block--paragraph align-center\">\n      <div class=\"inner inner--small\">\n      \n<p class=\"has-text-align-center\">InterForce is behind the introduction of Uniform at Work Day in Denmark. You can learn more about InterForce by <a href=\"https:\/\/www.interforce.dk\/en\/om-interforce\/\" target=\"_blank\" rel=\"noreferrer noopener\">clicking here<\/a>.<\/p>\n\n      <\/div>\n  <\/div>\n<div class=\"block core-block core-block--paragraph align-center\">\n      <div class=\"inner inner--small\">\n      \n<p class=\"has-text-align-center\">*<\/p>\n\n      <\/div>\n  <\/div>\n<div class=\"block core-block core-block--heading\">\n      <div class=\"inner inner--small\">\n      \n<h1 class=\"wp-block-heading has-text-align-center\">FACTS<\/h1>\n\n      <\/div>\n  <\/div>\n<div class=\"block core-block core-block--paragraph align-center\">\n      <div class=\"inner inner--small\">\n      \n<p class=\"has-text-align-center\">I Danmark har vi valgt, at den danske Uniform p\u00e5 jobbet-dag skal ligge den sidste onsdag i september hvert \u00e5r. I 2026 er det d. 30. september. P\u00e5 denne dag opfordres alle reservister og frivillige i Forsvaret, Hjemmev\u00e6rnet og Beredskabsstyrelsen til at tage deres uniform p\u00e5, n\u00e5r de tager p\u00e5 job.<\/p>\n\n      <\/div>\n  <\/div>\n<div class=\"block core-block core-block--paragraph align-center\">\n      <div class=\"inner inner--small\">\n      \n<p class=\"has-text-align-center\">However, participation is entirely voluntary. Ultimately, it is up to your workplace or place of study to decide whether wearing the uniform is permitted.<\/p>\n\n      <\/div>\n  <\/div>\n<div class=\"block core-block core-block--paragraph align-center\">\n      <div class=\"inner inner--small\">\n      \n<p class=\"has-text-align-center\">Participation in Uniform at Work Day is open to all reservists, volunteers, and companies. It is not limited to companies that are members of InterForce.<\/p>\n\n      <\/div>\n  <\/div>\n<div class=\"block core-block core-block--paragraph align-center\">\n      <div class=\"inner inner--small\">\n      \n<p class=\"has-text-align-center\">*<\/p>\n\n      <\/div>\n  <\/div>\n<div class=\"block core-block core-block--heading\">\n      <div class=\"inner inner--small\">\n      \n<h1 class=\"wp-block-heading has-text-align-center\">QUESTIONS?<\/h1>\n\n      <\/div>\n  <\/div>\n<div class=\"block core-block core-block--paragraph align-center\">\n      <div class=\"inner inner--small\">\n      \n<p class=\"has-text-align-center\">&#8211;<\/p>\n\n      <\/div>\n  <\/div>\n<div class=\"block core-block core-block--paragraph align-center\">\n      <div class=\"inner inner--small\">\n      \n<p class=\"has-text-align-center\">Contact us at <strong><a href=\"mailto:uniformpaajobbet@mil.dk\">interforce@interforce.dk<\/a><\/strong><\/p>\n\n      <\/div>\n  <\/div>\n<div class=\"block core-block core-block--paragraph align-center\">\n      <div class=\"inner inner--small\">\n      \n<p class=\"has-text-align-center\">*<\/p>\n\n      <\/div>\n  <\/div>\n<div class=\"block core-block core-block--image align-center\">\n      <div class=\"inner inner--small\">\n      \n<figure class=\"wp-block-image aligncenter size-large\"><img loading=\"lazy\" decoding=\"async\" width=\"684\" height=\"1024\" src=\"https:\/\/www.interforce.dk\/app\/uploads\/2023\/05\/DSC02027-684x1024.jpg\" alt=\"\" class=\"wp-image-14118\" srcset=\"https:\/\/www.interforce.dk\/app\/uploads\/2023\/05\/DSC02027-684x1024.jpg 684w, https:\/\/www.interforce.dk\/app\/uploads\/2023\/05\/DSC02027-200x300.jpg 200w, https:\/\/www.interforce.dk\/app\/uploads\/2023\/05\/DSC02027-768x1150.jpg 768w, https:\/\/www.interforce.dk\/app\/uploads\/2023\/05\/DSC02027-1026x1536.jpg 1026w, https:\/\/www.interforce.dk\/app\/uploads\/2023\/05\/DSC02027-1368x2048.jpg 1368w, https:\/\/www.interforce.dk\/app\/uploads\/2023\/05\/DSC02027-8x12.jpg 8w, https:\/\/www.interforce.dk\/app\/uploads\/2023\/05\/DSC02027-scaled.jpg 1710w\" sizes=\"auto, (max-width: 684px) 100vw, 684px\" \/><\/figure>\n\n      <\/div>\n  <\/div>\n<div class=\"block core-block core-block--paragraph align-center\">\n      <div class=\"inner inner--small\">\n      \n<p class=\"has-text-align-center\">*<\/p>\n\n      <\/div>\n  <\/div>","protected":false},"excerpt":{"rendered":"Vi har en Uniform p\u00e5 jobbet-dag for at hylde alle reservisterne og de frivillig...","protected":false},"author":111,"featured_media":18328,"parent":0,"menu_order":0,"comment_status":"closed","ping_status":"closed","template":"","meta":{"_acf_changed":false,"footnotes":""},"class_list":["post-15458","page","type-page","status-publish","has-post-thumbnail","hentry"],"acf":[],"yoast_head":"<!-- This site is optimized with the Yoast SEO plugin v27.3 - https:\/\/yoast.com\/product\/yoast-seo-wordpress\/ -->\n<title>HVORFOR HAR VI EN UNIFORM P\u00c5 JOBBET-DAG? - InterForce<\/title>\n<meta name=\"description\" content=\"D. 27. september vil alle reservister og frivillige i Hjemmev\u00e6rnet, Beredskabsstyrelsen og Kystredningstjenesten kunne b\u00e6re uniform p\u00e5 job.\" \/>\n<meta name=\"robots\" content=\"index, follow, max-snippet:-1, max-image-preview:large, max-video-preview:-1\" \/>\n<link rel=\"canonical\" href=\"https:\/\/www.interforce.dk\/en\/15458-2\/\" \/>\n<meta property=\"og:locale\" content=\"en_GB\" \/>\n<meta property=\"og:type\" content=\"article\" \/>\n<meta property=\"og:title\" content=\"HVORFOR HAR VI EN UNIFORM P\u00c5 JOBBET-DAG? - InterForce\" \/>\n<meta property=\"og:description\" content=\"D. 27. september vil alle reservister og frivillige i Hjemmev\u00e6rnet, Beredskabsstyrelsen og Kystredningstjenesten kunne b\u00e6re uniform p\u00e5 job.\" \/>\n<meta property=\"og:url\" content=\"https:\/\/www.interforce.dk\/en\/15458-2\/\" \/>\n<meta property=\"og:site_name\" content=\"InterForce\" \/>\n<meta property=\"article:modified_time\" content=\"2026-03-06T12:13:37+00:00\" \/>\n<meta property=\"og:image\" content=\"https:\/\/www.interforce.dk\/app\/uploads\/2026\/03\/UPJD-25.jpg\" \/>\n\t<meta property=\"og:image:width\" content=\"2048\" \/>\n\t<meta property=\"og:image:height\" content=\"1453\" \/>\n\t<meta property=\"og:image:type\" content=\"image\/jpeg\" \/>\n<meta name=\"twitter:card\" content=\"summary_large_image\" \/>\n<meta name=\"twitter:label1\" content=\"Est. reading time\" \/>\n\t<meta name=\"twitter:data1\" content=\"2 minutes\" \/>\n<script type=\"application\/ld+json\" class=\"yoast-schema-graph\">{\"@context\":\"https:\\\/\\\/schema.org\",\"@graph\":[{\"@type\":\"WebPage\",\"@id\":\"https:\\\/\\\/www.interforce.dk\\\/15458-2\\\/\",\"url\":\"https:\\\/\\\/www.interforce.dk\\\/15458-2\\\/\",\"name\":\"HVORFOR HAR VI EN UNIFORM P\u00c5 JOBBET-DAG? - InterForce\",\"isPartOf\":{\"@id\":\"https:\\\/\\\/www.interforce.dk\\\/#website\"},\"primaryImageOfPage\":{\"@id\":\"https:\\\/\\\/www.interforce.dk\\\/15458-2\\\/#primaryimage\"},\"image\":{\"@id\":\"https:\\\/\\\/www.interforce.dk\\\/15458-2\\\/#primaryimage\"},\"thumbnailUrl\":\"https:\\\/\\\/www.interforce.dk\\\/app\\\/uploads\\\/2026\\\/03\\\/UPJD-25.jpg\",\"datePublished\":\"2024-06-04T10:12:41+00:00\",\"dateModified\":\"2026-03-06T12:13:37+00:00\",\"description\":\"D. 27. september vil alle reservister og frivillige i Hjemmev\u00e6rnet, Beredskabsstyrelsen og Kystredningstjenesten kunne b\u00e6re uniform p\u00e5 job.\",\"breadcrumb\":{\"@id\":\"https:\\\/\\\/www.interforce.dk\\\/15458-2\\\/#breadcrumb\"},\"inLanguage\":\"en-GB\",\"potentialAction\":[{\"@type\":\"ReadAction\",\"target\":[\"https:\\\/\\\/www.interforce.dk\\\/15458-2\\\/\"]}]},{\"@type\":\"ImageObject\",\"inLanguage\":\"en-GB\",\"@id\":\"https:\\\/\\\/www.interforce.dk\\\/15458-2\\\/#primaryimage\",\"url\":\"https:\\\/\\\/www.interforce.dk\\\/app\\\/uploads\\\/2026\\\/03\\\/UPJD-25.jpg\",\"contentUrl\":\"https:\\\/\\\/www.interforce.dk\\\/app\\\/uploads\\\/2026\\\/03\\\/UPJD-25.jpg\",\"width\":2048,\"height\":1453},{\"@type\":\"BreadcrumbList\",\"@id\":\"https:\\\/\\\/www.interforce.dk\\\/15458-2\\\/#breadcrumb\",\"itemListElement\":[{\"@type\":\"ListItem\",\"position\":1,\"name\":\"Hjem\",\"item\":\"https:\\\/\\\/www.interforce.dk\\\/\"},{\"@type\":\"ListItem\",\"position\":2,\"name\":\"HVORFOR HAR VI EN UNIFORM P\u00c5 JOBBET-DAG?\"}]},{\"@type\":\"WebSite\",\"@id\":\"https:\\\/\\\/www.interforce.dk\\\/#website\",\"url\":\"https:\\\/\\\/www.interforce.dk\\\/\",\"name\":\"InterForce\",\"description\":\"\",\"potentialAction\":[{\"@type\":\"SearchAction\",\"target\":{\"@type\":\"EntryPoint\",\"urlTemplate\":\"https:\\\/\\\/www.interforce.dk\\\/?s={search_term_string}\"},\"query-input\":{\"@type\":\"PropertyValueSpecification\",\"valueRequired\":true,\"valueName\":\"search_term_string\"}}],\"inLanguage\":\"en-GB\"}]}<\/script>\n<!-- \/ Yoast SEO plugin. -->","yoast_head_json":{"title":"HVORFOR HAR VI EN UNIFORM P\u00c5 JOBBET-DAG? - InterForce","description":"D. 27. september vil alle reservister og frivillige i Hjemmev\u00e6rnet, Beredskabsstyrelsen og Kystredningstjenesten kunne b\u00e6re uniform p\u00e5 job.","robots":{"index":"index","follow":"follow","max-snippet":"max-snippet:-1","max-image-preview":"max-image-preview:large","max-video-preview":"max-video-preview:-1"},"canonical":"https:\/\/www.interforce.dk\/en\/15458-2\/","og_locale":"en_GB","og_type":"article","og_title":"HVORFOR HAR VI EN UNIFORM P\u00c5 JOBBET-DAG? - InterForce","og_description":"D. 27. september vil alle reservister og frivillige i Hjemmev\u00e6rnet, Beredskabsstyrelsen og Kystredningstjenesten kunne b\u00e6re uniform p\u00e5 job.","og_url":"https:\/\/www.interforce.dk\/en\/15458-2\/","og_site_name":"InterForce","article_modified_time":"2026-03-06T12:13:37+00:00","og_image":[{"width":2048,"height":1453,"url":"https:\/\/www.interforce.dk\/app\/uploads\/2026\/03\/UPJD-25.jpg","type":"image\/jpeg"}],"twitter_card":"summary_large_image","twitter_misc":{"Est. reading time":"2 minutes"},"schema":{"@context":"https:\/\/schema.org","@graph":[{"@type":"WebPage","@id":"https:\/\/www.interforce.dk\/15458-2\/","url":"https:\/\/www.interforce.dk\/15458-2\/","name":"HVORFOR HAR VI EN UNIFORM P\u00c5 JOBBET-DAG? - InterForce","isPartOf":{"@id":"https:\/\/www.interforce.dk\/#website"},"primaryImageOfPage":{"@id":"https:\/\/www.interforce.dk\/15458-2\/#primaryimage"},"image":{"@id":"https:\/\/www.interforce.dk\/15458-2\/#primaryimage"},"thumbnailUrl":"https:\/\/www.interforce.dk\/app\/uploads\/2026\/03\/UPJD-25.jpg","datePublished":"2024-06-04T10:12:41+00:00","dateModified":"2026-03-06T12:13:37+00:00","description":"D. 27. september vil alle reservister og frivillige i Hjemmev\u00e6rnet, Beredskabsstyrelsen og Kystredningstjenesten kunne b\u00e6re uniform p\u00e5 job.","breadcrumb":{"@id":"https:\/\/www.interforce.dk\/15458-2\/#breadcrumb"},"inLanguage":"en-GB","potentialAction":[{"@type":"ReadAction","target":["https:\/\/www.interforce.dk\/15458-2\/"]}]},{"@type":"ImageObject","inLanguage":"en-GB","@id":"https:\/\/www.interforce.dk\/15458-2\/#primaryimage","url":"https:\/\/www.interforce.dk\/app\/uploads\/2026\/03\/UPJD-25.jpg","contentUrl":"https:\/\/www.interforce.dk\/app\/uploads\/2026\/03\/UPJD-25.jpg","width":2048,"height":1453},{"@type":"BreadcrumbList","@id":"https:\/\/www.interforce.dk\/15458-2\/#breadcrumb","itemListElement":[{"@type":"ListItem","position":1,"name":"Hjem","item":"https:\/\/www.interforce.dk\/"},{"@type":"ListItem","position":2,"name":"HVORFOR HAR VI EN UNIFORM P\u00c5 JOBBET-DAG?"}]},{"@type":"WebSite","@id":"https:\/\/www.interforce.dk\/#website","url":"https:\/\/www.interforce.dk\/","name":"InterForce","description":"","potentialAction":[{"@type":"SearchAction","target":{"@type":"EntryPoint","urlTemplate":"https:\/\/www.interforce.dk\/?s={search_term_string}"},"query-input":{"@type":"PropertyValueSpecification","valueRequired":true,"valueName":"search_term_string"}}],"inLanguage":"en-GB"}]}},"_links":{"self":[{"href":"https:\/\/www.interforce.dk\/en\/wp-json\/wp\/v2\/pages\/15458","targetHints":{"allow":["GET"]}}],"collection":[{"href":"https:\/\/www.interforce.dk\/en\/wp-json\/wp\/v2\/pages"}],"about":[{"href":"https:\/\/www.interforce.dk\/en\/wp-json\/wp\/v2\/types\/page"}],"author":[{"embeddable":true,"href":"https:\/\/www.interforce.dk\/en\/wp-json\/wp\/v2\/users\/111"}],"replies":[{"embeddable":true,"href":"https:\/\/www.interforce.dk\/en\/wp-json\/wp\/v2\/comments?post=15458"}],"version-history":[{"count":26,"href":"https:\/\/www.interforce.dk\/en\/wp-json\/wp\/v2\/pages\/15458\/revisions"}],"predecessor-version":[{"id":17950,"href":"https:\/\/www.interforce.dk\/en\/wp-json\/wp\/v2\/pages\/15458\/revisions\/17950"}],"wp:featuredmedia":[{"embeddable":true,"href":"https:\/\/www.interforce.dk\/en\/wp-json\/wp\/v2\/media\/18328"}],"wp:attachment":[{"href":"https:\/\/www.interforce.dk\/en\/wp-json\/wp\/v2\/media?parent=15458"}],"curies":[{"name":"wp","href":"https:\/\/api.w.org\/{rel}","templated":true}]}}