{"id":15446,"date":"2024-06-04T10:11:59","date_gmt":"2024-06-04T10:11:59","guid":{"rendered":"https:\/\/www.interforce.dk\/?page_id=15446"},"modified":"2026-03-06T12:13:00","modified_gmt":"2026-03-06T12:13:00","slug":"15446-2","status":"publish","type":"page","link":"https:\/\/www.interforce.dk\/en\/15446-2\/","title":{"rendered":"HVAD ER UNIFORM P\u00c5 JOBBET-DAGEN?"},"content":{"rendered":"<div class=\"block core-block core-block--paragraph align-center\">\n      <div class=\"inner inner--small\">\n      \n<p class=\"has-text-align-center\">Uniform p\u00e5 jobbet-dagen er en fast dag om \u00e5ret, hvor reservister og frivillige i Forsvaret, Hjemmev\u00e6rnet, Beredskabsstyrelsen og Kystredningstjenesten kan tage deres uniform p\u00e5, n\u00e5r de g\u00e5r p\u00e5 job eller tager ind p\u00e5 deres studiested.<\/p>\n\n      <\/div>\n  <\/div>\n<div class=\"block core-block core-block--paragraph align-center\">\n      <div class=\"inner inner--small\">\n      \n<p class=\"has-text-align-center\">I 2026 bliver Uniform p\u00e5 jobbet-dagen afholdt <strong>onsdag<\/strong> <strong>d. 30. september<\/strong>.<\/p>\n\n      <\/div>\n  <\/div>\n<div class=\"block core-block core-block--paragraph align-center\">\n      <div class=\"inner inner--small\">\n      \n<p class=\"has-text-align-center\">I Danmark er der ca. 3.000 reservister, der har en r\u00e5dighedskontrakt med Forsvaret, Hjemmev\u00e6rnet eller Beredskabsstyrelsen. Hjemmev\u00e6rnet har ca. 43.000 frivillige, hvoraf ca. 14.500 er aktive. Der er ca. 750 frivillige i Beredskabsstyrelsen, og der er ca. 200 frivillige i Kystredningstjenesten.<\/p>\n\n      <\/div>\n  <\/div>\n<div class=\"block core-block core-block--paragraph align-center\">\n      <div class=\"inner inner--small\">\n      \n<p class=\"has-text-align-center\">Samlet kalder man alle disse frivillige og reservister for Reservestyrken.<\/p>\n\n      <\/div>\n  <\/div>\n<div class=\"block core-block core-block--image align-center\">\n      <div class=\"inner inner--small\">\n      \n<figure class=\"wp-block-image aligncenter size-large\"><img loading=\"lazy\" decoding=\"async\" width=\"683\" height=\"1024\" src=\"https:\/\/www.interforce.dk\/app\/uploads\/2025\/02\/Christina-02-1-683x1024.jpg\" alt=\"\" class=\"wp-image-17175\" srcset=\"https:\/\/www.interforce.dk\/app\/uploads\/2025\/02\/Christina-02-1-683x1024.jpg 683w, https:\/\/www.interforce.dk\/app\/uploads\/2025\/02\/Christina-02-1-200x300.jpg 200w, https:\/\/www.interforce.dk\/app\/uploads\/2025\/02\/Christina-02-1-768x1152.jpg 768w, https:\/\/www.interforce.dk\/app\/uploads\/2025\/02\/Christina-02-1-1024x1536.jpg 1024w, https:\/\/www.interforce.dk\/app\/uploads\/2025\/02\/Christina-02-1-8x12.jpg 8w, https:\/\/www.interforce.dk\/app\/uploads\/2025\/02\/Christina-02-1.jpg 1365w\" sizes=\"auto, (max-width: 683px) 100vw, 683px\" \/><\/figure>\n\n      <\/div>\n  <\/div>\n<div class=\"block core-block core-block--paragraph align-center\">\n      <div class=\"inner inner--small\">\n      \n<p class=\"has-text-align-center\">&#8211;<\/p>\n\n      <\/div>\n  <\/div>\n<div class=\"block core-block core-block--heading\">\n      <div class=\"inner inner--small\">\n      \n<h1 class=\"wp-block-heading has-text-align-center\">WHY DO WE HAVE A UNIFORM ON THE JOB DAY?<\/h1>\n\n      <\/div>\n  <\/div>\n<div class=\"block core-block core-block--paragraph align-center\">\n      <div class=\"inner inner--small\">\n      \n<p class=\"has-text-align-center\">*<\/p>\n\n      <\/div>\n  <\/div>\n<div class=\"block core-block core-block--paragraph align-center\">\n      <div class=\"inner inner--small\">\n      \n<p class=\"has-text-align-center\">We have a Uniform at Work Day to honour all reservists and volunteers in the Armed Forces, the Home Guard, the Emergency Management Agency, and the Coastal Rescue Service.<\/p>\n\n      <\/div>\n  <\/div>\n<div class=\"block core-block core-block--paragraph align-center\">\n      <div class=\"inner inner--small\">\n      \n<p class=\"has-text-align-center\">Uniform p\u00e5 jobbet-dagen skal ogs\u00e5 g\u00f8re det tydeligt, hvor mange der yder en ekstra indsats for, at vi alle kan have et godt og trygt samfund i Danmark.<\/p>\n\n      <\/div>\n  <\/div>\n<div class=\"block core-block core-block--paragraph align-center\">\n      <div class=\"inner inner--small\">\n      \n<p class=\"has-text-align-center\">Reservists and volunteers are ordinary people\u2014craftsmen, office workers, schoolteachers, academics, and managers\u2014who put on the uniform when they are needed.<\/p>\n\n      <\/div>\n  <\/div>\n<div class=\"block core-block core-block--paragraph align-center\">\n      <div class=\"inner inner--small\">\n      \n<p class=\"has-text-align-center\">In recent years, we\u2019ve seen cyberattacks, hostile state interference with critical infrastructure, pandemics, extreme weather, supply chain challenges, and a world marked by uncertainty\u2014including war in Europe. That\u2019s why these volunteers and reservists are more important than ever.<\/p>\n\n      <\/div>\n  <\/div>\n<div class=\"block core-block core-block--paragraph align-center\">\n      <div class=\"inner inner--small\">\n      \n<p class=\"has-text-align-center\">On Uniform at Work Day, we honour their contribution.<\/p>\n\n      <\/div>\n  <\/div>\n<div class=\"block core-block core-block--paragraph align-center\">\n      <div class=\"inner inner--small\">\n      \n<p class=\"has-text-align-center\">*<\/p>\n\n      <\/div>\n  <\/div>\n<div class=\"block core-block core-block--image align-center\">\n      <div class=\"inner inner--small\">\n      \n<figure class=\"wp-block-image aligncenter size-large\"><img loading=\"lazy\" decoding=\"async\" width=\"683\" height=\"1024\" src=\"https:\/\/www.interforce.dk\/app\/uploads\/2025\/02\/Martin-03-2-683x1024.jpg\" alt=\"\" class=\"wp-image-17176\" srcset=\"https:\/\/www.interforce.dk\/app\/uploads\/2025\/02\/Martin-03-2-683x1024.jpg 683w, https:\/\/www.interforce.dk\/app\/uploads\/2025\/02\/Martin-03-2-200x300.jpg 200w, https:\/\/www.interforce.dk\/app\/uploads\/2025\/02\/Martin-03-2-768x1152.jpg 768w, https:\/\/www.interforce.dk\/app\/uploads\/2025\/02\/Martin-03-2-1024x1536.jpg 1024w, https:\/\/www.interforce.dk\/app\/uploads\/2025\/02\/Martin-03-2-8x12.jpg 8w, https:\/\/www.interforce.dk\/app\/uploads\/2025\/02\/Martin-03-2.jpg 1365w\" sizes=\"auto, (max-width: 683px) 100vw, 683px\" \/><\/figure>\n\n      <\/div>\n  <\/div>\n<div class=\"block core-block core-block--paragraph align-center\">\n      <div class=\"inner inner--small\">\n      \n<p class=\"has-text-align-center\"><\/p>\n\n      <\/div>\n  <\/div>\n<div class=\"block core-block core-block--heading\">\n      <div class=\"inner inner--small\">\n      \n<h1 class=\"wp-block-heading has-text-align-center\">STILLER DU OGS\u00c5 OP I UNIFORM?<\/h1>\n\n      <\/div>\n  <\/div>\n<div class=\"block core-block core-block--heading\">\n      <div class=\"inner inner--small\">\n      \n<h2 class=\"wp-block-heading has-text-align-center\"><a href=\"https:\/\/www.interforce.dk\/en\/15451-2\/\" target=\"_blank\" rel=\"noreferrer noopener\">Klik her for mere information<\/a><\/h2>\n\n      <\/div>\n  <\/div>\n<div class=\"block core-block core-block--paragraph align-center\">\n      <div class=\"inner inner--small\">\n      \n<p class=\"has-text-align-center\">&#8211;<\/p>\n\n      <\/div>\n  <\/div>\n<div class=\"block core-block core-block--heading\">\n      <div class=\"inner inner--small\">\n      \n<h1 class=\"wp-block-heading has-text-align-center\">VIL I ST\u00d8TTE OP SOM VIRKSOMHED?<\/h1>\n\n      <\/div>\n  <\/div>\n<div class=\"block core-block core-block--heading\">\n      <div class=\"inner inner--small\">\n      \n<h2 class=\"wp-block-heading has-text-align-center\"><a href=\"https:\/\/www.interforce.dk\/en\/15455-2\/\" target=\"_blank\" rel=\"noreferrer noopener\">Click here <\/a><\/h2>\n\n      <\/div>\n  <\/div>","protected":false},"excerpt":{"rendered":"Uniform p\u00e5 jobbet-dagen er en fast dag om \u00e5ret, hvor reservister og frivillige...","protected":false},"author":111,"featured_media":18328,"parent":0,"menu_order":0,"comment_status":"closed","ping_status":"closed","template":"","meta":{"_acf_changed":false,"footnotes":""},"class_list":["post-15446","page","type-page","status-publish","has-post-thumbnail","hentry"],"acf":[],"yoast_head":"<!-- This site is optimized with the Yoast SEO plugin v27.3 - https:\/\/yoast.com\/product\/yoast-seo-wordpress\/ -->\n<title>HVAD ER UNIFORM P\u00c5 JOBBET-DAGEN? - InterForce<\/title>\n<meta name=\"description\" content=\"D. 27. september vil alle reservister og frivillige i Hjemmev\u00e6rnet, Beredskabsstyrelsen og Kystredningstjenesten kunne b\u00e6re uniform p\u00e5 job.\" \/>\n<meta name=\"robots\" content=\"index, follow, max-snippet:-1, max-image-preview:large, max-video-preview:-1\" \/>\n<link rel=\"canonical\" href=\"https:\/\/www.interforce.dk\/en\/15446-2\/\" \/>\n<meta property=\"og:locale\" content=\"en_GB\" \/>\n<meta property=\"og:type\" content=\"article\" \/>\n<meta property=\"og:title\" content=\"HVAD ER UNIFORM P\u00c5 JOBBET-DAGEN? - InterForce\" \/>\n<meta property=\"og:description\" content=\"D. 27. september vil alle reservister og frivillige i Hjemmev\u00e6rnet, Beredskabsstyrelsen og Kystredningstjenesten kunne b\u00e6re uniform p\u00e5 job.\" \/>\n<meta property=\"og:url\" content=\"https:\/\/www.interforce.dk\/en\/15446-2\/\" \/>\n<meta property=\"og:site_name\" content=\"InterForce\" \/>\n<meta property=\"article:modified_time\" content=\"2026-03-06T12:13:00+00:00\" \/>\n<meta property=\"og:image\" content=\"https:\/\/www.interforce.dk\/app\/uploads\/2026\/03\/UPJD-25.jpg\" \/>\n\t<meta property=\"og:image:width\" content=\"2048\" \/>\n\t<meta property=\"og:image:height\" content=\"1453\" \/>\n\t<meta property=\"og:image:type\" content=\"image\/jpeg\" \/>\n<meta name=\"twitter:card\" content=\"summary_large_image\" \/>\n<meta name=\"twitter:label1\" content=\"Est. reading time\" \/>\n\t<meta name=\"twitter:data1\" content=\"2 minutes\" \/>\n<script type=\"application\/ld+json\" class=\"yoast-schema-graph\">{\"@context\":\"https:\\\/\\\/schema.org\",\"@graph\":[{\"@type\":\"WebPage\",\"@id\":\"https:\\\/\\\/www.interforce.dk\\\/15446-2\\\/\",\"url\":\"https:\\\/\\\/www.interforce.dk\\\/15446-2\\\/\",\"name\":\"HVAD ER UNIFORM P\u00c5 JOBBET-DAGEN? - InterForce\",\"isPartOf\":{\"@id\":\"https:\\\/\\\/www.interforce.dk\\\/#website\"},\"primaryImageOfPage\":{\"@id\":\"https:\\\/\\\/www.interforce.dk\\\/15446-2\\\/#primaryimage\"},\"image\":{\"@id\":\"https:\\\/\\\/www.interforce.dk\\\/15446-2\\\/#primaryimage\"},\"thumbnailUrl\":\"https:\\\/\\\/www.interforce.dk\\\/app\\\/uploads\\\/2026\\\/03\\\/UPJD-25.jpg\",\"datePublished\":\"2024-06-04T10:11:59+00:00\",\"dateModified\":\"2026-03-06T12:13:00+00:00\",\"description\":\"D. 27. september vil alle reservister og frivillige i Hjemmev\u00e6rnet, Beredskabsstyrelsen og Kystredningstjenesten kunne b\u00e6re uniform p\u00e5 job.\",\"breadcrumb\":{\"@id\":\"https:\\\/\\\/www.interforce.dk\\\/15446-2\\\/#breadcrumb\"},\"inLanguage\":\"en-GB\",\"potentialAction\":[{\"@type\":\"ReadAction\",\"target\":[\"https:\\\/\\\/www.interforce.dk\\\/15446-2\\\/\"]}]},{\"@type\":\"ImageObject\",\"inLanguage\":\"en-GB\",\"@id\":\"https:\\\/\\\/www.interforce.dk\\\/15446-2\\\/#primaryimage\",\"url\":\"https:\\\/\\\/www.interforce.dk\\\/app\\\/uploads\\\/2026\\\/03\\\/UPJD-25.jpg\",\"contentUrl\":\"https:\\\/\\\/www.interforce.dk\\\/app\\\/uploads\\\/2026\\\/03\\\/UPJD-25.jpg\",\"width\":2048,\"height\":1453},{\"@type\":\"BreadcrumbList\",\"@id\":\"https:\\\/\\\/www.interforce.dk\\\/15446-2\\\/#breadcrumb\",\"itemListElement\":[{\"@type\":\"ListItem\",\"position\":1,\"name\":\"Hjem\",\"item\":\"https:\\\/\\\/www.interforce.dk\\\/\"},{\"@type\":\"ListItem\",\"position\":2,\"name\":\"HVAD ER UNIFORM P\u00c5 JOBBET-DAGEN?\"}]},{\"@type\":\"WebSite\",\"@id\":\"https:\\\/\\\/www.interforce.dk\\\/#website\",\"url\":\"https:\\\/\\\/www.interforce.dk\\\/\",\"name\":\"InterForce\",\"description\":\"\",\"potentialAction\":[{\"@type\":\"SearchAction\",\"target\":{\"@type\":\"EntryPoint\",\"urlTemplate\":\"https:\\\/\\\/www.interforce.dk\\\/?s={search_term_string}\"},\"query-input\":{\"@type\":\"PropertyValueSpecification\",\"valueRequired\":true,\"valueName\":\"search_term_string\"}}],\"inLanguage\":\"en-GB\"}]}<\/script>\n<!-- \/ Yoast SEO plugin. -->","yoast_head_json":{"title":"HVAD ER UNIFORM P\u00c5 JOBBET-DAGEN? - InterForce","description":"D. 27. september vil alle reservister og frivillige i Hjemmev\u00e6rnet, Beredskabsstyrelsen og Kystredningstjenesten kunne b\u00e6re uniform p\u00e5 job.","robots":{"index":"index","follow":"follow","max-snippet":"max-snippet:-1","max-image-preview":"max-image-preview:large","max-video-preview":"max-video-preview:-1"},"canonical":"https:\/\/www.interforce.dk\/en\/15446-2\/","og_locale":"en_GB","og_type":"article","og_title":"HVAD ER UNIFORM P\u00c5 JOBBET-DAGEN? - InterForce","og_description":"D. 27. september vil alle reservister og frivillige i Hjemmev\u00e6rnet, Beredskabsstyrelsen og Kystredningstjenesten kunne b\u00e6re uniform p\u00e5 job.","og_url":"https:\/\/www.interforce.dk\/en\/15446-2\/","og_site_name":"InterForce","article_modified_time":"2026-03-06T12:13:00+00:00","og_image":[{"width":2048,"height":1453,"url":"https:\/\/www.interforce.dk\/app\/uploads\/2026\/03\/UPJD-25.jpg","type":"image\/jpeg"}],"twitter_card":"summary_large_image","twitter_misc":{"Est. reading time":"2 minutes"},"schema":{"@context":"https:\/\/schema.org","@graph":[{"@type":"WebPage","@id":"https:\/\/www.interforce.dk\/15446-2\/","url":"https:\/\/www.interforce.dk\/15446-2\/","name":"HVAD ER UNIFORM P\u00c5 JOBBET-DAGEN? - InterForce","isPartOf":{"@id":"https:\/\/www.interforce.dk\/#website"},"primaryImageOfPage":{"@id":"https:\/\/www.interforce.dk\/15446-2\/#primaryimage"},"image":{"@id":"https:\/\/www.interforce.dk\/15446-2\/#primaryimage"},"thumbnailUrl":"https:\/\/www.interforce.dk\/app\/uploads\/2026\/03\/UPJD-25.jpg","datePublished":"2024-06-04T10:11:59+00:00","dateModified":"2026-03-06T12:13:00+00:00","description":"D. 27. september vil alle reservister og frivillige i Hjemmev\u00e6rnet, Beredskabsstyrelsen og Kystredningstjenesten kunne b\u00e6re uniform p\u00e5 job.","breadcrumb":{"@id":"https:\/\/www.interforce.dk\/15446-2\/#breadcrumb"},"inLanguage":"en-GB","potentialAction":[{"@type":"ReadAction","target":["https:\/\/www.interforce.dk\/15446-2\/"]}]},{"@type":"ImageObject","inLanguage":"en-GB","@id":"https:\/\/www.interforce.dk\/15446-2\/#primaryimage","url":"https:\/\/www.interforce.dk\/app\/uploads\/2026\/03\/UPJD-25.jpg","contentUrl":"https:\/\/www.interforce.dk\/app\/uploads\/2026\/03\/UPJD-25.jpg","width":2048,"height":1453},{"@type":"BreadcrumbList","@id":"https:\/\/www.interforce.dk\/15446-2\/#breadcrumb","itemListElement":[{"@type":"ListItem","position":1,"name":"Hjem","item":"https:\/\/www.interforce.dk\/"},{"@type":"ListItem","position":2,"name":"HVAD ER UNIFORM P\u00c5 JOBBET-DAGEN?"}]},{"@type":"WebSite","@id":"https:\/\/www.interforce.dk\/#website","url":"https:\/\/www.interforce.dk\/","name":"InterForce","description":"","potentialAction":[{"@type":"SearchAction","target":{"@type":"EntryPoint","urlTemplate":"https:\/\/www.interforce.dk\/?s={search_term_string}"},"query-input":{"@type":"PropertyValueSpecification","valueRequired":true,"valueName":"search_term_string"}}],"inLanguage":"en-GB"}]}},"_links":{"self":[{"href":"https:\/\/www.interforce.dk\/en\/wp-json\/wp\/v2\/pages\/15446","targetHints":{"allow":["GET"]}}],"collection":[{"href":"https:\/\/www.interforce.dk\/en\/wp-json\/wp\/v2\/pages"}],"about":[{"href":"https:\/\/www.interforce.dk\/en\/wp-json\/wp\/v2\/types\/page"}],"author":[{"embeddable":true,"href":"https:\/\/www.interforce.dk\/en\/wp-json\/wp\/v2\/users\/111"}],"replies":[{"embeddable":true,"href":"https:\/\/www.interforce.dk\/en\/wp-json\/wp\/v2\/comments?post=15446"}],"version-history":[{"count":28,"href":"https:\/\/www.interforce.dk\/en\/wp-json\/wp\/v2\/pages\/15446\/revisions"}],"predecessor-version":[{"id":18193,"href":"https:\/\/www.interforce.dk\/en\/wp-json\/wp\/v2\/pages\/15446\/revisions\/18193"}],"wp:featuredmedia":[{"embeddable":true,"href":"https:\/\/www.interforce.dk\/en\/wp-json\/wp\/v2\/media\/18328"}],"wp:attachment":[{"href":"https:\/\/www.interforce.dk\/en\/wp-json\/wp\/v2\/media?parent=15446"}],"curies":[{"name":"wp","href":"https:\/\/api.w.org\/{rel}","templated":true}]}}