{"id":140,"date":"2018-12-18T15:25:55","date_gmt":"2018-12-18T15:25:55","guid":{"rendered":"https:\/\/www.interforce.dk\/?page_id=140"},"modified":"2026-03-20T12:57:51","modified_gmt":"2026-03-20T12:57:51","slug":"om-interforce","status":"publish","type":"page","link":"https:\/\/www.interforce.dk\/en\/om-interforce\/","title":{"rendered":"What is InterForce?"},"content":{"rendered":"<div class=\"block core-block core-block--paragraph\">\n      <div class=\"inner inner--small\">\n      \n<p><\/p>\n\n      <\/div>\n  <\/div>\n<div class=\"block core-block core-block--image\">\n      <div class=\"inner inner--medium\">\n      \n<figure class=\"wp-block-image alignwide size-large\"><img loading=\"lazy\" decoding=\"async\" width=\"1024\" height=\"549\" src=\"https:\/\/www.interforce.dk\/app\/uploads\/2025\/01\/IMG_9709-1-1024x549.jpg\" alt=\"\" class=\"wp-image-17084\" srcset=\"https:\/\/www.interforce.dk\/app\/uploads\/2025\/01\/IMG_9709-1-1024x549.jpg 1024w, https:\/\/www.interforce.dk\/app\/uploads\/2025\/01\/IMG_9709-1-300x161.jpg 300w, https:\/\/www.interforce.dk\/app\/uploads\/2025\/01\/IMG_9709-1-768x412.jpg 768w, https:\/\/www.interforce.dk\/app\/uploads\/2025\/01\/IMG_9709-1-1536x823.jpg 1536w, https:\/\/www.interforce.dk\/app\/uploads\/2025\/01\/IMG_9709-1-2048x1098.jpg 2048w, https:\/\/www.interforce.dk\/app\/uploads\/2025\/01\/IMG_9709-1-18x10.jpg 18w\" sizes=\"auto, (max-width: 1024px) 100vw, 1024px\" \/><\/figure>\n\n      <\/div>\n  <\/div>\n<div class=\"block core-block core-block--paragraph\">\n      <div class=\"inner inner--small\">\n      \n<p>InterForce er en enhed i Forsvarskommandoen.<\/p>\n\n      <\/div>\n  <\/div>\n<div class=\"block core-block core-block--paragraph\">\n      <div class=\"inner inner--small\">\n      \n<p>We work to build support within the civilian sector for the defense and emergency preparedness of the Kingdom.<\/p>\n\n      <\/div>\n  <\/div>\n<div class=\"block core-block core-block--paragraph\">\n      <div class=\"inner inner--small\">\n      \n<p>Specifically, we work to ensure that companies in the Kingdom give their employees time off to serve in uniform - either in the Reserve or as volunteers in the Home Guard, the Emergency Management Agency, or the Coast Rescue Service.<\/p>\n\n      <\/div>\n  <\/div>\n<div class=\"block core-block core-block--paragraph\">\n      <div class=\"inner inner--small\">\n      \n<p>This can include training, sea rescue operations, national assignments, contributing to disaster response efforts, or participating in international missions.<\/p>\n\n      <\/div>\n  <\/div>\n<div class=\"block core-block core-block--heading\">\n      <div class=\"inner inner--small\">\n      \n<h2 class=\"wp-block-heading\">How can you support InterForce?<\/h2>\n\n      <\/div>\n  <\/div>\n<div class=\"block core-block core-block--paragraph\">\n      <div class=\"inner inner--small\">\n      \n<p>Starting in 2025, InterForce will offer two types of membership: member companies and supporting companies.<\/p>\n\n      <\/div>\n  <\/div>\n<div class=\"block core-block core-block--paragraph\">\n      <div class=\"inner inner--small\">\n      \n<p>As a member company, you are expected to show flexibility toward employees who volunteer in the Reserve, the Home Guard, the Emergency Management Agency, or the Coastal Rescue Service when they request leave for training, exercises, deployments, or possible participation in international missions.&nbsp;<\/p>\n\n      <\/div>\n  <\/div>\n<div class=\"block core-block core-block--paragraph\">\n      <div class=\"inner inner--small\">\n      \n<p>As a supporting company, you commit to granting your employees at least five paid days off per year to serve in uniform. This right is to be included in the company\u2019s employee handbook or HR guidelines.<\/p>\n\n      <\/div>\n  <\/div>\n<div class=\"block core-block core-block--paragraph\">\n      <div class=\"inner inner--small\">\n      \n<p>Learn more about the two types of membership and how to join by <a href=\"https:\/\/www.interforce.dk\/en\/medlems-eller-stoettevirksomhed\/\">clicking here<\/a>.<\/p>\n\n      <\/div>\n  <\/div>\n<div class=\"block core-block core-block--image\">\n      <div class=\"inner inner--small\">\n      \n<figure class=\"wp-block-image size-large\"><img loading=\"lazy\" decoding=\"async\" width=\"1024\" height=\"727\" src=\"https:\/\/www.interforce.dk\/app\/uploads\/2026\/01\/UPJD-25-1024x727.jpg\" alt=\"\" class=\"wp-image-18072\" srcset=\"https:\/\/www.interforce.dk\/app\/uploads\/2026\/01\/UPJD-25-1024x727.jpg 1024w, https:\/\/www.interforce.dk\/app\/uploads\/2026\/01\/UPJD-25-300x213.jpg 300w, https:\/\/www.interforce.dk\/app\/uploads\/2026\/01\/UPJD-25-768x545.jpg 768w, https:\/\/www.interforce.dk\/app\/uploads\/2026\/01\/UPJD-25-1536x1090.jpg 1536w, https:\/\/www.interforce.dk\/app\/uploads\/2026\/01\/UPJD-25-18x12.jpg 18w, https:\/\/www.interforce.dk\/app\/uploads\/2026\/01\/UPJD-25.jpg 2048w\" sizes=\"auto, (max-width: 1024px) 100vw, 1024px\" \/><\/figure>\n\n      <\/div>\n  <\/div>\n<div class=\"block core-block core-block--heading\">\n      <div class=\"inner inner--small\">\n      \n<h2 class=\"wp-block-heading\">What are the benefits for your company?<\/h2>\n\n      <\/div>\n  <\/div>\n<div class=\"block core-block core-block--paragraph\">\n      <div class=\"inner inner--small\">\n      \n<p>As a company, you provide invaluable support to the Kingdom\u2019s defense and emergency preparedness in uncertain times by being a member of InterForce.<\/p>\n\n      <\/div>\n  <\/div>\n<div class=\"block core-block core-block--paragraph\">\n      <div class=\"inner inner--small\">\n      \n<p>A strong defence and emergency preparedness require clear support from the civilian sector.<\/p>\n\n      <\/div>\n  <\/div>\n<div class=\"block core-block core-block--paragraph\">\n      <div class=\"inner inner--small\">\n      \n<p>As a member of InterForce\u2014regardless of membership type\u2014you will be invited to a range of events that help bridge the gap between civilian society and the Armed Forces and emergency services.<\/p>\n\n      <\/div>\n  <\/div>\n<div class=\"block core-block core-block--paragraph\">\n      <div class=\"inner inner--small\">\n      \n<p>These include activities where you meet top leaders from the Armed Forces and emergency services and receive briefings on the security situation or cooperation agreements. You may also be invited to visit military installations or take part in challenge days with a military twist.<\/p>\n\n      <\/div>\n  <\/div>\n<div class=\"block core-block core-block--paragraph\">\n      <div class=\"inner inner--small\">\n      \n<p class=\"translation-block\">Derudover kan man gennem InterForce f\u00e5 en st\u00f8rre viden om, hvilke st\u00e6rke kompetencer medlemmerne af Reservestyrken har fra deres uddannelser i hhv. Forsvaret, Hjemmev\u00e6rnet og Beredskabsstyrelsen, og hvordan man som virksomhed kan drage nytte af disse kompetencer.<br><br><a href=\"https:\/\/www.interforce.dk\/en\/hvilke-kompetencer-har-militaerfolk\/\" target=\"_blank\" rel=\"noreferrer noopener\">Klik her<\/a> for mere information om de kompetencer, dine medarbejdere har fra Forsvaret og beredskabet.<\/p>\n\n      <\/div>\n  <\/div>\n<div class=\"block core-block core-block--paragraph\">\n      <div class=\"inner inner--small\">\n      \n<p><\/p>\n\n      <\/div>\n  <\/div>\n<div class=\"block core-block core-block--paragraph\">\n      <div class=\"inner inner--small\">\n      \n<p>Related:   <a href=\"https:\/\/www.interforce.dk\/en\/hvorfor-stoette-interforce\/\"><strong>WHY SUPPORT INTERFORCE?<\/strong><\/a><\/p>\n\n      <\/div>\n  <\/div>","protected":false},"excerpt":{"rendered":"InterForce er en enhed i Forsvarskommandoen. Vi arbejder p\u00e5 at skabe opbakning ...","protected":false},"author":2,"featured_media":13251,"parent":0,"menu_order":0,"comment_status":"closed","ping_status":"closed","template":"","meta":{"_acf_changed":false,"footnotes":""},"class_list":["post-140","page","type-page","status-publish","has-post-thumbnail","hentry"],"acf":[],"yoast_head":"<!-- This site is optimized with the Yoast SEO plugin v27.3 - https:\/\/yoast.com\/product\/yoast-seo-wordpress\/ -->\n<title>Hvad er InterForce? - InterForce<\/title>\n<meta name=\"robots\" content=\"index, follow, max-snippet:-1, max-image-preview:large, max-video-preview:-1\" \/>\n<link rel=\"canonical\" href=\"https:\/\/www.interforce.dk\/en\/om-interforce\/\" \/>\n<meta property=\"og:locale\" content=\"en_GB\" \/>\n<meta property=\"og:type\" content=\"article\" \/>\n<meta property=\"og:title\" content=\"Hvad er InterForce? - InterForce\" \/>\n<meta property=\"og:description\" content=\"InterForce er en enhed i Forsvarskommandoen. Vi arbejder p\u00e5 at skabe opbakning i den civile sektor til Kongerigets forsvar og beredskab. Konkret arbejder vi for, at virksomheder i Kongeriget giver deres medarbejdere fri til at g\u00f8re tjeneste i uniform. Enten i Reserven eller som frivillige i Hjemmev\u00e6rnet, Beredskabsstyrelsen eller Kystredningstjenesten. Det kan v\u00e6re til uddannelse, &hellip;\" \/>\n<meta property=\"og:url\" content=\"https:\/\/www.interforce.dk\/en\/om-interforce\/\" \/>\n<meta property=\"og:site_name\" content=\"InterForce\" \/>\n<meta property=\"article:modified_time\" content=\"2026-03-20T12:57:51+00:00\" \/>\n<meta property=\"og:image\" content=\"https:\/\/www.interforce.dk\/app\/uploads\/2022\/12\/Forsidebillede-civilt.jpg\" \/>\n\t<meta property=\"og:image:width\" content=\"1200\" \/>\n\t<meta property=\"og:image:height\" content=\"800\" \/>\n\t<meta property=\"og:image:type\" content=\"image\/jpeg\" \/>\n<meta name=\"twitter:card\" content=\"summary_large_image\" \/>\n<meta name=\"twitter:label1\" content=\"Est. reading time\" \/>\n\t<meta name=\"twitter:data1\" content=\"2 minutes\" \/>\n<script type=\"application\/ld+json\" class=\"yoast-schema-graph\">{\"@context\":\"https:\\\/\\\/schema.org\",\"@graph\":[{\"@type\":\"WebPage\",\"@id\":\"https:\\\/\\\/www.interforce.dk\\\/om-interforce\\\/\",\"url\":\"https:\\\/\\\/www.interforce.dk\\\/om-interforce\\\/\",\"name\":\"Hvad er InterForce? - InterForce\",\"isPartOf\":{\"@id\":\"https:\\\/\\\/www.interforce.dk\\\/#website\"},\"primaryImageOfPage\":{\"@id\":\"https:\\\/\\\/www.interforce.dk\\\/om-interforce\\\/#primaryimage\"},\"image\":{\"@id\":\"https:\\\/\\\/www.interforce.dk\\\/om-interforce\\\/#primaryimage\"},\"thumbnailUrl\":\"https:\\\/\\\/www.interforce.dk\\\/app\\\/uploads\\\/2022\\\/12\\\/Forsidebillede-civilt.jpg\",\"datePublished\":\"2018-12-18T15:25:55+00:00\",\"dateModified\":\"2026-03-20T12:57:51+00:00\",\"breadcrumb\":{\"@id\":\"https:\\\/\\\/www.interforce.dk\\\/om-interforce\\\/#breadcrumb\"},\"inLanguage\":\"en-GB\",\"potentialAction\":[{\"@type\":\"ReadAction\",\"target\":[\"https:\\\/\\\/www.interforce.dk\\\/om-interforce\\\/\"]}]},{\"@type\":\"ImageObject\",\"inLanguage\":\"en-GB\",\"@id\":\"https:\\\/\\\/www.interforce.dk\\\/om-interforce\\\/#primaryimage\",\"url\":\"https:\\\/\\\/www.interforce.dk\\\/app\\\/uploads\\\/2022\\\/12\\\/Forsidebillede-civilt.jpg\",\"contentUrl\":\"https:\\\/\\\/www.interforce.dk\\\/app\\\/uploads\\\/2022\\\/12\\\/Forsidebillede-civilt.jpg\",\"width\":1200,\"height\":800},{\"@type\":\"BreadcrumbList\",\"@id\":\"https:\\\/\\\/www.interforce.dk\\\/om-interforce\\\/#breadcrumb\",\"itemListElement\":[{\"@type\":\"ListItem\",\"position\":1,\"name\":\"Hjem\",\"item\":\"https:\\\/\\\/www.interforce.dk\\\/\"},{\"@type\":\"ListItem\",\"position\":2,\"name\":\"Hvad er InterForce?\"}]},{\"@type\":\"WebSite\",\"@id\":\"https:\\\/\\\/www.interforce.dk\\\/#website\",\"url\":\"https:\\\/\\\/www.interforce.dk\\\/\",\"name\":\"InterForce\",\"description\":\"\",\"potentialAction\":[{\"@type\":\"SearchAction\",\"target\":{\"@type\":\"EntryPoint\",\"urlTemplate\":\"https:\\\/\\\/www.interforce.dk\\\/?s={search_term_string}\"},\"query-input\":{\"@type\":\"PropertyValueSpecification\",\"valueRequired\":true,\"valueName\":\"search_term_string\"}}],\"inLanguage\":\"en-GB\"}]}<\/script>\n<!-- \/ Yoast SEO plugin. -->","yoast_head_json":{"title":"Hvad er InterForce? - InterForce","robots":{"index":"index","follow":"follow","max-snippet":"max-snippet:-1","max-image-preview":"max-image-preview:large","max-video-preview":"max-video-preview:-1"},"canonical":"https:\/\/www.interforce.dk\/en\/om-interforce\/","og_locale":"en_GB","og_type":"article","og_title":"Hvad er InterForce? - InterForce","og_description":"InterForce er en enhed i Forsvarskommandoen. Vi arbejder p\u00e5 at skabe opbakning i den civile sektor til Kongerigets forsvar og beredskab. Konkret arbejder vi for, at virksomheder i Kongeriget giver deres medarbejdere fri til at g\u00f8re tjeneste i uniform. Enten i Reserven eller som frivillige i Hjemmev\u00e6rnet, Beredskabsstyrelsen eller Kystredningstjenesten. Det kan v\u00e6re til uddannelse, &hellip;","og_url":"https:\/\/www.interforce.dk\/en\/om-interforce\/","og_site_name":"InterForce","article_modified_time":"2026-03-20T12:57:51+00:00","og_image":[{"width":1200,"height":800,"url":"https:\/\/www.interforce.dk\/app\/uploads\/2022\/12\/Forsidebillede-civilt.jpg","type":"image\/jpeg"}],"twitter_card":"summary_large_image","twitter_misc":{"Est. reading time":"2 minutes"},"schema":{"@context":"https:\/\/schema.org","@graph":[{"@type":"WebPage","@id":"https:\/\/www.interforce.dk\/om-interforce\/","url":"https:\/\/www.interforce.dk\/om-interforce\/","name":"Hvad er InterForce? - InterForce","isPartOf":{"@id":"https:\/\/www.interforce.dk\/#website"},"primaryImageOfPage":{"@id":"https:\/\/www.interforce.dk\/om-interforce\/#primaryimage"},"image":{"@id":"https:\/\/www.interforce.dk\/om-interforce\/#primaryimage"},"thumbnailUrl":"https:\/\/www.interforce.dk\/app\/uploads\/2022\/12\/Forsidebillede-civilt.jpg","datePublished":"2018-12-18T15:25:55+00:00","dateModified":"2026-03-20T12:57:51+00:00","breadcrumb":{"@id":"https:\/\/www.interforce.dk\/om-interforce\/#breadcrumb"},"inLanguage":"en-GB","potentialAction":[{"@type":"ReadAction","target":["https:\/\/www.interforce.dk\/om-interforce\/"]}]},{"@type":"ImageObject","inLanguage":"en-GB","@id":"https:\/\/www.interforce.dk\/om-interforce\/#primaryimage","url":"https:\/\/www.interforce.dk\/app\/uploads\/2022\/12\/Forsidebillede-civilt.jpg","contentUrl":"https:\/\/www.interforce.dk\/app\/uploads\/2022\/12\/Forsidebillede-civilt.jpg","width":1200,"height":800},{"@type":"BreadcrumbList","@id":"https:\/\/www.interforce.dk\/om-interforce\/#breadcrumb","itemListElement":[{"@type":"ListItem","position":1,"name":"Hjem","item":"https:\/\/www.interforce.dk\/"},{"@type":"ListItem","position":2,"name":"Hvad er InterForce?"}]},{"@type":"WebSite","@id":"https:\/\/www.interforce.dk\/#website","url":"https:\/\/www.interforce.dk\/","name":"InterForce","description":"","potentialAction":[{"@type":"SearchAction","target":{"@type":"EntryPoint","urlTemplate":"https:\/\/www.interforce.dk\/?s={search_term_string}"},"query-input":{"@type":"PropertyValueSpecification","valueRequired":true,"valueName":"search_term_string"}}],"inLanguage":"en-GB"}]}},"_links":{"self":[{"href":"https:\/\/www.interforce.dk\/en\/wp-json\/wp\/v2\/pages\/140","targetHints":{"allow":["GET"]}}],"collection":[{"href":"https:\/\/www.interforce.dk\/en\/wp-json\/wp\/v2\/pages"}],"about":[{"href":"https:\/\/www.interforce.dk\/en\/wp-json\/wp\/v2\/types\/page"}],"author":[{"embeddable":true,"href":"https:\/\/www.interforce.dk\/en\/wp-json\/wp\/v2\/users\/2"}],"replies":[{"embeddable":true,"href":"https:\/\/www.interforce.dk\/en\/wp-json\/wp\/v2\/comments?post=140"}],"version-history":[{"count":37,"href":"https:\/\/www.interforce.dk\/en\/wp-json\/wp\/v2\/pages\/140\/revisions"}],"predecessor-version":[{"id":18369,"href":"https:\/\/www.interforce.dk\/en\/wp-json\/wp\/v2\/pages\/140\/revisions\/18369"}],"wp:featuredmedia":[{"embeddable":true,"href":"https:\/\/www.interforce.dk\/en\/wp-json\/wp\/v2\/media\/13251"}],"wp:attachment":[{"href":"https:\/\/www.interforce.dk\/en\/wp-json\/wp\/v2\/media?parent=140"}],"curies":[{"name":"wp","href":"https:\/\/api.w.org\/{rel}","templated":true}]}}