{"id":10727,"date":"2020-11-16T12:17:20","date_gmt":"2020-11-16T12:17:20","guid":{"rendered":"http:\/\/www.interforce.dk\/?page_id=10727"},"modified":"2024-09-02T10:01:12","modified_gmt":"2024-09-02T10:01:12","slug":"terms-conditions","status":"publish","type":"page","link":"https:\/\/www.interforce.dk\/en\/terms-conditions\/","title":{"rendered":"Vilk\u00e5r og betingelser"},"content":{"rendered":"<div class=\"block core-block core-block--paragraph\">\n      <div class=\"inner inner--small\">\n      \n<p>N\u00e5r I bliver medlemmer af InterForce, viser I, at I st\u00f8tter op om Danmarks sikkerhed. For I viser, at I st\u00f8tter jeres ansatte, der er medlem af Reservestyrken.<\/p>\n\n      <\/div>\n  <\/div>\n<div class=\"block core-block core-block--paragraph\">\n      <div class=\"inner inner--small\">\n      \n<p>Det vil sige ansatte, der ved siden af deres job hos jer ogs\u00e5 tilh\u00f8rer Reserven eller er frivillige i Hjemmev\u00e6rnet, Beredskabsstyrelsen eller Kystredningstjenesten.<\/p>\n\n      <\/div>\n  <\/div>\n<div class=\"block core-block core-block--paragraph\">\n      <div class=\"inner inner--small\">\n      \n<p>Som medlemsvirksomhed viser I, at I er \u00e5bne for, at disse ansatte kan stille op, n\u00e5r Danmark kalder p\u00e5 dem. Det kan v\u00e6re til uddannelse, s\u00f8redning, l\u00f8sning af nationale opgaver, bidrag til katastrofeberedskab og deltagelse i internationale missioner m.m.<br><br><strong>Jeres st\u00f8tte til InterForce p\u00e5l\u00e6gger jer ikke som arbejdsgiver juridiske eller \u00f8konomiske forpligtelser, ud over hvad der allerede f\u00f8lger af lovgivning.<\/strong><br><br>Som virksomhed er I indforst\u00e5et med, at jeres st\u00f8tte til InterForce m\u00e5 publiceres, herunder p\u00e5 InterForces hjemmeside.<br><br>I er ogs\u00e5 indforst\u00e5ede med, at InterForce lejlighedsvis sender nyhedsbreve, invitationer til arrangementer og lignende information. I vil altid kunne framelde disse nyhedsbreve og invitationer.<\/p>\n\n      <\/div>\n  <\/div>","protected":false},"excerpt":{"rendered":"N\u00e5r I bliver medlemmer af InterForce, viser I, at I st\u00f8tter op om Danmarks sik...","protected":false},"author":2,"featured_media":0,"parent":0,"menu_order":0,"comment_status":"closed","ping_status":"closed","template":"","meta":{"_acf_changed":false,"footnotes":""},"class_list":["post-10727","page","type-page","status-publish","hentry"],"acf":[],"yoast_head":"<!-- This site is optimized with the Yoast SEO plugin v27.3 - https:\/\/yoast.com\/product\/yoast-seo-wordpress\/ -->\n<title>Vilk\u00e5r og betingelser - InterForce<\/title>\n<meta name=\"robots\" content=\"index, follow, max-snippet:-1, max-image-preview:large, max-video-preview:-1\" \/>\n<link rel=\"canonical\" href=\"https:\/\/www.interforce.dk\/en\/terms-conditions\/\" \/>\n<meta property=\"og:locale\" content=\"en_GB\" \/>\n<meta property=\"og:type\" content=\"article\" \/>\n<meta property=\"og:title\" content=\"Vilk\u00e5r og betingelser - InterForce\" \/>\n<meta property=\"og:description\" content=\"N\u00e5r I bliver medlemmer af InterForce, viser I, at I st\u00f8tter op om Danmarks sikkerhed. For I viser, at I st\u00f8tter jeres ansatte, der er medlem af Reservestyrken. Det vil sige ansatte, der ved siden af deres job hos jer ogs\u00e5 tilh\u00f8rer Reserven eller er frivillige i Hjemmev\u00e6rnet, Beredskabsstyrelsen eller Kystredningstjenesten. Som medlemsvirksomhed viser I, &hellip;\" \/>\n<meta property=\"og:url\" content=\"https:\/\/www.interforce.dk\/en\/terms-conditions\/\" \/>\n<meta property=\"og:site_name\" content=\"InterForce\" \/>\n<meta property=\"article:modified_time\" content=\"2024-09-02T10:01:12+00:00\" \/>\n<meta name=\"twitter:card\" content=\"summary_large_image\" \/>\n<meta name=\"twitter:label1\" content=\"Est. reading time\" \/>\n\t<meta name=\"twitter:data1\" content=\"1 minute\" \/>\n<script type=\"application\/ld+json\" class=\"yoast-schema-graph\">{\"@context\":\"https:\\\/\\\/schema.org\",\"@graph\":[{\"@type\":\"WebPage\",\"@id\":\"https:\\\/\\\/www.interforce.dk\\\/terms-conditions\\\/\",\"url\":\"https:\\\/\\\/www.interforce.dk\\\/terms-conditions\\\/\",\"name\":\"Vilk\u00e5r og betingelser - InterForce\",\"isPartOf\":{\"@id\":\"https:\\\/\\\/www.interforce.dk\\\/#website\"},\"datePublished\":\"2020-11-16T12:17:20+00:00\",\"dateModified\":\"2024-09-02T10:01:12+00:00\",\"breadcrumb\":{\"@id\":\"https:\\\/\\\/www.interforce.dk\\\/terms-conditions\\\/#breadcrumb\"},\"inLanguage\":\"en-GB\",\"potentialAction\":[{\"@type\":\"ReadAction\",\"target\":[\"https:\\\/\\\/www.interforce.dk\\\/terms-conditions\\\/\"]}]},{\"@type\":\"BreadcrumbList\",\"@id\":\"https:\\\/\\\/www.interforce.dk\\\/terms-conditions\\\/#breadcrumb\",\"itemListElement\":[{\"@type\":\"ListItem\",\"position\":1,\"name\":\"Hjem\",\"item\":\"https:\\\/\\\/www.interforce.dk\\\/\"},{\"@type\":\"ListItem\",\"position\":2,\"name\":\"Vilk\u00e5r og betingelser\"}]},{\"@type\":\"WebSite\",\"@id\":\"https:\\\/\\\/www.interforce.dk\\\/#website\",\"url\":\"https:\\\/\\\/www.interforce.dk\\\/\",\"name\":\"InterForce\",\"description\":\"\",\"potentialAction\":[{\"@type\":\"SearchAction\",\"target\":{\"@type\":\"EntryPoint\",\"urlTemplate\":\"https:\\\/\\\/www.interforce.dk\\\/?s={search_term_string}\"},\"query-input\":{\"@type\":\"PropertyValueSpecification\",\"valueRequired\":true,\"valueName\":\"search_term_string\"}}],\"inLanguage\":\"en-GB\"}]}<\/script>\n<!-- \/ Yoast SEO plugin. -->","yoast_head_json":{"title":"Vilk\u00e5r og betingelser - InterForce","robots":{"index":"index","follow":"follow","max-snippet":"max-snippet:-1","max-image-preview":"max-image-preview:large","max-video-preview":"max-video-preview:-1"},"canonical":"https:\/\/www.interforce.dk\/en\/terms-conditions\/","og_locale":"en_GB","og_type":"article","og_title":"Vilk\u00e5r og betingelser - InterForce","og_description":"N\u00e5r I bliver medlemmer af InterForce, viser I, at I st\u00f8tter op om Danmarks sikkerhed. For I viser, at I st\u00f8tter jeres ansatte, der er medlem af Reservestyrken. Det vil sige ansatte, der ved siden af deres job hos jer ogs\u00e5 tilh\u00f8rer Reserven eller er frivillige i Hjemmev\u00e6rnet, Beredskabsstyrelsen eller Kystredningstjenesten. Som medlemsvirksomhed viser I, &hellip;","og_url":"https:\/\/www.interforce.dk\/en\/terms-conditions\/","og_site_name":"InterForce","article_modified_time":"2024-09-02T10:01:12+00:00","twitter_card":"summary_large_image","twitter_misc":{"Est. reading time":"1 minute"},"schema":{"@context":"https:\/\/schema.org","@graph":[{"@type":"WebPage","@id":"https:\/\/www.interforce.dk\/terms-conditions\/","url":"https:\/\/www.interforce.dk\/terms-conditions\/","name":"Vilk\u00e5r og betingelser - InterForce","isPartOf":{"@id":"https:\/\/www.interforce.dk\/#website"},"datePublished":"2020-11-16T12:17:20+00:00","dateModified":"2024-09-02T10:01:12+00:00","breadcrumb":{"@id":"https:\/\/www.interforce.dk\/terms-conditions\/#breadcrumb"},"inLanguage":"en-GB","potentialAction":[{"@type":"ReadAction","target":["https:\/\/www.interforce.dk\/terms-conditions\/"]}]},{"@type":"BreadcrumbList","@id":"https:\/\/www.interforce.dk\/terms-conditions\/#breadcrumb","itemListElement":[{"@type":"ListItem","position":1,"name":"Hjem","item":"https:\/\/www.interforce.dk\/"},{"@type":"ListItem","position":2,"name":"Vilk\u00e5r og betingelser"}]},{"@type":"WebSite","@id":"https:\/\/www.interforce.dk\/#website","url":"https:\/\/www.interforce.dk\/","name":"InterForce","description":"","potentialAction":[{"@type":"SearchAction","target":{"@type":"EntryPoint","urlTemplate":"https:\/\/www.interforce.dk\/?s={search_term_string}"},"query-input":{"@type":"PropertyValueSpecification","valueRequired":true,"valueName":"search_term_string"}}],"inLanguage":"en-GB"}]}},"_links":{"self":[{"href":"https:\/\/www.interforce.dk\/en\/wp-json\/wp\/v2\/pages\/10727","targetHints":{"allow":["GET"]}}],"collection":[{"href":"https:\/\/www.interforce.dk\/en\/wp-json\/wp\/v2\/pages"}],"about":[{"href":"https:\/\/www.interforce.dk\/en\/wp-json\/wp\/v2\/types\/page"}],"author":[{"embeddable":true,"href":"https:\/\/www.interforce.dk\/en\/wp-json\/wp\/v2\/users\/2"}],"replies":[{"embeddable":true,"href":"https:\/\/www.interforce.dk\/en\/wp-json\/wp\/v2\/comments?post=10727"}],"version-history":[{"count":3,"href":"https:\/\/www.interforce.dk\/en\/wp-json\/wp\/v2\/pages\/10727\/revisions"}],"predecessor-version":[{"id":16336,"href":"https:\/\/www.interforce.dk\/en\/wp-json\/wp\/v2\/pages\/10727\/revisions\/16336"}],"wp:attachment":[{"href":"https:\/\/www.interforce.dk\/en\/wp-json\/wp\/v2\/media?parent=10727"}],"curies":[{"name":"wp","href":"https:\/\/api.w.org\/{rel}","templated":true}]}}